{"id":13110,"date":"2025-09-10T14:00:09","date_gmt":"2025-09-10T14:00:09","guid":{"rendered":"https:\/\/www.hoteltaburiente.com\/?page_id=13110"},"modified":"2025-09-11T09:17:55","modified_gmt":"2025-09-11T09:17:55","slug":"dsgvo","status":"publish","type":"page","link":"https:\/\/www.hoteltaburiente.com\/de\/dsgvo\/","title":{"rendered":"DSGVO"},"content":{"rendered":"<div class=\"wpb-content-wrapper\"><p>[vc_row][vc_column][vc_column_text css=&#8220;.vc_custom_1757582265200{padding-top: 5px !important;}&#8220;]<\/p>\n<div style=\"text-align: justify; padding: 1em 0 2.5em; color: #000;\">Hotel Taburiente S.L. informiert die Nutzer der Website, dass sie die geltende Gesetzgebung bez\u00fcglich des Schutzes, der Privatsph\u00e4re, des Geheimnisses und der Sicherheit personenbezogener Daten respektiert und die erforderlichen technischen und organisatorischen Ma\u00dfnahmen ergreift, um Verlust, Ver\u00e4nderung, Verarbeitung oder unbefugten Zugriff auf diese Daten zu verhindern, unter Ber\u00fccksichtigung des Standes der Technik, der Natur der Daten und der Risiken, denen sie ausgesetzt sind. In diesem Sinne garantiert der Inhaber die Einhaltung der Vorschriften des Gesetzes Org\u00e1nico 3\/2018 vom 5. Dezember \u00fcber den Schutz personenbezogener Daten und zur Gew\u00e4hrleistung digitaler Rechte (LOPD\u2011GDD). Ebenso erf\u00fcllt er die Verordnung (EU) 2016\/679 des Europ\u00e4ischen Parlaments und des Rates vom 27. April 2016 betreffend den Schutz nat\u00fcrlicher Personen (DSGVO).<\/div>\n<h2>Identit\u00e4t des Inhabers<\/h2>\n<div style=\"text-align: justify; padding: 1em 0 2.5em; color: #000;\">\n<ul>\n<li><b>Inhaber:<\/b>\u00a0 Hotel Taburiente S.L.<\/li>\n<li><b>Steuernummer (NIF):<\/b> B38460358. Eingetragen im Handelsregister von Santa Cruz de Tenerife, Band 1519, Blatt 71, Blatt\u2011Nr. TF\u201115460, Eintragung 1\u00aa, Datum 28. August 1997.<\/li>\n<li><b>Sitz der Gesellschaft:<\/b>\u00a0 C\/ Dr. Jos\u00e9 Naveiras 24 A. CP 38001 Santa Cruz de Tenerife.<\/li>\n<li><b>E-Mail:<\/b>\u00a0 <a href=\"mailto:direccion@hoteltaburiente.com\">direccion@hoteltaburiente.com<\/a><\/li>\n<li><b>Kontakttelefon:<\/b>\u00a0 +34 922 27 60 00<\/li>\n<li><b>Webseite:<\/b>\u00a0 <a href=\"https:\/\/www.hoteltaburiente.com\/de\/\">https:\/\/www.hoteltaburiente.com<\/a><\/li>\n<\/ul>\n<\/div>\n<h2>Grunds\u00e4tze der Datenverarbeitung<\/h2>\n<div style=\"text-align: justify; padding: 1em 0 2.5em; color: #000;\">\n<p>Folgende Grunds\u00e4tze werden in \u00dcbereinstimmung mit den Anforderungen der Datenschutz\u2011Grundverordnung (DSGVO) angewandt:<\/p>\n<ul>\n<li><strong>Grundsatz der Rechtm\u00e4\u00dfigkeit, Treu und Glauben und Transparenz:<\/strong> Der Inhaber wird stets die Einwilligung f\u00fcr die Verarbeitung personenbezogener Daten einholen. Diese Daten d\u00fcrfen f\u00fcr einen oder mehrere bestimmte Zwecke verwendet werden, \u00fcber die der Inhaber den Nutzer im Vorfeld transparent informiert.<\/li>\n<li><strong>Datenminimierung:<\/strong> Der Inhaber wird nur solche Daten erfragen, die f\u00fcr den bzw. die konkreten Zweck(e) unbedingt erforderlich sind.<\/li>\n<li><strong>Grundsatz der Begrenzung der Speicherdauer:<\/strong> Der Inhaber speichert die erhobenen personenbezogenen Daten nur so lange, wie es f\u00fcr den bzw. die Verarbeitungszweck(e) unbedingt notwendig ist. Der Inhaber informiert den Nutzer \u00fcber die jeweilige Speicherdauer entsprechend des Zwecks. Im Fall von Abonnements wird der Inhaber die Listen regelm\u00e4\u00dfig \u00fcberpr\u00fcfen und inaktive Eintr\u00e4ge, die \u00fcber eine l\u00e4ngere Zeit bestehen, l\u00f6schen.<\/li>\n<li><strong>Grundsatz der Integrit\u00e4t und Vertraulichkeit:<\/strong> Die erhobenen personenbezogenen Daten werden so behandelt, dass deren Sicherheit, Vertraulichkeit und Integrit\u00e4t gew\u00e4hrleistet ist. Der Inhaber trifft notwendige Vorsichtsma\u00dfnahmen, um unbefugten Zugriff oder missbr\u00e4uchliche Nutzung der Daten seiner Nutzer durch Dritte zu vermeiden.<\/li>\n<\/ul>\n<\/div>\n<h2>Erhebung personenbezogener Daten<\/h2>\n<div style=\"text-align: justify; padding: 1em 0 2.5em; color: #000;\">\n<p>\u00fcr die blo\u00dfe Navigation auf der Website ist es nicht erforderlich, personenbezogene Daten bereitzustellen. Ausnahmen bestehen in folgenden F\u00e4llen:<\/p>\n<ul>\n<li>Bei Anmeldung \u00fcber ein Aboformular oder einen Newsletter, den der Inhaber \u00fcber MailChimp verwaltet.<\/li>\n<\/ul>\n<\/div>\n<h2>Rechte<\/h2>\n<div style=\"text-align: justify; padding: 1em 0 2.5em; color: #000;\">\n<p>Sie k\u00f6nnen jederzeit verlangen:<\/p>\n<ul>\n<li>Zugang zu den gespeicherten Daten verlangen.<\/li>\n<li>Berichtigung oder L\u00f6schung verlangen.<\/li>\n<li>Einschr\u00e4nkung der Verarbeitung verlangen.<\/li>\n<li>Widerspruch gegen die Verarbeitung erheben.<\/li>\n<li>\u00dcbertragbarkeit der Daten verlangen.<\/li>\n<\/ul>\n<p>Die Aus\u00fcbung dieser Rechte ist pers\u00f6nlich und muss daher direkt von der betroffenen Person gegen\u00fcber dem Inhaber geltend gemacht werden. Jeder Kunde, Abonnent oder Mitarbeiter, der seine Daten zu irgendeinem Zeitpunkt bereitgestellt hat, kann Auskunft \u00fcber die gespeicherten Daten und wie sie erhalten wurden verlangen, deren Berichtigung, \u00dcbertragbarkeit, Widerspruch, Einschr\u00e4nkung der Nutzung oder deren L\u00f6schung aus den Dateien des Inhabers verlangen. Es sind nicht enthalten jene Daten, die der Inhaber aus administrativen, gesetzlichen oder sicherheitsbezogenen Gr\u00fcnden aufbewahren muss. Sie m\u00fcssen Ihren Antrag zusammen mit einer Kopie Ihres Personalausweises (oder gleichwertiges Dokument) senden an: <a href=\"mailto:direccion@hoteltaburiente.com\">direccion@hoteltaburiente.com<\/a>.<br \/>\nSie haben das Recht auf wirksamen gerichtlichen Rechtsschutz und eine Beschwerde bei der zust\u00e4ndigen Aufsichtsbeh\u00f6rde einzureichen, in diesem Fall die Spanische Datenschutzbeh\u00f6rde, falls Sie der Ansicht sind, dass die Verarbeitung personenbezogener Daten, die Sie betreffen, gegen die Verordnung verst\u00f6\u00dft.<\/p>\n<\/div>\n<h2 id=\"finalidad-del-tratamiento-de-datos-personales\">Zweck der Verarbeitung personenbezogener Daten<\/h2>\n<div style=\"text-align: justify; padding: 1em 0 2.5em; color: #000;\">\n<p>Wenn Sie sich mit der Website verbinden und ein Formular absenden, stellen Sie personenbezogene Informationen bereit. Diese Informationen k\u00f6nnen Daten wie Ihre IP\u2011Adresse, Ihren Namen und Nachnamen, Ihre Postanschrift, Ihre E\u2011Mail\u2011Adresse, Telefonnummer usw. umfassen. Damit geben Sie Ihre Einwilligung, dass Ihre Informationen von Axarnet erhoben, verwendet, bearbeitet und gespeichert werden d\u00fcrfen.<br \/>\nDie einzigen personenbezogenen Daten, auf die Hotel Taburiente S.L. Zugriff hat, sind jene, die der Nutzer freiwillig bereitstellt. In diesem Sinne ist es notwendig, dass der Nutzer wei\u00df, dass bei Reservierungen \u00fcber unsere Website personenbezogene Daten verlangt werden, deren Mit\u00adgabe seine ausdr\u00fcckliche Zustimmung zur Aufnahme in eine automatisierte Datei im Besitz des Hotels impliziert. Mit Ausnahme jener Daten, deren Ausf\u00fcllung als \u201eoptional\u201c gekennzeichnet ist, sind alle \u00fcbrigen verpflichtend, und das Fehlen eines dieser Daten verhindert die Bearbeitung Ihrer Anfrage.<br \/>\nDiese Daten werden mit dem Zweck verarbeitet, Ihre Reservierungsanfrage zu verwalten. Sofern Sie nichts anderes angeben, d\u00fcrfen Ihre Daten auch f\u00fcr Werbezwecke verwendet werden, um Sie \u00fcber Dienstleistungen und Angebote zu informieren. Hotel Taburiente S.L. f\u00fchrt kommerzielle Mitteilungen per E\u2011Mail und Instant\u2011Messaging (WhatsApp) durch. Daher wird die E\u2011Mail\u2011Adresse oder Telefonnummer, die Sie uns bei Ihrer Reservierung oder bei der Nutzung dieses Kommunikationswegs zur Verf\u00fcgung stellen, nur verwendet, um Ihnen zu antworten und, falls eine Genehmigung vorliegt, um Ihnen gew\u00fcnschte Werbebotschaften zuzusenden. Wenn Sie uns Ihre Kontaktdaten \u00fcber WhatsApp zur Verf\u00fcgung stellen, autorisieren Sie uns ausdr\u00fccklich, \u00fcber diesen Weg mit Ihnen zu kommunizieren. Die uns von Ihnen zur Verf\u00fcgung gestellten Kontaktdaten werden mit v\u00f6lliger Vertraulichkeit und in \u00dcbereinstimmung mit den geltenden Vorschriften behandelt.<br \/>\nDie personenbezogenen Daten und der Zweck der Verarbeitung durch den Inhaber unterscheiden sich je nach System der Informations\u00aderfassung:<\/p>\n<ul>\n<li><strong>Abonnement\u2011Formulare f\u00fcr Inhalte:<\/strong> Der Inhaber erfragt personenbezogene Daten wie Namen und Nachnamen, E\u2011Mail\u2011Adresse, Telefonnummer und Webadresse, um die Abonnentenliste zu verwalten, Newsletter, Werbeaktionen und Sonderangebote zu versenden. Die bereitgestellten personenbezogenen Daten werden auf den Servern von The Rocket Science Group LLC d\/b\/a MailChimp mit Sitz in den USA gespeichert.<\/li>\n<\/ul>\n<p>Es bestehen weitere Zwecke, zu denen der Inhaber personenbezogene Daten verarbeitet:<\/p>\n<ul>\n<li><strong>Zur Gew\u00e4hrleistung der Einhaltung der in der geltenden<\/strong> Gesetzgebung niedergelegten Bedingungen. Dies kann die Entwicklung von Werkzeugen und Algorithmen einschlie\u00dfen, die der Website helfen, die Vertraulichkeit der erhobenen personenbezogenen Daten sicherzustellen.<\/li>\n<li><strong>Zur Unterst\u00fctzung und Verbesserung der Dienstleistungen<\/strong>, die diese Website bietet.<\/li>\n<li><strong>Verwaltung der sozialen Netzwerke.<\/strong> Der Inhaber ist in sozialen Netzwerken aktiv. Wenn Sie Follower werden, unterliegt die Verarbeitung Ihrer personenbezogenen Daten diesem Abschnitt sowie den Nutzungsbedingungen, Datenschutzrichtlinien und Zugangsbestimmungen des jeweiligen sozialen Netzwerks, denen Sie zuvor zugestimmt haben. Sie k\u00f6nnen die Datenschutzrichtlinien der sozialen Netzwerke unter folgenden Links einsehen:\n<ul>\n<li><a href=\"https:\/\/www.facebook.com\/help\/cookies\" target=\"_blank\" rel=\"nofollow noopener\">Facebook<\/a><\/li>\n<li><a href=\"https:\/\/www.linkedin.com\/legal\/cookie-policy\" target=\"_blank\" rel=\"nofollow noopener\">Linkedin<\/a><\/li>\n<li><a href=\"https:\/\/www.youtube.com\/privacy\" target=\"_blank\" rel=\"nofollow noopener\">YouTube<\/a><\/li>\n<li><a href=\"https:\/\/www.instagram.com\/legal\/privacy\/\" target=\"_blank\" rel=\"nofollow noopener\">Instagram<\/a><\/li>\n<\/ul>\n<p>Der Inhaber verarbeitet Ihre personenbezogenen Daten mit dem Ziel, seine Pr\u00e4senz im sozialen Netzwerk ordnungsgem\u00e4\u00df zu verwalten, Sie \u00fcber seine Aktivit\u00e4ten zu informieren sowie f\u00fcr jeden weiteren Zweck, den die Regeln des jeweiligen sozialen Netzwerks zulassen. In keinem Fall wird der Inhaber die Profile der Follower in sozialen Netzwerken dazu verwenden, individuelle Werbung zu versenden.<\/li>\n<\/ul>\n<\/div>\n<h2>Sicherheit personenbezogener Daten<\/h2>\n<div style=\"text-align: justify; padding: 1em 0 2.5em; color: #000;\">Um Ihre personenbezogenen Daten zu sch\u00fctzen, ergreift der Inhaber alle zumutbaren Vorsichtsma\u00dfnahmen und folgt den bew\u00e4hrten Verfahren der Branche, um deren Verlust, Missbrauch, unbefugten Zugriff, Offenlegung, Ver\u00e4nderung oder Zerst\u00f6rung zu vermeiden.<br data-start=\"8366\" data-end=\"8369\" \/>Die Website wird auf Servern von Axarnet gehostet. Die Datensicherheit ist gew\u00e4hrleistet, da alle erforderlichen Sicherheitsma\u00dfnahmen getroffen wurden. Weitere Informationen k\u00f6nnen Sie der Datenschutzerkl\u00e4rung entnehmen.<\/div>\n<h2>Inhalte anderer Websites<\/h2>\n<div style=\"text-align: justify; padding: 1em 0 2.5em; color: #000;\">Seiten dieser Website k\u00f6nnen eingebettete Inhalte (Videos, Bilder, Artikel usw.) anderer Webseiten enthalten. Inhalte, die von anderen Websites eingebettet sind, verhalten sich genauso, als h\u00e4tten Sie diese Seite direkt besucht. Sie k\u00f6nnen Daten \u00fcber Sie sammeln, Cookies nutzen, zus\u00e4tzlichen Tracking\u2011Code Dritter einbetten und Ihre Interaktion mit diesem Code \u00fcberwachen.<\/div>\n<h2>Cookie\u2011Richtlinie<\/h2>\n<div style=\"text-align: justify; padding: 1em 0 2.5em; color: #000;\">Damit diese Website korrekt funktioniert, m\u00fcssen Cookies verwendet werden. Um unsere Richtlinie dazu einzusehen, klicken <a href=\"https:\/\/www.hoteltaburiente.com\/de\/cookie-richtlinie\/\">Sie bitte hier.<\/a>.<\/div>\n<h2>Rechtsgrundlage f\u00fcr die Datenverarbeitung<\/h2>\n<div style=\"text-align: justify; padding: 1em 0 2.5em; color: #000;\">Die rechtliche Grundlage f\u00fcr die Verarbeitung Ihrer Daten ist die Einwilligung der betroffenen Person.<\/div>\n<h2>Kategorien personenbezogener Daten<\/h2>\n<div style=\"text-align: justify; padding: 1em 0 2.5em; color: #000;\">Die Kategorien personenbezogener Daten, die der Inhaber verarbeitet, sind: Identifikationsdaten, und es werden keine besonders gesch\u00fctzten Datenkategorien verarbeitet.<\/div>\n<h2>Aufbewahrung personenbezogener Daten<\/h2>\n<div style=\"text-align: justify; padding: 1em 0 2.5em; color: #000;\">Die dem Inhaber bereitgestellten personenbezogenen Daten werden so lange aufbewahrt, bis Sie deren L\u00f6schung verlangen.<\/div>\n<h2 id=\"destinatarios\">Empf\u00e4nger personenbezogener Daten<\/h2>\n<div style=\"text-align: justify; padding: 1em 0 2.5em; color: #000;\">\n<ul>\n<li><b>Mailchimp.<\/b> The Rocket Science Group LLC d\/b\/a , mit Sitz in den USA.<br \/>\nWeitere Informationen unter: <a href=\"https:\/\/mailchimp.com\/legal\/privacy\/\" target=\"_blank\" rel=\"nofollow noopener\">https:\/\/mailchimp.com<\/a><br \/>\nVerarbeitet die Daten mit dem Zweck, dem Inhaber Dienstleistungen im Bereich E\u2011Mail\u2011Marketing bereitzustellen.<\/li>\n<li><b>Google Analytics<\/b>\u00a0ist ein Web\u2011Analyse\u2011Dienst von Google, Inc., einer Gesellschaft aus Delaware mit Hauptsitz in 1600 Amphitheatre Parkway, Mountain View (Kalifornien) CA 94043, USA.<br data-start=\"10146\" data-end=\"10149\" \/>Er verwendet Cookies, um dem Inhaber dabei zu helfen, die Nutzung der Website durch die Nutzer zu analysieren. Die generierten Informationen (einschlie\u00dflich der IP\u2011Adresse) werden direkt an Google \u00fcbermittelt und auf Servern in den Vereinigten Staaten gespeichert.<br \/>\nWeitere Informationen unter: <a href=\"https:\/\/policies.google.com\/privacy?hl=es-ES\" target=\"_blank\" rel=\"nofollow noopener\">https:\/\/analytics.google.com<\/a><\/li>\n<\/ul>\n<p>Sie k\u00f6nnen nachlesen, wie Google den Datenschutz handhabt unter: <a href=\"https:\/\/policies.google.com\/privacy?hl=de\" target=\"_blank\" rel=\"nofollow noopener\">https:\/\/policies.google.com\/privacy?hl=de<\/a><br \/>\nSie k\u00f6nnen auch eine Liste der von Google und seinen Partnern verwendeten Cookie\u2011Typen sehen und alle Informationen bez\u00fcglich ihrer Verwendung in der Werbung in:<\/p>\n<ul>\n<li><a href=\"https:\/\/policies.google.com\/technologies\/types?hl=es\" target=\"_blank\" rel=\"nofollow noopener\">Cookie-Typen, die Google verwendet<\/a><\/li>\n<li><a href=\"https:\/\/policies.google.com\/technologies\/ads?hl=es\" target=\"_blank\" rel=\"nofollow noopener\">Wie Google Cookies in der Werbung verwendet<\/a><\/li>\n<\/ul>\n<\/div>\n<h2>Web\u2011Navigation<\/h2>\n<div style=\"text-align: justify; padding: 1em 0 2.5em; color: #000;\">W\u00e4hrend des Surfens auf der Website k\u00f6nnen nicht identifizierende Daten gesammelt werden, die beispielsweise IP\u2011Adresse, Geolokalisierung, eine Aufzeichnung dar\u00fcber, wie Dienste und Seiten genutzt werden, Surfgewohnheiten und andere Daten umfassen, die nicht zur Identifizierung Ihrer Person verwendet werden k\u00f6nnen. Die Website nutzt folgende Dienste zur Analyse durch Dritte: Google Analytics.<br data-start=\"11255\" data-end=\"11258\" \/>Der Inhaber verwendet die gewonnenen Informationen f\u00fcr Statistiken, Trends, Administration der Website, Untersuchung von Surfverhalten und Sammlung demografischer Daten. Er \u00fcbernimmt keine Verantwortung f\u00fcr die Verarbeitung personenbezogener Daten durch Webseiten, auf die Sie \u00fcber verschiedene Links, die diese Seite enth\u00e4lt, zugreifen k\u00f6nnen.<\/div>\n<h2>Genauigkeit und Wahrhaftigkeit der personenbezogenen Daten<\/h2>\n<div style=\"text-align: justify; padding: 1em 0 2.5em; color: #000;\">Der Nutzer garantiert, dass die dem Hotel Taburiente S.L. \u00fcbermittelten personenbezogenen Daten wahr, korrekt und vollst\u00e4ndig sind, und verpflichtet sich, jegliche \u00c4nderungen dieser Daten mitzuteilen, wodurch der Inhaber in dieser Hinsicht freigestellt wird.<br data-start=\"11927\" data-end=\"11930\" \/>Falls der Nutzer personenbezogene Daten Dritter angibt, muss er diese Personen zuvor \u00fcber die oben genannten Bestimmungen informieren.<\/div>\n<h2>Akzeptanz und Einwilligung<\/h2>\n<div style=\"text-align: justify; padding: 1em 0 2.5em; color: #000;\">Als Nutzer der Website erkl\u00e4ren Sie, \u00fcber die Bedingungen bez\u00fcglich des Schutzes personenbezogener Daten informiert worden zu sein, akzeptieren und stimmen Sie der Verarbeitung derselben durch den Inhaber in der hier beschriebenen Form und zu den genannten Zwecken zu. Der Zugriff auf oder die Nutzung dieser Website durch den Nutzer impliziert seine Zustimmung und somit die Annahme der oben dargestellten Bedingungen.<\/div>\n<h2>\u00c4nderungen der Datenschutzrichtlinie<\/h2>\n<div style=\"text-align: justify; padding: 1em 0 0; color: #000;\">Der Inhaber beh\u00e4lt sich das Recht vor, dieses Dokument zu \u00e4ndern, um es an neue gesetzliche oder jurisprudentielle Entwicklungen sowie an Branchenpraktiken anzupassen.<br data-start=\"12730\" data-end=\"12733\" \/>Diese Richtlinie ist g\u00fcltig, bis sie durch eine ordnungsgem\u00e4\u00df ver\u00f6ffentlichte neue ersetzt wird.<\/div>\n<p>[\/vc_column_text][\/vc_column][\/vc_row]<\/p>\n<\/div>","protected":false},"excerpt":{"rendered":"<p>[vc_row][vc_column][vc_column_text css=&#8220;.vc_custom_1757582265200{padding-top: 5px !important;}&#8220;] Hotel Taburiente S.L. informiert die Nutzer der Website, dass sie die geltende Gesetzgebung bez\u00fcglich des Schutzes, der Privatsph\u00e4re, des Geheimnisses und der Sicherheit personenbezogener Daten respektiert und die erforderlichen technischen und organisatorischen Ma\u00dfnahmen ergreift, um Verlust, Ver\u00e4nderung, Verarbeitung oder unbefugten Zugriff auf diese Daten zu verhindern, unter Ber\u00fccksichtigung des Standes der [&hellip;]<\/p>\n","protected":false},"author":12,"featured_media":0,"parent":0,"menu_order":0,"comment_status":"closed","ping_status":"closed","template":"","meta":{"_joinchat":[],"footnotes":""},"class_list":["post-13110","page","type-page","status-publish","hentry"],"yoast_head":"<!-- This site is optimized with the Yoast SEO Premium plugin v22.7 (Yoast SEO v27.5) - https:\/\/yoast.com\/product\/yoast-seo-premium-wordpress\/ -->\n<title>DSGVO - Hotel Taburiente<\/title>\n<meta name=\"robots\" content=\"noindex, nofollow\" \/>\n<meta property=\"og:locale\" content=\"de_DE\" \/>\n<meta property=\"og:type\" content=\"article\" \/>\n<meta property=\"og:title\" content=\"DSGVO\" \/>\n<meta property=\"og:description\" content=\"[vc_row][vc_column][vc_column_text css=&#8220;.vc_custom_1757582265200{padding-top: 5px !important;}&#8220;] Hotel Taburiente S.L. informiert die Nutzer der Website, dass sie die geltende Gesetzgebung bez\u00fcglich des Schutzes, der Privatsph\u00e4re, des Geheimnisses und der Sicherheit personenbezogener Daten respektiert und die erforderlichen technischen und organisatorischen Ma\u00dfnahmen ergreift, um Verlust, Ver\u00e4nderung, Verarbeitung oder unbefugten Zugriff auf diese Daten zu verhindern, unter Ber\u00fccksichtigung des Standes der [&hellip;]\" \/>\n<meta property=\"og:url\" content=\"https:\/\/www.hoteltaburiente.com\/de\/dsgvo\/\" \/>\n<meta property=\"og:site_name\" content=\"Hotel Taburiente\" \/>\n<meta property=\"article:publisher\" content=\"https:\/\/www.facebook.com\/hotel.Taburiente.Tenerife\" \/>\n<meta property=\"article:modified_time\" content=\"2025-09-11T09:17:55+00:00\" \/>\n<meta name=\"twitter:card\" content=\"summary_large_image\" \/>\n<meta name=\"twitter:site\" content=\"@hoteltaburiente\" \/>\n<meta name=\"twitter:label1\" content=\"Gesch\u00e4tzte Lesezeit\" \/>\n\t<meta name=\"twitter:data1\" content=\"8\u00a0Minuten\" \/>\n<script type=\"application\/ld+json\" class=\"yoast-schema-graph\">{\"@context\":\"https:\\\/\\\/schema.org\",\"@graph\":[{\"@type\":\"WebPage\",\"@id\":\"https:\\\/\\\/www.hoteltaburiente.com\\\/de\\\/dsgvo\\\/\",\"url\":\"https:\\\/\\\/www.hoteltaburiente.com\\\/de\\\/dsgvo\\\/\",\"name\":\"DSGVO - Hotel Taburiente\",\"isPartOf\":{\"@id\":\"https:\\\/\\\/www.hoteltaburiente.com\\\/de\\\/#website\"},\"datePublished\":\"2025-09-10T14:00:09+00:00\",\"dateModified\":\"2025-09-11T09:17:55+00:00\",\"inLanguage\":\"de\",\"potentialAction\":[{\"@type\":\"ReadAction\",\"target\":[\"https:\\\/\\\/www.hoteltaburiente.com\\\/de\\\/dsgvo\\\/\"]}]},{\"@type\":\"WebSite\",\"@id\":\"https:\\\/\\\/www.hoteltaburiente.com\\\/de\\\/#website\",\"url\":\"https:\\\/\\\/www.hoteltaburiente.com\\\/de\\\/\",\"name\":\"Hotel Taburiente\",\"description\":\"Hotel Taburiente en Santa Cruz de Tenerife\",\"publisher\":{\"@id\":\"https:\\\/\\\/www.hoteltaburiente.com\\\/de\\\/#organization\"},\"potentialAction\":[{\"@type\":\"SearchAction\",\"target\":{\"@type\":\"EntryPoint\",\"urlTemplate\":\"https:\\\/\\\/www.hoteltaburiente.com\\\/de\\\/?s={search_term_string}\"},\"query-input\":{\"@type\":\"PropertyValueSpecification\",\"valueRequired\":true,\"valueName\":\"search_term_string\"}}],\"inLanguage\":\"de\"},{\"@type\":\"Organization\",\"@id\":\"https:\\\/\\\/www.hoteltaburiente.com\\\/de\\\/#organization\",\"name\":\"Hotel Taburiente\",\"url\":\"https:\\\/\\\/www.hoteltaburiente.com\\\/de\\\/\",\"logo\":{\"@type\":\"ImageObject\",\"inLanguage\":\"de\",\"@id\":\"https:\\\/\\\/www.hoteltaburiente.com\\\/de\\\/#\\\/schema\\\/logo\\\/image\\\/\",\"url\":\"https:\\\/\\\/www.hoteltaburiente.com\\\/wp-content\\\/uploads\\\/2019\\\/03\\\/logo-hotel-taburiente.png\",\"contentUrl\":\"https:\\\/\\\/www.hoteltaburiente.com\\\/wp-content\\\/uploads\\\/2019\\\/03\\\/logo-hotel-taburiente.png\",\"width\":1500,\"height\":300,\"caption\":\"Hotel Taburiente\"},\"image\":{\"@id\":\"https:\\\/\\\/www.hoteltaburiente.com\\\/de\\\/#\\\/schema\\\/logo\\\/image\\\/\"},\"sameAs\":[\"https:\\\/\\\/www.facebook.com\\\/hotel.Taburiente.Tenerife\",\"https:\\\/\\\/x.com\\\/hoteltaburiente\",\"https:\\\/\\\/www.instagram.com\\\/hoteltaburiente\\\/\",\"https:\\\/\\\/www.linkedin.com\\\/company\\\/1683911\\\/admin\\\/\",\"https:\\\/\\\/www.pinterest.es\\\/hoteltaburiente\\\/\",\"https:\\\/\\\/www.youtube.com\\\/user\\\/HotelTaburiente\"]}]}<\/script>\n<!-- \/ Yoast SEO Premium plugin. -->","yoast_head_json":{"title":"DSGVO - Hotel Taburiente","robots":{"index":"noindex","follow":"nofollow"},"og_locale":"de_DE","og_type":"article","og_title":"DSGVO","og_description":"[vc_row][vc_column][vc_column_text css=&#8220;.vc_custom_1757582265200{padding-top: 5px !important;}&#8220;] Hotel Taburiente S.L. informiert die Nutzer der Website, dass sie die geltende Gesetzgebung bez\u00fcglich des Schutzes, der Privatsph\u00e4re, des Geheimnisses und der Sicherheit personenbezogener Daten respektiert und die erforderlichen technischen und organisatorischen Ma\u00dfnahmen ergreift, um Verlust, Ver\u00e4nderung, Verarbeitung oder unbefugten Zugriff auf diese Daten zu verhindern, unter Ber\u00fccksichtigung des Standes der [&hellip;]","og_url":"https:\/\/www.hoteltaburiente.com\/de\/dsgvo\/","og_site_name":"Hotel Taburiente","article_publisher":"https:\/\/www.facebook.com\/hotel.Taburiente.Tenerife","article_modified_time":"2025-09-11T09:17:55+00:00","twitter_card":"summary_large_image","twitter_site":"@hoteltaburiente","twitter_misc":{"Gesch\u00e4tzte Lesezeit":"8\u00a0Minuten"},"schema":{"@context":"https:\/\/schema.org","@graph":[{"@type":"WebPage","@id":"https:\/\/www.hoteltaburiente.com\/de\/dsgvo\/","url":"https:\/\/www.hoteltaburiente.com\/de\/dsgvo\/","name":"DSGVO - Hotel Taburiente","isPartOf":{"@id":"https:\/\/www.hoteltaburiente.com\/de\/#website"},"datePublished":"2025-09-10T14:00:09+00:00","dateModified":"2025-09-11T09:17:55+00:00","inLanguage":"de","potentialAction":[{"@type":"ReadAction","target":["https:\/\/www.hoteltaburiente.com\/de\/dsgvo\/"]}]},{"@type":"WebSite","@id":"https:\/\/www.hoteltaburiente.com\/de\/#website","url":"https:\/\/www.hoteltaburiente.com\/de\/","name":"Hotel Taburiente","description":"Hotel Taburiente en Santa Cruz de Tenerife","publisher":{"@id":"https:\/\/www.hoteltaburiente.com\/de\/#organization"},"potentialAction":[{"@type":"SearchAction","target":{"@type":"EntryPoint","urlTemplate":"https:\/\/www.hoteltaburiente.com\/de\/?s={search_term_string}"},"query-input":{"@type":"PropertyValueSpecification","valueRequired":true,"valueName":"search_term_string"}}],"inLanguage":"de"},{"@type":"Organization","@id":"https:\/\/www.hoteltaburiente.com\/de\/#organization","name":"Hotel Taburiente","url":"https:\/\/www.hoteltaburiente.com\/de\/","logo":{"@type":"ImageObject","inLanguage":"de","@id":"https:\/\/www.hoteltaburiente.com\/de\/#\/schema\/logo\/image\/","url":"https:\/\/www.hoteltaburiente.com\/wp-content\/uploads\/2019\/03\/logo-hotel-taburiente.png","contentUrl":"https:\/\/www.hoteltaburiente.com\/wp-content\/uploads\/2019\/03\/logo-hotel-taburiente.png","width":1500,"height":300,"caption":"Hotel Taburiente"},"image":{"@id":"https:\/\/www.hoteltaburiente.com\/de\/#\/schema\/logo\/image\/"},"sameAs":["https:\/\/www.facebook.com\/hotel.Taburiente.Tenerife","https:\/\/x.com\/hoteltaburiente","https:\/\/www.instagram.com\/hoteltaburiente\/","https:\/\/www.linkedin.com\/company\/1683911\/admin\/","https:\/\/www.pinterest.es\/hoteltaburiente\/","https:\/\/www.youtube.com\/user\/HotelTaburiente"]}]}},"_links":{"self":[{"href":"https:\/\/www.hoteltaburiente.com\/de\/wp-json\/wp\/v2\/pages\/13110","targetHints":{"allow":["GET"]}}],"collection":[{"href":"https:\/\/www.hoteltaburiente.com\/de\/wp-json\/wp\/v2\/pages"}],"about":[{"href":"https:\/\/www.hoteltaburiente.com\/de\/wp-json\/wp\/v2\/types\/page"}],"author":[{"embeddable":true,"href":"https:\/\/www.hoteltaburiente.com\/de\/wp-json\/wp\/v2\/users\/12"}],"replies":[{"embeddable":true,"href":"https:\/\/www.hoteltaburiente.com\/de\/wp-json\/wp\/v2\/comments?post=13110"}],"version-history":[{"count":0,"href":"https:\/\/www.hoteltaburiente.com\/de\/wp-json\/wp\/v2\/pages\/13110\/revisions"}],"wp:attachment":[{"href":"https:\/\/www.hoteltaburiente.com\/de\/wp-json\/wp\/v2\/media?parent=13110"}],"curies":[{"name":"wp","href":"https:\/\/api.w.org\/{rel}","templated":true}]}}