{"id":5416,"date":"2020-04-07T13:18:06","date_gmt":"2020-04-07T13:18:06","guid":{"rendered":"https:\/\/develop2.hoteltaburiente.com\/?page_id=5416"},"modified":"2025-09-23T08:58:57","modified_gmt":"2025-09-23T08:58:57","slug":"hotel","status":"publish","type":"page","link":"https:\/\/www.hoteltaburiente.com\/de\/startseite\/hotel\/","title":{"rendered":"Hotel"},"content":{"rendered":"<div class=\"wpb-content-wrapper\"><p>[vc_row][vc_column width=&#8220;1\/2&#8243;][vc_column_text]Das Hotel Taburiente wurde 1966 mit 45 Zimmern und der Kategorie eines Zwei-Sterne-Residenzhotels gegr\u00fcndet. Im Jahr 1976 wurde es auf 90 Zimmer erweitert und bald in ein Hotel umgewandelt, da die Kategorie der Residenzhotels verschwand.<\/p>\n<p>&nbsp;<\/p>\n<p>Im Jahr 1989 wurde es erneut auf 116 Zimmer erweitert und eine allgemeine Reform der Einrichtungen, Dekoration und Dienstleistungen vorgenommen. In diesen Jahren bewarb sie sich um die drei Sterne, die ihr verliehen wurden. Im Jahr 2007 schloss es seine letzte Erweiterung und Generalsanierung ab. Seither verf\u00fcgt es \u00fcber 165 Zimmer.<\/p>\n<p>&nbsp;<\/p>\n<p>Santa Cruz de Tenerife befindet sich im Nordosten der Insel Teneriffa und ist gleichzeitig die Hauptstadt der Provinz der westlichsten Inseln La Palma, La Gomera und El Hierro.<\/p>\n<p>Die Hafenstadt grenzt an den Atlantik und ist nur 7 km von einem der ber\u00fchmtesten Str\u00e4nde der Insel, Las Teresitas, entfernt, von wo aus man auch leicht in den Parque Rural del Anaga gelangt, der mit seinem Laurisilva-Wald, der mit einem ausgedehnten Wegenetz durchquert werden kann, eine der \u00e4ltesten Gegenden Teneriffas ist.<\/p>\n<p>&nbsp;<\/p>\n<p>Santa Cruz de Tenerife ist das Wirtschafts- und Gesch\u00e4ftszentrum der Insel und empf\u00e4ngt daher haupts\u00e4chlich Gesch\u00e4ftsreisende, bietet aber auch ein breites kulturelles, gastronomisches und historisches Angebot, das f\u00fcr unabh\u00e4ngige Besucher von Interesse ist, die mit den Bewohnern der Stadt zusammenkommen m\u00f6chten, um Sitten und Gebr\u00e4uche, Traditionen und das t\u00e4gliche Leben in dieser zeitgen\u00f6ssischen Stadt kennen zu lernen.[\/vc_column_text][\/vc_column][vc_column width=&#8220;1\/2&#8243;][vc_gallery type=&#8220;image_grid&#8220; images=&#8220;11908,11903,11898,11893,11888,11883&#8243; css=&#8220;&#8220;][\/vc_column][\/vc_row]<\/p>\n<\/div>","protected":false},"excerpt":{"rendered":"<p>[vc_row][vc_column width=&#8220;1\/2&#8243;][vc_column_text]Das Hotel Taburiente wurde 1966 mit 45 Zimmern und der Kategorie eines Zwei-Sterne-Residenzhotels gegr\u00fcndet. Im Jahr 1976 wurde es auf 90 Zimmer erweitert und bald in ein Hotel umgewandelt, da die Kategorie der Residenzhotels verschwand. &nbsp; Im Jahr 1989 wurde es erneut auf 116 Zimmer erweitert und eine allgemeine Reform der Einrichtungen, Dekoration und [&hellip;]<\/p>\n","protected":false},"author":1,"featured_media":2564,"parent":2676,"menu_order":1,"comment_status":"closed","ping_status":"closed","template":"","meta":{"_joinchat":[],"footnotes":""},"class_list":["post-5416","page","type-page","status-publish","has-post-thumbnail","hentry"],"yoast_head":"<!-- This site is optimized with the Yoast SEO Premium plugin v22.7 (Yoast SEO v27.5) - https:\/\/yoast.com\/product\/yoast-seo-premium-wordpress\/ -->\n<title>Geschichte des Hotels Taburiente<\/title>\n<meta name=\"description\" content=\"Geschichte des Hotels Taburiente in Santa Cruz de Tenerife. Gegr\u00fcndet 1966. Derzeit verf\u00fcgt es \u00fcber 165 Zimmer und vier Sterne.\" \/>\n<meta name=\"robots\" content=\"index, follow, max-snippet:-1, max-image-preview:large, max-video-preview:-1\" \/>\n<link rel=\"canonical\" href=\"https:\/\/www.hoteltaburiente.com\/de\/startseite\/hotel\/\" \/>\n<meta property=\"og:locale\" content=\"de_DE\" \/>\n<meta property=\"og:type\" content=\"article\" \/>\n<meta property=\"og:title\" content=\"Hotel\" \/>\n<meta property=\"og:description\" content=\"Geschichte des Hotels Taburiente in Santa Cruz de Tenerife. Gegr\u00fcndet 1966. Derzeit verf\u00fcgt es \u00fcber 165 Zimmer und vier Sterne.\" \/>\n<meta property=\"og:url\" content=\"https:\/\/www.hoteltaburiente.com\/de\/startseite\/hotel\/\" \/>\n<meta property=\"og:site_name\" content=\"Hotel Taburiente\" \/>\n<meta property=\"article:publisher\" content=\"https:\/\/www.facebook.com\/hotel.Taburiente.Tenerife\" \/>\n<meta property=\"article:modified_time\" content=\"2025-09-23T08:58:57+00:00\" \/>\n<meta property=\"og:image\" content=\"https:\/\/www.hoteltaburiente.com\/wp-content\/uploads\/2019\/04\/hotel-taburiente-santa-cruz-de-tenerife-11.jpg\" \/>\n\t<meta property=\"og:image:width\" content=\"855\" \/>\n\t<meta property=\"og:image:height\" content=\"452\" \/>\n\t<meta property=\"og:image:type\" content=\"image\/jpeg\" \/>\n<meta name=\"twitter:card\" content=\"summary_large_image\" \/>\n<meta name=\"twitter:site\" content=\"@hoteltaburiente\" \/>\n<meta name=\"twitter:label1\" content=\"Gesch\u00e4tzte Lesezeit\" \/>\n\t<meta name=\"twitter:data1\" content=\"2\u00a0Minuten\" \/>\n<script type=\"application\/ld+json\" class=\"yoast-schema-graph\">{\"@context\":\"https:\\\/\\\/schema.org\",\"@graph\":[{\"@type\":\"WebPage\",\"@id\":\"https:\\\/\\\/www.hoteltaburiente.com\\\/de\\\/startseite\\\/hotel\\\/\",\"url\":\"https:\\\/\\\/www.hoteltaburiente.com\\\/de\\\/startseite\\\/hotel\\\/\",\"name\":\"Geschichte des Hotels Taburiente\",\"isPartOf\":{\"@id\":\"https:\\\/\\\/www.hoteltaburiente.com\\\/de\\\/#website\"},\"primaryImageOfPage\":{\"@id\":\"https:\\\/\\\/www.hoteltaburiente.com\\\/de\\\/startseite\\\/hotel\\\/#primaryimage\"},\"image\":{\"@id\":\"https:\\\/\\\/www.hoteltaburiente.com\\\/de\\\/startseite\\\/hotel\\\/#primaryimage\"},\"thumbnailUrl\":\"https:\\\/\\\/www.hoteltaburiente.com\\\/wp-content\\\/uploads\\\/2019\\\/04\\\/hotel-taburiente-santa-cruz-de-tenerife-11.jpg\",\"datePublished\":\"2020-04-07T13:18:06+00:00\",\"dateModified\":\"2025-09-23T08:58:57+00:00\",\"description\":\"Geschichte des Hotels Taburiente in Santa Cruz de Tenerife. Gegr\u00fcndet 1966. Derzeit verf\u00fcgt es \u00fcber 165 Zimmer und vier Sterne.\",\"breadcrumb\":{\"@id\":\"https:\\\/\\\/www.hoteltaburiente.com\\\/de\\\/startseite\\\/hotel\\\/#breadcrumb\"},\"inLanguage\":\"de\",\"potentialAction\":[{\"@type\":\"ReadAction\",\"target\":[\"https:\\\/\\\/www.hoteltaburiente.com\\\/de\\\/startseite\\\/hotel\\\/\"]}]},{\"@type\":\"ImageObject\",\"inLanguage\":\"de\",\"@id\":\"https:\\\/\\\/www.hoteltaburiente.com\\\/de\\\/startseite\\\/hotel\\\/#primaryimage\",\"url\":\"https:\\\/\\\/www.hoteltaburiente.com\\\/wp-content\\\/uploads\\\/2019\\\/04\\\/hotel-taburiente-santa-cruz-de-tenerife-11.jpg\",\"contentUrl\":\"https:\\\/\\\/www.hoteltaburiente.com\\\/wp-content\\\/uploads\\\/2019\\\/04\\\/hotel-taburiente-santa-cruz-de-tenerife-11.jpg\",\"width\":855,\"height\":452,\"caption\":\"Historia del Hotel Taburiente en Santa Cruz de Tenerife\"},{\"@type\":\"BreadcrumbList\",\"@id\":\"https:\\\/\\\/www.hoteltaburiente.com\\\/de\\\/startseite\\\/hotel\\\/#breadcrumb\",\"itemListElement\":[{\"@type\":\"ListItem\",\"position\":1,\"name\":\"Startseite\",\"item\":\"https:\\\/\\\/www.hoteltaburiente.com\\\/de\\\/\"},{\"@type\":\"ListItem\",\"position\":2,\"name\":\"Hotel\"}]},{\"@type\":\"WebSite\",\"@id\":\"https:\\\/\\\/www.hoteltaburiente.com\\\/de\\\/#website\",\"url\":\"https:\\\/\\\/www.hoteltaburiente.com\\\/de\\\/\",\"name\":\"Hotel Taburiente\",\"description\":\"Hotel Taburiente en Santa Cruz de Tenerife\",\"publisher\":{\"@id\":\"https:\\\/\\\/www.hoteltaburiente.com\\\/de\\\/#organization\"},\"potentialAction\":[{\"@type\":\"SearchAction\",\"target\":{\"@type\":\"EntryPoint\",\"urlTemplate\":\"https:\\\/\\\/www.hoteltaburiente.com\\\/de\\\/?s={search_term_string}\"},\"query-input\":{\"@type\":\"PropertyValueSpecification\",\"valueRequired\":true,\"valueName\":\"search_term_string\"}}],\"inLanguage\":\"de\"},{\"@type\":\"Organization\",\"@id\":\"https:\\\/\\\/www.hoteltaburiente.com\\\/de\\\/#organization\",\"name\":\"Hotel Taburiente\",\"url\":\"https:\\\/\\\/www.hoteltaburiente.com\\\/de\\\/\",\"logo\":{\"@type\":\"ImageObject\",\"inLanguage\":\"de\",\"@id\":\"https:\\\/\\\/www.hoteltaburiente.com\\\/de\\\/#\\\/schema\\\/logo\\\/image\\\/\",\"url\":\"https:\\\/\\\/www.hoteltaburiente.com\\\/wp-content\\\/uploads\\\/2019\\\/03\\\/logo-hotel-taburiente.png\",\"contentUrl\":\"https:\\\/\\\/www.hoteltaburiente.com\\\/wp-content\\\/uploads\\\/2019\\\/03\\\/logo-hotel-taburiente.png\",\"width\":1500,\"height\":300,\"caption\":\"Hotel Taburiente\"},\"image\":{\"@id\":\"https:\\\/\\\/www.hoteltaburiente.com\\\/de\\\/#\\\/schema\\\/logo\\\/image\\\/\"},\"sameAs\":[\"https:\\\/\\\/www.facebook.com\\\/hotel.Taburiente.Tenerife\",\"https:\\\/\\\/x.com\\\/hoteltaburiente\",\"https:\\\/\\\/www.instagram.com\\\/hoteltaburiente\\\/\",\"https:\\\/\\\/www.linkedin.com\\\/company\\\/1683911\\\/admin\\\/\",\"https:\\\/\\\/www.pinterest.es\\\/hoteltaburiente\\\/\",\"https:\\\/\\\/www.youtube.com\\\/user\\\/HotelTaburiente\"]}]}<\/script>\n<!-- \/ Yoast SEO Premium plugin. -->","yoast_head_json":{"title":"Geschichte des Hotels Taburiente","description":"Geschichte des Hotels Taburiente in Santa Cruz de Tenerife. Gegr\u00fcndet 1966. Derzeit verf\u00fcgt es \u00fcber 165 Zimmer und vier Sterne.","robots":{"index":"index","follow":"follow","max-snippet":"max-snippet:-1","max-image-preview":"max-image-preview:large","max-video-preview":"max-video-preview:-1"},"canonical":"https:\/\/www.hoteltaburiente.com\/de\/startseite\/hotel\/","og_locale":"de_DE","og_type":"article","og_title":"Hotel","og_description":"Geschichte des Hotels Taburiente in Santa Cruz de Tenerife. Gegr\u00fcndet 1966. Derzeit verf\u00fcgt es \u00fcber 165 Zimmer und vier Sterne.","og_url":"https:\/\/www.hoteltaburiente.com\/de\/startseite\/hotel\/","og_site_name":"Hotel Taburiente","article_publisher":"https:\/\/www.facebook.com\/hotel.Taburiente.Tenerife","article_modified_time":"2025-09-23T08:58:57+00:00","og_image":[{"width":855,"height":452,"url":"https:\/\/www.hoteltaburiente.com\/wp-content\/uploads\/2019\/04\/hotel-taburiente-santa-cruz-de-tenerife-11.jpg","type":"image\/jpeg"}],"twitter_card":"summary_large_image","twitter_site":"@hoteltaburiente","twitter_misc":{"Gesch\u00e4tzte Lesezeit":"2\u00a0Minuten"},"schema":{"@context":"https:\/\/schema.org","@graph":[{"@type":"WebPage","@id":"https:\/\/www.hoteltaburiente.com\/de\/startseite\/hotel\/","url":"https:\/\/www.hoteltaburiente.com\/de\/startseite\/hotel\/","name":"Geschichte des Hotels Taburiente","isPartOf":{"@id":"https:\/\/www.hoteltaburiente.com\/de\/#website"},"primaryImageOfPage":{"@id":"https:\/\/www.hoteltaburiente.com\/de\/startseite\/hotel\/#primaryimage"},"image":{"@id":"https:\/\/www.hoteltaburiente.com\/de\/startseite\/hotel\/#primaryimage"},"thumbnailUrl":"https:\/\/www.hoteltaburiente.com\/wp-content\/uploads\/2019\/04\/hotel-taburiente-santa-cruz-de-tenerife-11.jpg","datePublished":"2020-04-07T13:18:06+00:00","dateModified":"2025-09-23T08:58:57+00:00","description":"Geschichte des Hotels Taburiente in Santa Cruz de Tenerife. Gegr\u00fcndet 1966. Derzeit verf\u00fcgt es \u00fcber 165 Zimmer und vier Sterne.","breadcrumb":{"@id":"https:\/\/www.hoteltaburiente.com\/de\/startseite\/hotel\/#breadcrumb"},"inLanguage":"de","potentialAction":[{"@type":"ReadAction","target":["https:\/\/www.hoteltaburiente.com\/de\/startseite\/hotel\/"]}]},{"@type":"ImageObject","inLanguage":"de","@id":"https:\/\/www.hoteltaburiente.com\/de\/startseite\/hotel\/#primaryimage","url":"https:\/\/www.hoteltaburiente.com\/wp-content\/uploads\/2019\/04\/hotel-taburiente-santa-cruz-de-tenerife-11.jpg","contentUrl":"https:\/\/www.hoteltaburiente.com\/wp-content\/uploads\/2019\/04\/hotel-taburiente-santa-cruz-de-tenerife-11.jpg","width":855,"height":452,"caption":"Historia del Hotel Taburiente en Santa Cruz de Tenerife"},{"@type":"BreadcrumbList","@id":"https:\/\/www.hoteltaburiente.com\/de\/startseite\/hotel\/#breadcrumb","itemListElement":[{"@type":"ListItem","position":1,"name":"Startseite","item":"https:\/\/www.hoteltaburiente.com\/de\/"},{"@type":"ListItem","position":2,"name":"Hotel"}]},{"@type":"WebSite","@id":"https:\/\/www.hoteltaburiente.com\/de\/#website","url":"https:\/\/www.hoteltaburiente.com\/de\/","name":"Hotel Taburiente","description":"Hotel Taburiente en Santa Cruz de Tenerife","publisher":{"@id":"https:\/\/www.hoteltaburiente.com\/de\/#organization"},"potentialAction":[{"@type":"SearchAction","target":{"@type":"EntryPoint","urlTemplate":"https:\/\/www.hoteltaburiente.com\/de\/?s={search_term_string}"},"query-input":{"@type":"PropertyValueSpecification","valueRequired":true,"valueName":"search_term_string"}}],"inLanguage":"de"},{"@type":"Organization","@id":"https:\/\/www.hoteltaburiente.com\/de\/#organization","name":"Hotel Taburiente","url":"https:\/\/www.hoteltaburiente.com\/de\/","logo":{"@type":"ImageObject","inLanguage":"de","@id":"https:\/\/www.hoteltaburiente.com\/de\/#\/schema\/logo\/image\/","url":"https:\/\/www.hoteltaburiente.com\/wp-content\/uploads\/2019\/03\/logo-hotel-taburiente.png","contentUrl":"https:\/\/www.hoteltaburiente.com\/wp-content\/uploads\/2019\/03\/logo-hotel-taburiente.png","width":1500,"height":300,"caption":"Hotel Taburiente"},"image":{"@id":"https:\/\/www.hoteltaburiente.com\/de\/#\/schema\/logo\/image\/"},"sameAs":["https:\/\/www.facebook.com\/hotel.Taburiente.Tenerife","https:\/\/x.com\/hoteltaburiente","https:\/\/www.instagram.com\/hoteltaburiente\/","https:\/\/www.linkedin.com\/company\/1683911\/admin\/","https:\/\/www.pinterest.es\/hoteltaburiente\/","https:\/\/www.youtube.com\/user\/HotelTaburiente"]}]}},"_links":{"self":[{"href":"https:\/\/www.hoteltaburiente.com\/de\/wp-json\/wp\/v2\/pages\/5416","targetHints":{"allow":["GET"]}}],"collection":[{"href":"https:\/\/www.hoteltaburiente.com\/de\/wp-json\/wp\/v2\/pages"}],"about":[{"href":"https:\/\/www.hoteltaburiente.com\/de\/wp-json\/wp\/v2\/types\/page"}],"author":[{"embeddable":true,"href":"https:\/\/www.hoteltaburiente.com\/de\/wp-json\/wp\/v2\/users\/1"}],"replies":[{"embeddable":true,"href":"https:\/\/www.hoteltaburiente.com\/de\/wp-json\/wp\/v2\/comments?post=5416"}],"version-history":[{"count":0,"href":"https:\/\/www.hoteltaburiente.com\/de\/wp-json\/wp\/v2\/pages\/5416\/revisions"}],"up":[{"embeddable":true,"href":"https:\/\/www.hoteltaburiente.com\/de\/wp-json\/wp\/v2\/pages\/2676"}],"wp:featuredmedia":[{"embeddable":true,"href":"https:\/\/www.hoteltaburiente.com\/de\/wp-json\/wp\/v2\/media\/2564"}],"wp:attachment":[{"href":"https:\/\/www.hoteltaburiente.com\/de\/wp-json\/wp\/v2\/media?parent=5416"}],"curies":[{"name":"wp","href":"https:\/\/api.w.org\/{rel}","templated":true}]}}