{"id":5433,"date":"2020-04-07T14:39:16","date_gmt":"2020-04-07T14:39:16","guid":{"rendered":"https:\/\/develop2.hoteltaburiente.com\/?page_id=5433"},"modified":"2025-09-23T08:37:01","modified_gmt":"2025-09-23T08:37:01","slug":"gastronomie","status":"publish","type":"page","link":"https:\/\/www.hoteltaburiente.com\/de\/gastronomie\/","title":{"rendered":"Gastronomie"},"content":{"rendered":"<div class=\"wpb-content-wrapper\"><p>[vc_row full_width=&#8220;stretch_row_content&#8220; css=&#8220;.vc_custom_1598866989882{padding-top: 70px !important;padding-bottom: 70px !important;background-color: #f9f9f9 !important;}&#8220;][vc_column el_id=&#8220;section_slides&#8220;][vc_row_inner equal_height=&#8220;yes&#8220; content_placement=&#8220;middle&#8220; css=&#8220;.vc_custom_1501077833910{padding-right: 15px !important;padding-left: 15px !important;}&#8220;][vc_column_inner width=&#8220;1\/2&#8243; css=&#8220;.vc_custom_1501162935387{padding-top: 30px !important;padding-right: 20px !important;padding-bottom: 30px !important;padding-left: 20px !important;background-color: #ffffff !important;}&#8220;] <h2 style=\"color:#dd9933;padding:px;text-align:center;font-size:14px;line-height:27px;letter-spacing: 2px;font-weight:bold\" class=\"   nd_options_second_font \">Restaurant in Santa Cruz de Tenerife<\/h2> <div style=\"background-color:;height: 10px\" class=\"nicdark_section  \"><\/div>\n    <div class=\"nd_options_section nd_options_line_height_0  nd_options_text_align_center \">\n        <span style=\"height:1px;width:30px;background-color:#878787\" class=\"nd_options_display_inline_block\"><\/span>\n    <\/div>\n   <div style=\"background-color:;height: 20px\" class=\"nicdark_section  \"><\/div> <h2 style=\"color:#1c1c1c;padding:50pxpx;text-align:center;font-size:35px;line-height:px;letter-spacing: px;font-weight:normal\" class=\"   nd_options_first_font \">CAYOTE RESTAURANT<\/h2> <div style=\"background-color:;height: 20px\" class=\"nicdark_section  \"><\/div>[vc_column_text css=&#8220;.vc_custom_1652716390851{padding-right: 30px !important;padding-left: 30px !important;}&#8220;]Willkommen im Restaurant Cayote. Es handelt sich um ein neues Projekt, das das Beste aus dem Mittelmeerraum mit einem Hauch von Lateinamerika und Asien verbindet.<\/p>\n<p>&nbsp;<\/p>\n<p>Pure Inspiration in jeder Kreation, die Sie diese einzigartige und unvergessliche Erfahrung erleben l\u00e4sst, mit s\u00fc\u00dfen und herzhaften Akzenten.<\/p>\n<p>&nbsp;<\/p>\n<p>Zu dieser Geschmacksexplosion bietet Cayote eine Auswahl an Weinen von den Kanarischen Inseln, vom spanischen Festland und aus Frankreich an, wobei jede Kombination eine Reise durch die f\u00fcnf Sinne darstellt.[\/vc_column_text]\n\t<div class=\"nd_options_section nd_options_text_align_center\">\n\t<a style=\"border: 2px solid #c19b76;border-radius:px;letter-spacing:2px;line-height:14px;font-size:14px;background-color:;padding:15px 35px;margin:;color:#c19b76\" rel=\"\" href=\"https:\/\/www.hoteltaburiente.com\/de\/restaurant-cayote\/\" class=\"nicdark_display_inline_block  nd_options_font_weight_bold nd_options_second_font  \">Restaurant in Santa Cruz de Tenerife<\/a>\n\t<\/div>\n[\/vc_column_inner][vc_column_inner width=&#8220;1\/2&#8243; css=&#8220;.vc_custom_1501067436841{padding-right: 0px !important;padding-left: 0px !important;}&#8220;]\n\t\t\t<!-- START rest.cayote.local spanish REVOLUTION SLIDER 6.6.10 --><p class=\"rs-p-wp-fix\"><\/p>\n\t\t\t<rs-module-wrap id=\"rev_slider_47_1_wrapper\" data-source=\"gallery\" style=\"visibility:hidden;background:transparent;padding:0;margin:0px auto;margin-top:0;margin-bottom:0;\">\n\t\t\t\t<rs-module id=\"rev_slider_47_1\" style=\"\" data-version=\"6.6.10\">\n\t\t\t\t\t<rs-slides style=\"overflow: hidden; position: absolute;\">\n\t\t\t\t\t\t<rs-slide style=\"position: absolute;\" data-key=\"rs-204\" data-title=\"Slide\" data-thumb=\"\/\/www.hoteltaburiente.com\/wp-content\/uploads\/2022\/05\/Restaurante-Cayote-en-Santa-Cruz-de-Tenerife-10-100x50.jpg\" data-anim=\"adpr:false;\" data-in=\"o:0;\" data-out=\"a:false;\">\n\t\t\t\t\t\t\t<img decoding=\"async\" src=\"\/\/www.hoteltaburiente.com\/wp-content\/plugins\/revslider\/public\/assets\/assets\/dummy.png\" alt=\"Restaurante Cayote en Santa Cruz de Tenerife\" title=\"Restaurante Cayote en Santa Cruz de Tenerife\" width=\"1620\" height=\"1080\" class=\"rev-slidebg tp-rs-img rs-lazyload\" data-lazyload=\"\/\/www.hoteltaburiente.com\/wp-content\/uploads\/2022\/05\/Restaurante-Cayote-en-Santa-Cruz-de-Tenerife-10.jpg\" data-no-retina>\n<!---->\t\t\t\t\t\t<\/rs-slide>\n\t\t\t\t\t\t<rs-slide style=\"position: absolute;\" data-key=\"rs-205\" data-title=\"Slide\" data-thumb=\"\/\/www.hoteltaburiente.com\/wp-content\/uploads\/2022\/05\/Restaurante-Cayote-en-Santa-Cruz-de-Tenerife-2-100x50.jpg\" data-anim=\"adpr:false;\" data-in=\"o:0;\" data-out=\"a:false;\">\n\t\t\t\t\t\t\t<img decoding=\"async\" src=\"\/\/www.hoteltaburiente.com\/wp-content\/plugins\/revslider\/public\/assets\/assets\/dummy.png\" alt=\"Restaurante Cayote en Santa Cruz de Tenerife\" title=\"Restaurante Cayote en Santa Cruz de Tenerife\" width=\"798\" height=\"1080\" class=\"rev-slidebg tp-rs-img rs-lazyload\" data-lazyload=\"\/\/www.hoteltaburiente.com\/wp-content\/uploads\/2022\/05\/Restaurante-Cayote-en-Santa-Cruz-de-Tenerife-2.jpg\" data-no-retina>\n<!---->\t\t\t\t\t\t<\/rs-slide>\n\t\t\t\t\t\t<rs-slide style=\"position: absolute;\" data-key=\"rs-206\" data-title=\"Slide\" data-thumb=\"\/\/www.hoteltaburiente.com\/wp-content\/uploads\/2022\/05\/Restaurante-Cayote-en-Santa-Cruz-de-Tenerife-8-100x50.jpg\" data-anim=\"adpr:false;\" data-in=\"o:0;\" data-out=\"a:false;\">\n\t\t\t\t\t\t\t<img decoding=\"async\" src=\"\/\/www.hoteltaburiente.com\/wp-content\/plugins\/revslider\/public\/assets\/assets\/dummy.png\" alt=\"Restaurante Cayote en Santa Cruz de Tenerife\" title=\"Restaurante Cayote en Santa Cruz de Tenerife\" width=\"1439\" height=\"1080\" class=\"rev-slidebg tp-rs-img rs-lazyload\" data-lazyload=\"\/\/www.hoteltaburiente.com\/wp-content\/uploads\/2022\/05\/Restaurante-Cayote-en-Santa-Cruz-de-Tenerife-8.jpg\" data-no-retina>\n<!---->\t\t\t\t\t\t<\/rs-slide>\n\t\t\t\t\t\t<rs-slide style=\"position: absolute;\" data-key=\"rs-207\" data-title=\"Slide\" data-thumb=\"\/\/www.hoteltaburiente.com\/wp-content\/uploads\/2022\/05\/Restaurante-Cayote-en-Santa-Cruz-de-Tenerife-5-1-100x50.jpg\" data-anim=\"adpr:false;\" data-in=\"o:0;\" data-out=\"a:false;\">\n\t\t\t\t\t\t\t<img decoding=\"async\" src=\"\/\/www.hoteltaburiente.com\/wp-content\/plugins\/revslider\/public\/assets\/assets\/dummy.png\" alt=\"Restaurante Cayote en Santa Cruz de Tenerife\" title=\"Restaurante Cayote en Santa Cruz de Tenerife\" width=\"811\" height=\"1080\" class=\"rev-slidebg tp-rs-img rs-lazyload\" data-lazyload=\"\/\/www.hoteltaburiente.com\/wp-content\/uploads\/2022\/05\/Restaurante-Cayote-en-Santa-Cruz-de-Tenerife-5-1.jpg\" data-no-retina>\n<!---->\t\t\t\t\t\t<\/rs-slide>\n\t\t\t\t\t<\/rs-slides>\n\t\t\t\t<\/rs-module>\n\t\t\t\t<script>\n\t\t\t\t\tsetREVStartSize({c: 'rev_slider_47_1',rl:[1240,1024,778,480],el:[650],gw:[1200],gh:[650],type:'standard',justify:'',layout:'fullwidth',mh:\"0\"});if (window.RS_MODULES!==undefined && window.RS_MODULES.modules!==undefined && window.RS_MODULES.modules[\"revslider471\"]!==undefined) {window.RS_MODULES.modules[\"revslider471\"].once = false;window.revapi47 = undefined;if (window.RS_MODULES.checkMinimal!==undefined) window.RS_MODULES.checkMinimal()}\n\t\t\t\t<\/script>\n\t\t\t<\/rs-module-wrap>\n\t\t\t<!-- END REVOLUTION SLIDER -->\n[\/vc_column_inner][\/vc_row_inner][\/vc_column][\/vc_row][vc_row][vc_column el_class=&#8220;nd_options_padding_20_first_div_important_all_iphone&#8220; css=&#8220;.vc_custom_1504096206452{padding: 70px !important;}&#8220;] <h3 style=\"color:#1c1c1c;padding:px;text-align:center;font-size:25px;line-height:45px;letter-spacing: px;font-weight:normal\" class=\"  nd_options_font_size_20_important_all_iphone nd_options_line_height_40_important_all_iphone nd_options_first_font \">Unsere Erfahrung macht es m\u00f6glich, eine einfache Veranstaltung, ein Meeting oder einen Kongress in einen unvergesslichen Tag in Santa Cruz de Tenerife zu verwandeln.<\/h3> [\/vc_column][\/vc_row][vc_row full_width=&#8220;stretch_row_content&#8220; css=&#8220;.vc_custom_1599236410868{padding-top: 70px !important;padding-bottom: 70px !important;background-color: #f9f9f9 !important;}&#8220;][vc_column el_id=&#8220;section_slides&#8220;][vc_row_inner equal_height=&#8220;yes&#8220; content_placement=&#8220;middle&#8220; css=&#8220;.vc_custom_1501078196605{padding-right: 15px !important;padding-left: 15px !important;}&#8220;][vc_column_inner width=&#8220;1\/2&#8243; css=&#8220;.vc_custom_1501076362840{padding-right: 0px !important;padding-left: 0px !important;}&#8220;]\n\t\t\t<!-- START velvetaleman REVOLUTION SLIDER 6.6.10 --><p class=\"rs-p-wp-fix\"><\/p>\n\t\t\t<rs-module-wrap id=\"rev_slider_38_2_wrapper\" data-source=\"gallery\" style=\"visibility:hidden;background:transparent;padding:0;margin:0px auto;margin-top:0;margin-bottom:0;\">\n\t\t\t\t<rs-module id=\"rev_slider_38_2\" style=\"\" data-version=\"6.6.10\">\n\t\t\t\t\t<rs-slides style=\"overflow: hidden; position: absolute;\">\n\t\t\t\t\t\t<rs-slide style=\"position: absolute;\" data-key=\"rs-151\" data-title=\"Slide\" data-thumb=\"\/\/www.hoteltaburiente.com\/wp-content\/uploads\/2023\/04\/Cafeteria-de-Hotel-Taburiente-en-Santa-Cruz-de-Tenerife-100x50.jpg\" data-anim=\"adpr:false;\" data-in=\"o:0;\" data-out=\"a:false;\">\n\t\t\t\t\t\t\t<img decoding=\"async\" src=\"\/\/www.hoteltaburiente.com\/wp-content\/plugins\/revslider\/public\/assets\/assets\/dummy.png\" alt=\"Caf\u00e9 in Santa Cruz de Tenerife\" title=\"Caf\u00e9 in Santa Cruz de Tenerife\" width=\"1620\" height=\"1080\" class=\"rev-slidebg tp-rs-img rs-lazyload\" data-lazyload=\"\/\/www.hoteltaburiente.com\/wp-content\/uploads\/2023\/04\/Cafeteria-de-Hotel-Taburiente-en-Santa-Cruz-de-Tenerife.jpg\" data-no-retina>\n<!---->\t\t\t\t\t\t<\/rs-slide>\n\t\t\t\t\t\t<rs-slide style=\"position: absolute;\" data-key=\"rs-154\" data-title=\"Slide\" data-thumb=\"\/\/www.hoteltaburiente.com\/wp-content\/uploads\/2023\/04\/Cafeteria-de-Hotel-Taburiente-en-Santa-Cruz-de-Tenerife-2-100x50.jpg\" data-anim=\"adpr:false;\" data-in=\"o:0;\" data-out=\"a:false;\">\n\t\t\t\t\t\t\t<img decoding=\"async\" src=\"\/\/www.hoteltaburiente.com\/wp-content\/plugins\/revslider\/public\/assets\/assets\/dummy.png\" alt=\"Caf\u00e9 in Santa Cruz de Tenerife\" title=\"Caf\u00e9 in Santa Cruz de Tenerife\" width=\"1630\" height=\"1080\" class=\"rev-slidebg tp-rs-img rs-lazyload\" data-lazyload=\"\/\/www.hoteltaburiente.com\/wp-content\/uploads\/2023\/04\/Cafeteria-de-Hotel-Taburiente-en-Santa-Cruz-de-Tenerife-2.jpg\" data-no-retina>\n<!---->\t\t\t\t\t\t<\/rs-slide>\n\t\t\t\t\t\t<rs-slide style=\"position: absolute;\" data-key=\"rs-152\" data-title=\"Slide\" data-thumb=\"\/\/www.hoteltaburiente.com\/wp-content\/uploads\/2025\/02\/foto1-100x50.jpg\" data-anim=\"adpr:false;\" data-in=\"o:0;\" data-out=\"a:false;\">\n\t\t\t\t\t\t\t<img decoding=\"async\" src=\"\/\/www.hoteltaburiente.com\/wp-content\/plugins\/revslider\/public\/assets\/assets\/dummy.png\" alt=\"Caf\u00e9 in Santa Cruz de Tenerife\" title=\"Caf\u00e9 in Santa Cruz de Tenerife\" width=\"1600\" height=\"1063\" class=\"rev-slidebg tp-rs-img rs-lazyload\" data-lazyload=\"\/\/www.hoteltaburiente.com\/wp-content\/uploads\/2025\/02\/foto1.jpg\" data-no-retina>\n<!---->\t\t\t\t\t\t<\/rs-slide>\n\t\t\t\t\t\t<rs-slide style=\"position: absolute;\" data-key=\"rs-153\" data-title=\"Slide\" data-thumb=\"\/\/hoteltaburiente.com\/wp-content\/uploads\/2020\/08\/Lounge-Bar-Velvet-del-Hotel-Taburiente-en-Santa-Cruz-de-Tenerife-4.jpg\" data-anim=\"adpr:false;\" data-in=\"o:0;\" data-out=\"a:false;\">\n\t\t\t\t\t\t\t<img decoding=\"async\" src=\"\/\/www.hoteltaburiente.com\/wp-content\/plugins\/revslider\/public\/assets\/assets\/dummy.png\" alt=\"Caf\u00e9 in Santa Cruz de Tenerife\" title=\"Caf\u00e9 in Santa Cruz de Tenerife\" width=\"1919\" height=\"1080\" class=\"rev-slidebg tp-rs-img rs-lazyload\" data-lazyload=\"\/\/hoteltaburiente.com\/wp-content\/uploads\/2020\/08\/Lounge-Bar-Velvet-del-Hotel-Taburiente-en-Santa-Cruz-de-Tenerife-4.jpg\" data-no-retina>\n<!---->\t\t\t\t\t\t<\/rs-slide>\n\t\t\t\t\t<\/rs-slides>\n\t\t\t\t<\/rs-module>\n\t\t\t\t<script>\n\t\t\t\t\tsetREVStartSize({c: 'rev_slider_38_2',rl:[1240,1024,778,480],el:[650],gw:[1200],gh:[650],type:'standard',justify:'',layout:'fullwidth',mh:\"0\"});if (window.RS_MODULES!==undefined && window.RS_MODULES.modules!==undefined && window.RS_MODULES.modules[\"revslider382\"]!==undefined) {window.RS_MODULES.modules[\"revslider382\"].once = false;window.revapi38 = undefined;if (window.RS_MODULES.checkMinimal!==undefined) window.RS_MODULES.checkMinimal()}\n\t\t\t\t<\/script>\n\t\t\t<\/rs-module-wrap>\n\t\t\t<!-- END REVOLUTION SLIDER -->\n[\/vc_column_inner][vc_column_inner width=&#8220;1\/2&#8243; css=&#8220;.vc_custom_1501162942419{padding-top: 30px !important;padding-right: 20px !important;padding-bottom: 30px !important;padding-left: 20px !important;background-color: #ffffff !important;}&#8220;] <p style=\"color:#dd9933;padding:px;text-align:center;font-size:14px;line-height:27px;letter-spacing: 2px;font-weight:bold\" class=\"   nd_options_second_font \">Caf\u00e9 in Santa Cruz de Tenerife<\/p> <div style=\"background-color:;height: 10px\" class=\"nicdark_section  \"><\/div>\n    <div class=\"nd_options_section nd_options_line_height_0  nd_options_text_align_center \">\n        <span style=\"height:1px;width:30px;background-color:#878787\" class=\"nd_options_display_inline_block\"><\/span>\n    <\/div>\n   <div style=\"background-color:;height: 10px\" class=\"nicdark_section  \"><\/div> <h2 style=\"color:#1c1c1c;padding:50pxpx;text-align:center;font-size:35px;line-height:px;letter-spacing: px;font-weight:normal\" class=\"   nd_options_first_font \">Lounge Bar Velvet<\/h2> <div style=\"background-color:;height: 20px\" class=\"nicdark_section  \"><\/div>[vc_column_text css=&#8220;.vc_custom_1626870536193{padding-right: 30px !important;padding-left: 30px !important;}&#8220;]In unserer Cafeteria bieten wir unser Snack-Men\u00fc und eine Vielzahl von Getr\u00e4nken an, die der Kunde in unserem Saal und auf der verglasten Terrassen-Terrasse genie\u00dfen kann.<\/p>\n<p>&nbsp;<\/p>\n<p>Unsere Kunden k\u00f6nnen einen ruhigen Raum mit exquisiter Dekoration genie\u00dfen, um ein Gespr\u00e4ch mit Freunden zu f\u00fchren und dabei eines unserer Getr\u00e4nke- und Speiseangebote zu genie\u00dfen.<\/p>\n<p>&nbsp;<\/p>\n<p>In unseren Velvet-Einrichtungen k\u00f6nnen Sie kostenloses High-Speed-WLAN, Zeitungen und Fernsehen genie\u00dfen. Sie k\u00f6nnen auch Ihre mobilen Ger\u00e4te oder Laptops anschlie\u00dfen, um Ihre Akkus zu laden, w\u00e4hrend Sie arbeiten oder eine Pause machen und einen Snack genie\u00dfen.<\/p>\n<p>&nbsp;<\/p>\n<p>Unsere Bar Cafeteria Lounge Bar Velvet ist f\u00fcr unsere Hotelg\u00e4ste und Besucher von der Stra\u00dfe aus zug\u00e4nglich.[\/vc_column_text]\n\t<div class=\"nd_options_section nd_options_text_align_center\">\n\t<a style=\"border: 2px solid #c19b76;border-radius:px;letter-spacing:2px;line-height:11px;font-size:11px;background-color:;padding:15px 35px;margin:;color:#c19b76\" rel=\"\" href=\"https:\/\/www.hoteltaburiente.com\/de\/gastronomie\/lounge-bar-velvet\/\" class=\"nicdark_display_inline_block  nd_options_font_weight_bold nd_options_second_font  \">MEHR LERNEN<\/a>\n\t<\/div>\n[\/vc_column_inner][\/vc_row_inner][\/vc_column][\/vc_row]<\/p>\n<\/div>","protected":false},"excerpt":{"rendered":"<p>[vc_row full_width=&#8220;stretch_row_content&#8220; css=&#8220;.vc_custom_1598866989882{padding-top: 70px !important;padding-bottom: 70px !important;background-color: #f9f9f9 !important;}&#8220;][vc_column el_id=&#8220;section_slides&#8220;][vc_row_inner equal_height=&#8220;yes&#8220; content_placement=&#8220;middle&#8220; css=&#8220;.vc_custom_1501077833910{padding-right: 15px !important;padding-left: 15px !important;}&#8220;][vc_column_inner width=&#8220;1\/2&#8243; css=&#8220;.vc_custom_1501162935387{padding-top: 30px !important;padding-right: 20px !important;padding-bottom: 30px !important;padding-left: 20px !important;background-color: #ffffff !important;}&#8220;][vc_column_text css=&#8220;.vc_custom_1652716390851{padding-right: 30px !important;padding-left: 30px !important;}&#8220;]Willkommen im Restaurant Cayote. Es handelt sich um ein neues Projekt, das das Beste aus dem Mittelmeerraum mit einem Hauch von Lateinamerika [&hellip;]<\/p>\n","protected":false},"author":1,"featured_media":8301,"parent":0,"menu_order":0,"comment_status":"closed","ping_status":"closed","template":"","meta":{"_joinchat":[],"footnotes":""},"class_list":["post-5433","page","type-page","status-publish","has-post-thumbnail","hentry"],"yoast_head":"<!-- This site is optimized with the Yoast SEO Premium plugin v22.7 (Yoast SEO v27.5) - https:\/\/yoast.com\/product\/yoast-seo-premium-wordpress\/ -->\n<title>Gastronomie in Santa Cruz de Tenerife<\/title>\n<meta name=\"description\" content=\"Die Gastronomie des Hotels Taburiente in Santa Cruz de Tenerife ist empfehlenswert. Qualit\u00e4t der Produkte und Dienstleistungen.\" \/>\n<meta name=\"robots\" content=\"index, follow, max-snippet:-1, max-image-preview:large, max-video-preview:-1\" \/>\n<link rel=\"canonical\" href=\"https:\/\/www.hoteltaburiente.com\/de\/gastronomie\/\" \/>\n<meta property=\"og:locale\" content=\"de_DE\" \/>\n<meta property=\"og:type\" content=\"article\" \/>\n<meta property=\"og:title\" content=\"Gastronomie\" \/>\n<meta property=\"og:description\" content=\"Die Gastronomie des Hotels Taburiente in Santa Cruz de Tenerife ist empfehlenswert. Qualit\u00e4t der Produkte und Dienstleistungen.\" \/>\n<meta property=\"og:url\" content=\"https:\/\/www.hoteltaburiente.com\/de\/gastronomie\/\" \/>\n<meta property=\"og:site_name\" content=\"Hotel Taburiente\" \/>\n<meta property=\"article:publisher\" content=\"https:\/\/www.facebook.com\/hotel.Taburiente.Tenerife\" \/>\n<meta property=\"article:modified_time\" content=\"2025-09-23T08:37:01+00:00\" \/>\n<meta property=\"og:image\" content=\"https:\/\/www.hoteltaburiente.com\/wp-content\/uploads\/2022\/05\/Restaurante-Cayote-en-Santa-Cruz-de-Tenerife-10.jpg\" \/>\n\t<meta property=\"og:image:width\" content=\"1620\" \/>\n\t<meta property=\"og:image:height\" content=\"1080\" \/>\n\t<meta property=\"og:image:type\" content=\"image\/jpeg\" \/>\n<meta name=\"twitter:card\" content=\"summary_large_image\" \/>\n<meta name=\"twitter:site\" content=\"@hoteltaburiente\" \/>\n<meta name=\"twitter:label1\" content=\"Gesch\u00e4tzte Lesezeit\" \/>\n\t<meta name=\"twitter:data1\" content=\"2\u00a0Minuten\" \/>\n<script type=\"application\/ld+json\" class=\"yoast-schema-graph\">{\"@context\":\"https:\\\/\\\/schema.org\",\"@graph\":[{\"@type\":\"WebPage\",\"@id\":\"https:\\\/\\\/www.hoteltaburiente.com\\\/de\\\/gastronomie\\\/\",\"url\":\"https:\\\/\\\/www.hoteltaburiente.com\\\/de\\\/gastronomie\\\/\",\"name\":\"Gastronomie in Santa Cruz de Tenerife\",\"isPartOf\":{\"@id\":\"https:\\\/\\\/www.hoteltaburiente.com\\\/de\\\/#website\"},\"primaryImageOfPage\":{\"@id\":\"https:\\\/\\\/www.hoteltaburiente.com\\\/de\\\/gastronomie\\\/#primaryimage\"},\"image\":{\"@id\":\"https:\\\/\\\/www.hoteltaburiente.com\\\/de\\\/gastronomie\\\/#primaryimage\"},\"thumbnailUrl\":\"https:\\\/\\\/www.hoteltaburiente.com\\\/wp-content\\\/uploads\\\/2022\\\/05\\\/Restaurante-Cayote-en-Santa-Cruz-de-Tenerife-10.jpg\",\"datePublished\":\"2020-04-07T14:39:16+00:00\",\"dateModified\":\"2025-09-23T08:37:01+00:00\",\"description\":\"Die Gastronomie des Hotels Taburiente in Santa Cruz de Tenerife ist empfehlenswert. Qualit\u00e4t der Produkte und Dienstleistungen.\",\"inLanguage\":\"de\",\"potentialAction\":[{\"@type\":\"ReadAction\",\"target\":[\"https:\\\/\\\/www.hoteltaburiente.com\\\/de\\\/gastronomie\\\/\"]}]},{\"@type\":\"ImageObject\",\"inLanguage\":\"de\",\"@id\":\"https:\\\/\\\/www.hoteltaburiente.com\\\/de\\\/gastronomie\\\/#primaryimage\",\"url\":\"https:\\\/\\\/www.hoteltaburiente.com\\\/wp-content\\\/uploads\\\/2022\\\/05\\\/Restaurante-Cayote-en-Santa-Cruz-de-Tenerife-10.jpg\",\"contentUrl\":\"https:\\\/\\\/www.hoteltaburiente.com\\\/wp-content\\\/uploads\\\/2022\\\/05\\\/Restaurante-Cayote-en-Santa-Cruz-de-Tenerife-10.jpg\",\"width\":1620,\"height\":1080,\"caption\":\"Restaurant Cayote in Santa Cruz de Tenerife\"},{\"@type\":\"WebSite\",\"@id\":\"https:\\\/\\\/www.hoteltaburiente.com\\\/de\\\/#website\",\"url\":\"https:\\\/\\\/www.hoteltaburiente.com\\\/de\\\/\",\"name\":\"Hotel Taburiente\",\"description\":\"Hotel Taburiente en Santa Cruz de Tenerife\",\"publisher\":{\"@id\":\"https:\\\/\\\/www.hoteltaburiente.com\\\/de\\\/#organization\"},\"potentialAction\":[{\"@type\":\"SearchAction\",\"target\":{\"@type\":\"EntryPoint\",\"urlTemplate\":\"https:\\\/\\\/www.hoteltaburiente.com\\\/de\\\/?s={search_term_string}\"},\"query-input\":{\"@type\":\"PropertyValueSpecification\",\"valueRequired\":true,\"valueName\":\"search_term_string\"}}],\"inLanguage\":\"de\"},{\"@type\":\"Organization\",\"@id\":\"https:\\\/\\\/www.hoteltaburiente.com\\\/de\\\/#organization\",\"name\":\"Hotel Taburiente\",\"url\":\"https:\\\/\\\/www.hoteltaburiente.com\\\/de\\\/\",\"logo\":{\"@type\":\"ImageObject\",\"inLanguage\":\"de\",\"@id\":\"https:\\\/\\\/www.hoteltaburiente.com\\\/de\\\/#\\\/schema\\\/logo\\\/image\\\/\",\"url\":\"https:\\\/\\\/www.hoteltaburiente.com\\\/wp-content\\\/uploads\\\/2019\\\/03\\\/logo-hotel-taburiente.png\",\"contentUrl\":\"https:\\\/\\\/www.hoteltaburiente.com\\\/wp-content\\\/uploads\\\/2019\\\/03\\\/logo-hotel-taburiente.png\",\"width\":1500,\"height\":300,\"caption\":\"Hotel Taburiente\"},\"image\":{\"@id\":\"https:\\\/\\\/www.hoteltaburiente.com\\\/de\\\/#\\\/schema\\\/logo\\\/image\\\/\"},\"sameAs\":[\"https:\\\/\\\/www.facebook.com\\\/hotel.Taburiente.Tenerife\",\"https:\\\/\\\/x.com\\\/hoteltaburiente\",\"https:\\\/\\\/www.instagram.com\\\/hoteltaburiente\\\/\",\"https:\\\/\\\/www.linkedin.com\\\/company\\\/1683911\\\/admin\\\/\",\"https:\\\/\\\/www.pinterest.es\\\/hoteltaburiente\\\/\",\"https:\\\/\\\/www.youtube.com\\\/user\\\/HotelTaburiente\"]}]}<\/script>\n<!-- \/ Yoast SEO Premium plugin. -->","yoast_head_json":{"title":"Gastronomie in Santa Cruz de Tenerife","description":"Die Gastronomie des Hotels Taburiente in Santa Cruz de Tenerife ist empfehlenswert. Qualit\u00e4t der Produkte und Dienstleistungen.","robots":{"index":"index","follow":"follow","max-snippet":"max-snippet:-1","max-image-preview":"max-image-preview:large","max-video-preview":"max-video-preview:-1"},"canonical":"https:\/\/www.hoteltaburiente.com\/de\/gastronomie\/","og_locale":"de_DE","og_type":"article","og_title":"Gastronomie","og_description":"Die Gastronomie des Hotels Taburiente in Santa Cruz de Tenerife ist empfehlenswert. Qualit\u00e4t der Produkte und Dienstleistungen.","og_url":"https:\/\/www.hoteltaburiente.com\/de\/gastronomie\/","og_site_name":"Hotel Taburiente","article_publisher":"https:\/\/www.facebook.com\/hotel.Taburiente.Tenerife","article_modified_time":"2025-09-23T08:37:01+00:00","og_image":[{"width":1620,"height":1080,"url":"https:\/\/www.hoteltaburiente.com\/wp-content\/uploads\/2022\/05\/Restaurante-Cayote-en-Santa-Cruz-de-Tenerife-10.jpg","type":"image\/jpeg"}],"twitter_card":"summary_large_image","twitter_site":"@hoteltaburiente","twitter_misc":{"Gesch\u00e4tzte Lesezeit":"2\u00a0Minuten"},"schema":{"@context":"https:\/\/schema.org","@graph":[{"@type":"WebPage","@id":"https:\/\/www.hoteltaburiente.com\/de\/gastronomie\/","url":"https:\/\/www.hoteltaburiente.com\/de\/gastronomie\/","name":"Gastronomie in Santa Cruz de Tenerife","isPartOf":{"@id":"https:\/\/www.hoteltaburiente.com\/de\/#website"},"primaryImageOfPage":{"@id":"https:\/\/www.hoteltaburiente.com\/de\/gastronomie\/#primaryimage"},"image":{"@id":"https:\/\/www.hoteltaburiente.com\/de\/gastronomie\/#primaryimage"},"thumbnailUrl":"https:\/\/www.hoteltaburiente.com\/wp-content\/uploads\/2022\/05\/Restaurante-Cayote-en-Santa-Cruz-de-Tenerife-10.jpg","datePublished":"2020-04-07T14:39:16+00:00","dateModified":"2025-09-23T08:37:01+00:00","description":"Die Gastronomie des Hotels Taburiente in Santa Cruz de Tenerife ist empfehlenswert. Qualit\u00e4t der Produkte und Dienstleistungen.","inLanguage":"de","potentialAction":[{"@type":"ReadAction","target":["https:\/\/www.hoteltaburiente.com\/de\/gastronomie\/"]}]},{"@type":"ImageObject","inLanguage":"de","@id":"https:\/\/www.hoteltaburiente.com\/de\/gastronomie\/#primaryimage","url":"https:\/\/www.hoteltaburiente.com\/wp-content\/uploads\/2022\/05\/Restaurante-Cayote-en-Santa-Cruz-de-Tenerife-10.jpg","contentUrl":"https:\/\/www.hoteltaburiente.com\/wp-content\/uploads\/2022\/05\/Restaurante-Cayote-en-Santa-Cruz-de-Tenerife-10.jpg","width":1620,"height":1080,"caption":"Restaurant Cayote in Santa Cruz de Tenerife"},{"@type":"WebSite","@id":"https:\/\/www.hoteltaburiente.com\/de\/#website","url":"https:\/\/www.hoteltaburiente.com\/de\/","name":"Hotel Taburiente","description":"Hotel Taburiente en Santa Cruz de Tenerife","publisher":{"@id":"https:\/\/www.hoteltaburiente.com\/de\/#organization"},"potentialAction":[{"@type":"SearchAction","target":{"@type":"EntryPoint","urlTemplate":"https:\/\/www.hoteltaburiente.com\/de\/?s={search_term_string}"},"query-input":{"@type":"PropertyValueSpecification","valueRequired":true,"valueName":"search_term_string"}}],"inLanguage":"de"},{"@type":"Organization","@id":"https:\/\/www.hoteltaburiente.com\/de\/#organization","name":"Hotel Taburiente","url":"https:\/\/www.hoteltaburiente.com\/de\/","logo":{"@type":"ImageObject","inLanguage":"de","@id":"https:\/\/www.hoteltaburiente.com\/de\/#\/schema\/logo\/image\/","url":"https:\/\/www.hoteltaburiente.com\/wp-content\/uploads\/2019\/03\/logo-hotel-taburiente.png","contentUrl":"https:\/\/www.hoteltaburiente.com\/wp-content\/uploads\/2019\/03\/logo-hotel-taburiente.png","width":1500,"height":300,"caption":"Hotel Taburiente"},"image":{"@id":"https:\/\/www.hoteltaburiente.com\/de\/#\/schema\/logo\/image\/"},"sameAs":["https:\/\/www.facebook.com\/hotel.Taburiente.Tenerife","https:\/\/x.com\/hoteltaburiente","https:\/\/www.instagram.com\/hoteltaburiente\/","https:\/\/www.linkedin.com\/company\/1683911\/admin\/","https:\/\/www.pinterest.es\/hoteltaburiente\/","https:\/\/www.youtube.com\/user\/HotelTaburiente"]}]}},"_links":{"self":[{"href":"https:\/\/www.hoteltaburiente.com\/de\/wp-json\/wp\/v2\/pages\/5433","targetHints":{"allow":["GET"]}}],"collection":[{"href":"https:\/\/www.hoteltaburiente.com\/de\/wp-json\/wp\/v2\/pages"}],"about":[{"href":"https:\/\/www.hoteltaburiente.com\/de\/wp-json\/wp\/v2\/types\/page"}],"author":[{"embeddable":true,"href":"https:\/\/www.hoteltaburiente.com\/de\/wp-json\/wp\/v2\/users\/1"}],"replies":[{"embeddable":true,"href":"https:\/\/www.hoteltaburiente.com\/de\/wp-json\/wp\/v2\/comments?post=5433"}],"version-history":[{"count":0,"href":"https:\/\/www.hoteltaburiente.com\/de\/wp-json\/wp\/v2\/pages\/5433\/revisions"}],"wp:featuredmedia":[{"embeddable":true,"href":"https:\/\/www.hoteltaburiente.com\/de\/wp-json\/wp\/v2\/media\/8301"}],"wp:attachment":[{"href":"https:\/\/www.hoteltaburiente.com\/de\/wp-json\/wp\/v2\/media?parent=5433"}],"curies":[{"name":"wp","href":"https:\/\/api.w.org\/{rel}","templated":true}]}}