{"id":5483,"date":"2020-04-10T12:10:59","date_gmt":"2020-04-10T12:10:59","guid":{"rendered":"https:\/\/develop2.hoteltaburiente.com\/?page_id=5483"},"modified":"2025-09-23T08:46:26","modified_gmt":"2025-09-23T08:46:26","slug":"lounge-bar-velvet","status":"publish","type":"page","link":"https:\/\/www.hoteltaburiente.com\/de\/gastronomie\/lounge-bar-velvet\/","title":{"rendered":"Lounge Bar Velvet"},"content":{"rendered":"<div class=\"wpb-content-wrapper\"><p>[vc_row gap=&#8220;3&#8243; content_placement=&#8220;middle&#8220;][vc_column width=&#8220;1\/2&#8243;][vc_column_text]In unserer Cafeteria bieten wir unsere Speisekarte mit Salaten, leichten Gerichten, Sandwiches und belegten Br\u00f6tchen, Hamburgern, Pizzas, Desserts und Getr\u00e4nken an, die der Kunde in unserem Saal und auf unserer Glasterrasse genie\u00dfen kann.<\/p>\n<p>&nbsp;<\/p>\n<p>Ein ger\u00e4umiger und komfortabler Raum, der so eingerichtet ist, dass sich unsere Kunden von einer informellen und eleganten Atmosph\u00e4re umgeben f\u00fchlen, mit einer modernen Dekoration, in der sie die Qualit\u00e4t unserer Dienstleistungen sch\u00e4tzen k\u00f6nnen.<\/p>\n<p>&nbsp;<\/p>\n<p>Wir haben bequeme M\u00f6bel, die an Ihre Bed\u00fcrfnisse angepasst werden k\u00f6nnen. Einzelne Tische oder gr\u00f6\u00dfere Tische, die in Gruppen genossen werden k\u00f6nnen, sowie einige zus\u00e4tzliche Dienstleistungen, wie z.B. kostenloses Wifi, Steckdosen, damit Sie den Akku Ihres mobilen Ger\u00e4ts, Tablets oder Laptops aufladen k\u00f6nnen, damit Sie weiter arbeiten oder die hohe Surfgeschwindigkeit unseres Internet-Netzwerks genie\u00dfen k\u00f6nnen.[\/vc_column_text][\/vc_column][vc_column width=&#8220;1\/2&#8243;][vc_gallery type=&#8220;image_grid&#8220; images=&#8220;9128,9133,11735,6038&#8243; img_size=&#8220;250&#215;250&#8243; css=&#8220;&#8220;][\/vc_column][\/vc_row][vc_row][vc_column][vc_column_text][\/vc_column_text][\/vc_column][\/vc_row][vc_row][vc_column width=&#8220;1\/2&#8243;][vc_separator color=&#8220;sandy_brown&#8220; align=&#8220;align_left&#8220; el_width=&#8220;30&#8243;][vc_column_text]<\/p>\n<h2 id=\"tw-target-text\" class=\"tw-data-text tw-text-large tw-ta\" dir=\"ltr\" data-placeholder=\"Traducci\u00f3n\">Entdecken Sie den Speiseplan unserer Cafeteria<\/h2>\n<p>[\/vc_column_text][vc_column_text]In unserer Cafeteria im Hotel Taburiente k\u00f6nnen Sie eine Auswahl an Getr\u00e4nken und Speisen probieren, um Ihren Aufenthalt noch mehr zu genie\u00dfen.<\/p>\n<p>Klicken Sie auf den Button, um sie kennenzulernen.[\/vc_column_text]\n\t<div class=\"nd_options_section nd_options_text_align_center\">\n\t<a style=\"border: px solid;border-radius:px;letter-spacing:px;line-height:px;font-size:px;background-color:#dd9933;padding:5px;margin:;color:#ffffff\" rel=\"nofollow\" target=\"_blank\" href=\"https:\/\/www.hoteltaburiente.com\/menus\/cafeteria.pdf\" class=\"nicdark_display_inline_block   nd_options_second_font  \">Men\u00fc des Caf\u00e9s Hotel Taburiente<\/a>\n\t<\/div>\n[\/vc_column][vc_column width=&#8220;1\/2&#8243; offset=&#8220;vc_hidden-xs&#8220;][vc_single_image image=&#8220;9268&#8243; img_size=&#8220;&#8220; alignment=&#8220;center&#8220;][\/vc_column][\/vc_row][vc_row][vc_column][vc_separator color=&#8220;sandy_brown&#8220; el_width=&#8220;30&#8243; css=&#8220;.vc_custom_1681919200908{padding-bottom: 10px !important;}&#8220;][\/vc_column][\/vc_row][vc_row][vc_column width=&#8220;1\/2&#8243; offset=&#8220;vc_hidden-xs&#8220;][vc_single_image image=&#8220;9286&#8243; img_size=&#8220;&#8220; alignment=&#8220;center&#8220;][\/vc_column][vc_column width=&#8220;1\/2&#8243;][vc_column_text]<\/p>\n<h2>Men\u00fc des Zimmerservice<\/h2>\n<p>[\/vc_column_text][vc_column_text]Das Hotel Taburiente bietet seinen G\u00e4sten einen Zimmerservice an, um den Komfort unserer G\u00e4ste zu erh\u00f6hen.<\/p>\n<p>Klicken Sie auf den Button, um sie kennenzulernen.[\/vc_column_text]\n\t<div class=\"nd_options_section nd_options_text_align_center\">\n\t<a style=\"border: px solid;border-radius:px;letter-spacing:px;line-height:px;font-size:px;background-color:#dd9933;padding:5px;margin:;color:#ffffff\" rel=\"nofollow\" target=\"_blank\" href=\"https:\/\/www.hoteltaburiente.com\/menus\/roomservice.pdf\" class=\"nicdark_display_inline_block   nd_options_second_font  \">Men\u00fc des Zimmerservice<\/a>\n\t<\/div>\n[\/vc_column][\/vc_row][vc_row][vc_column][vc_separator color=&#8220;sandy_brown&#8220; el_width=&#8220;30&#8243;][\/vc_column][\/vc_row]<\/p>\n<\/div>","protected":false},"excerpt":{"rendered":"<p>[vc_row gap=&#8220;3&#8243; content_placement=&#8220;middle&#8220;][vc_column width=&#8220;1\/2&#8243;][vc_column_text]In unserer Cafeteria bieten wir unsere Speisekarte mit Salaten, leichten Gerichten, Sandwiches und belegten Br\u00f6tchen, Hamburgern, Pizzas, Desserts und Getr\u00e4nken an, die der Kunde in unserem Saal und auf unserer Glasterrasse genie\u00dfen kann. &nbsp; Ein ger\u00e4umiger und komfortabler Raum, der so eingerichtet ist, dass sich unsere Kunden von einer informellen und eleganten [&hellip;]<\/p>\n","protected":false},"author":1,"featured_media":9128,"parent":5433,"menu_order":2,"comment_status":"closed","ping_status":"closed","template":"","meta":{"_joinchat":[],"footnotes":""},"class_list":["post-5483","page","type-page","status-publish","has-post-thumbnail","hentry"],"yoast_head":"<!-- This site is optimized with the Yoast SEO Premium plugin v22.7 (Yoast SEO v27.5) - https:\/\/yoast.com\/product\/yoast-seo-premium-wordpress\/ -->\n<title>Lounge Bar Velvet Tenerife<\/title>\n<meta name=\"description\" content=\"Lounge Bar Velvet Tenerife. Snackkarte und gro\u00dfe Auswahl an Getr\u00e4nken. Ger\u00e4umige Lobby und verglaste Terrasse. Kostenloses WLAN.\" \/>\n<meta name=\"robots\" content=\"index, follow, max-snippet:-1, max-image-preview:large, max-video-preview:-1\" \/>\n<link rel=\"canonical\" href=\"https:\/\/www.hoteltaburiente.com\/de\/gastronomie\/lounge-bar-velvet\/\" \/>\n<meta property=\"og:locale\" content=\"de_DE\" \/>\n<meta property=\"og:type\" content=\"article\" \/>\n<meta property=\"og:title\" content=\"Lounge Bar Velvet\" \/>\n<meta property=\"og:description\" content=\"Lounge Bar Velvet Tenerife. Snackkarte und gro\u00dfe Auswahl an Getr\u00e4nken. Ger\u00e4umige Lobby und verglaste Terrasse. Kostenloses WLAN.\" \/>\n<meta property=\"og:url\" content=\"https:\/\/www.hoteltaburiente.com\/de\/gastronomie\/lounge-bar-velvet\/\" \/>\n<meta property=\"og:site_name\" content=\"Hotel Taburiente\" \/>\n<meta property=\"article:publisher\" content=\"https:\/\/www.facebook.com\/hotel.Taburiente.Tenerife\" \/>\n<meta property=\"article:modified_time\" content=\"2025-09-23T08:46:26+00:00\" \/>\n<meta property=\"og:image\" content=\"https:\/\/www.hoteltaburiente.com\/wp-content\/uploads\/2023\/04\/Cafeteria-de-Hotel-Taburiente-en-Santa-Cruz-de-Tenerife.jpg\" \/>\n\t<meta property=\"og:image:width\" content=\"1620\" \/>\n\t<meta property=\"og:image:height\" content=\"1080\" \/>\n\t<meta property=\"og:image:type\" content=\"image\/jpeg\" \/>\n<meta name=\"twitter:card\" content=\"summary_large_image\" \/>\n<meta name=\"twitter:site\" content=\"@hoteltaburiente\" \/>\n<meta name=\"twitter:label1\" content=\"Gesch\u00e4tzte Lesezeit\" \/>\n\t<meta name=\"twitter:data1\" content=\"3\u00a0Minuten\" \/>\n<script type=\"application\/ld+json\" class=\"yoast-schema-graph\">{\"@context\":\"https:\\\/\\\/schema.org\",\"@graph\":[{\"@type\":\"WebPage\",\"@id\":\"https:\\\/\\\/www.hoteltaburiente.com\\\/de\\\/gastronomie\\\/lounge-bar-velvet\\\/\",\"url\":\"https:\\\/\\\/www.hoteltaburiente.com\\\/de\\\/gastronomie\\\/lounge-bar-velvet\\\/\",\"name\":\"Lounge Bar Velvet Tenerife\",\"isPartOf\":{\"@id\":\"https:\\\/\\\/www.hoteltaburiente.com\\\/de\\\/#website\"},\"primaryImageOfPage\":{\"@id\":\"https:\\\/\\\/www.hoteltaburiente.com\\\/de\\\/gastronomie\\\/lounge-bar-velvet\\\/#primaryimage\"},\"image\":{\"@id\":\"https:\\\/\\\/www.hoteltaburiente.com\\\/de\\\/gastronomie\\\/lounge-bar-velvet\\\/#primaryimage\"},\"thumbnailUrl\":\"https:\\\/\\\/www.hoteltaburiente.com\\\/wp-content\\\/uploads\\\/2023\\\/04\\\/Cafeteria-de-Hotel-Taburiente-en-Santa-Cruz-de-Tenerife.jpg\",\"datePublished\":\"2020-04-10T12:10:59+00:00\",\"dateModified\":\"2025-09-23T08:46:26+00:00\",\"description\":\"Lounge Bar Velvet Tenerife. Snackkarte und gro\u00dfe Auswahl an Getr\u00e4nken. Ger\u00e4umige Lobby und verglaste Terrasse. Kostenloses WLAN.\",\"breadcrumb\":{\"@id\":\"https:\\\/\\\/www.hoteltaburiente.com\\\/de\\\/gastronomie\\\/lounge-bar-velvet\\\/#breadcrumb\"},\"inLanguage\":\"de\",\"potentialAction\":[{\"@type\":\"ReadAction\",\"target\":[\"https:\\\/\\\/www.hoteltaburiente.com\\\/de\\\/gastronomie\\\/lounge-bar-velvet\\\/\"]}]},{\"@type\":\"ImageObject\",\"inLanguage\":\"de\",\"@id\":\"https:\\\/\\\/www.hoteltaburiente.com\\\/de\\\/gastronomie\\\/lounge-bar-velvet\\\/#primaryimage\",\"url\":\"https:\\\/\\\/www.hoteltaburiente.com\\\/wp-content\\\/uploads\\\/2023\\\/04\\\/Cafeteria-de-Hotel-Taburiente-en-Santa-Cruz-de-Tenerife.jpg\",\"contentUrl\":\"https:\\\/\\\/www.hoteltaburiente.com\\\/wp-content\\\/uploads\\\/2023\\\/04\\\/Cafeteria-de-Hotel-Taburiente-en-Santa-Cruz-de-Tenerife.jpg\",\"width\":1620,\"height\":1080,\"caption\":\"Cafeteria de Hotel Taburiente en Santa Cruz de Tenerife\"},{\"@type\":\"BreadcrumbList\",\"@id\":\"https:\\\/\\\/www.hoteltaburiente.com\\\/de\\\/gastronomie\\\/lounge-bar-velvet\\\/#breadcrumb\",\"itemListElement\":[{\"@type\":\"ListItem\",\"position\":1,\"name\":\"Gastronomie\",\"item\":\"https:\\\/\\\/www.hoteltaburiente.com\\\/de\\\/gastronomie\\\/\"},{\"@type\":\"ListItem\",\"position\":2,\"name\":\"Lounge Bar Velvet\"}]},{\"@type\":\"WebSite\",\"@id\":\"https:\\\/\\\/www.hoteltaburiente.com\\\/de\\\/#website\",\"url\":\"https:\\\/\\\/www.hoteltaburiente.com\\\/de\\\/\",\"name\":\"Hotel Taburiente\",\"description\":\"Hotel Taburiente en Santa Cruz de Tenerife\",\"publisher\":{\"@id\":\"https:\\\/\\\/www.hoteltaburiente.com\\\/de\\\/#organization\"},\"potentialAction\":[{\"@type\":\"SearchAction\",\"target\":{\"@type\":\"EntryPoint\",\"urlTemplate\":\"https:\\\/\\\/www.hoteltaburiente.com\\\/de\\\/?s={search_term_string}\"},\"query-input\":{\"@type\":\"PropertyValueSpecification\",\"valueRequired\":true,\"valueName\":\"search_term_string\"}}],\"inLanguage\":\"de\"},{\"@type\":\"Organization\",\"@id\":\"https:\\\/\\\/www.hoteltaburiente.com\\\/de\\\/#organization\",\"name\":\"Hotel Taburiente\",\"url\":\"https:\\\/\\\/www.hoteltaburiente.com\\\/de\\\/\",\"logo\":{\"@type\":\"ImageObject\",\"inLanguage\":\"de\",\"@id\":\"https:\\\/\\\/www.hoteltaburiente.com\\\/de\\\/#\\\/schema\\\/logo\\\/image\\\/\",\"url\":\"https:\\\/\\\/www.hoteltaburiente.com\\\/wp-content\\\/uploads\\\/2019\\\/03\\\/logo-hotel-taburiente.png\",\"contentUrl\":\"https:\\\/\\\/www.hoteltaburiente.com\\\/wp-content\\\/uploads\\\/2019\\\/03\\\/logo-hotel-taburiente.png\",\"width\":1500,\"height\":300,\"caption\":\"Hotel Taburiente\"},\"image\":{\"@id\":\"https:\\\/\\\/www.hoteltaburiente.com\\\/de\\\/#\\\/schema\\\/logo\\\/image\\\/\"},\"sameAs\":[\"https:\\\/\\\/www.facebook.com\\\/hotel.Taburiente.Tenerife\",\"https:\\\/\\\/x.com\\\/hoteltaburiente\",\"https:\\\/\\\/www.instagram.com\\\/hoteltaburiente\\\/\",\"https:\\\/\\\/www.linkedin.com\\\/company\\\/1683911\\\/admin\\\/\",\"https:\\\/\\\/www.pinterest.es\\\/hoteltaburiente\\\/\",\"https:\\\/\\\/www.youtube.com\\\/user\\\/HotelTaburiente\"]}]}<\/script>\n<!-- \/ Yoast SEO Premium plugin. -->","yoast_head_json":{"title":"Lounge Bar Velvet Tenerife","description":"Lounge Bar Velvet Tenerife. Snackkarte und gro\u00dfe Auswahl an Getr\u00e4nken. Ger\u00e4umige Lobby und verglaste Terrasse. Kostenloses WLAN.","robots":{"index":"index","follow":"follow","max-snippet":"max-snippet:-1","max-image-preview":"max-image-preview:large","max-video-preview":"max-video-preview:-1"},"canonical":"https:\/\/www.hoteltaburiente.com\/de\/gastronomie\/lounge-bar-velvet\/","og_locale":"de_DE","og_type":"article","og_title":"Lounge Bar Velvet","og_description":"Lounge Bar Velvet Tenerife. Snackkarte und gro\u00dfe Auswahl an Getr\u00e4nken. Ger\u00e4umige Lobby und verglaste Terrasse. Kostenloses WLAN.","og_url":"https:\/\/www.hoteltaburiente.com\/de\/gastronomie\/lounge-bar-velvet\/","og_site_name":"Hotel Taburiente","article_publisher":"https:\/\/www.facebook.com\/hotel.Taburiente.Tenerife","article_modified_time":"2025-09-23T08:46:26+00:00","og_image":[{"width":1620,"height":1080,"url":"https:\/\/www.hoteltaburiente.com\/wp-content\/uploads\/2023\/04\/Cafeteria-de-Hotel-Taburiente-en-Santa-Cruz-de-Tenerife.jpg","type":"image\/jpeg"}],"twitter_card":"summary_large_image","twitter_site":"@hoteltaburiente","twitter_misc":{"Gesch\u00e4tzte Lesezeit":"3\u00a0Minuten"},"schema":{"@context":"https:\/\/schema.org","@graph":[{"@type":"WebPage","@id":"https:\/\/www.hoteltaburiente.com\/de\/gastronomie\/lounge-bar-velvet\/","url":"https:\/\/www.hoteltaburiente.com\/de\/gastronomie\/lounge-bar-velvet\/","name":"Lounge Bar Velvet Tenerife","isPartOf":{"@id":"https:\/\/www.hoteltaburiente.com\/de\/#website"},"primaryImageOfPage":{"@id":"https:\/\/www.hoteltaburiente.com\/de\/gastronomie\/lounge-bar-velvet\/#primaryimage"},"image":{"@id":"https:\/\/www.hoteltaburiente.com\/de\/gastronomie\/lounge-bar-velvet\/#primaryimage"},"thumbnailUrl":"https:\/\/www.hoteltaburiente.com\/wp-content\/uploads\/2023\/04\/Cafeteria-de-Hotel-Taburiente-en-Santa-Cruz-de-Tenerife.jpg","datePublished":"2020-04-10T12:10:59+00:00","dateModified":"2025-09-23T08:46:26+00:00","description":"Lounge Bar Velvet Tenerife. Snackkarte und gro\u00dfe Auswahl an Getr\u00e4nken. Ger\u00e4umige Lobby und verglaste Terrasse. Kostenloses WLAN.","breadcrumb":{"@id":"https:\/\/www.hoteltaburiente.com\/de\/gastronomie\/lounge-bar-velvet\/#breadcrumb"},"inLanguage":"de","potentialAction":[{"@type":"ReadAction","target":["https:\/\/www.hoteltaburiente.com\/de\/gastronomie\/lounge-bar-velvet\/"]}]},{"@type":"ImageObject","inLanguage":"de","@id":"https:\/\/www.hoteltaburiente.com\/de\/gastronomie\/lounge-bar-velvet\/#primaryimage","url":"https:\/\/www.hoteltaburiente.com\/wp-content\/uploads\/2023\/04\/Cafeteria-de-Hotel-Taburiente-en-Santa-Cruz-de-Tenerife.jpg","contentUrl":"https:\/\/www.hoteltaburiente.com\/wp-content\/uploads\/2023\/04\/Cafeteria-de-Hotel-Taburiente-en-Santa-Cruz-de-Tenerife.jpg","width":1620,"height":1080,"caption":"Cafeteria de Hotel Taburiente en Santa Cruz de Tenerife"},{"@type":"BreadcrumbList","@id":"https:\/\/www.hoteltaburiente.com\/de\/gastronomie\/lounge-bar-velvet\/#breadcrumb","itemListElement":[{"@type":"ListItem","position":1,"name":"Gastronomie","item":"https:\/\/www.hoteltaburiente.com\/de\/gastronomie\/"},{"@type":"ListItem","position":2,"name":"Lounge Bar Velvet"}]},{"@type":"WebSite","@id":"https:\/\/www.hoteltaburiente.com\/de\/#website","url":"https:\/\/www.hoteltaburiente.com\/de\/","name":"Hotel Taburiente","description":"Hotel Taburiente en Santa Cruz de Tenerife","publisher":{"@id":"https:\/\/www.hoteltaburiente.com\/de\/#organization"},"potentialAction":[{"@type":"SearchAction","target":{"@type":"EntryPoint","urlTemplate":"https:\/\/www.hoteltaburiente.com\/de\/?s={search_term_string}"},"query-input":{"@type":"PropertyValueSpecification","valueRequired":true,"valueName":"search_term_string"}}],"inLanguage":"de"},{"@type":"Organization","@id":"https:\/\/www.hoteltaburiente.com\/de\/#organization","name":"Hotel Taburiente","url":"https:\/\/www.hoteltaburiente.com\/de\/","logo":{"@type":"ImageObject","inLanguage":"de","@id":"https:\/\/www.hoteltaburiente.com\/de\/#\/schema\/logo\/image\/","url":"https:\/\/www.hoteltaburiente.com\/wp-content\/uploads\/2019\/03\/logo-hotel-taburiente.png","contentUrl":"https:\/\/www.hoteltaburiente.com\/wp-content\/uploads\/2019\/03\/logo-hotel-taburiente.png","width":1500,"height":300,"caption":"Hotel Taburiente"},"image":{"@id":"https:\/\/www.hoteltaburiente.com\/de\/#\/schema\/logo\/image\/"},"sameAs":["https:\/\/www.facebook.com\/hotel.Taburiente.Tenerife","https:\/\/x.com\/hoteltaburiente","https:\/\/www.instagram.com\/hoteltaburiente\/","https:\/\/www.linkedin.com\/company\/1683911\/admin\/","https:\/\/www.pinterest.es\/hoteltaburiente\/","https:\/\/www.youtube.com\/user\/HotelTaburiente"]}]}},"_links":{"self":[{"href":"https:\/\/www.hoteltaburiente.com\/de\/wp-json\/wp\/v2\/pages\/5483","targetHints":{"allow":["GET"]}}],"collection":[{"href":"https:\/\/www.hoteltaburiente.com\/de\/wp-json\/wp\/v2\/pages"}],"about":[{"href":"https:\/\/www.hoteltaburiente.com\/de\/wp-json\/wp\/v2\/types\/page"}],"author":[{"embeddable":true,"href":"https:\/\/www.hoteltaburiente.com\/de\/wp-json\/wp\/v2\/users\/1"}],"replies":[{"embeddable":true,"href":"https:\/\/www.hoteltaburiente.com\/de\/wp-json\/wp\/v2\/comments?post=5483"}],"version-history":[{"count":0,"href":"https:\/\/www.hoteltaburiente.com\/de\/wp-json\/wp\/v2\/pages\/5483\/revisions"}],"up":[{"embeddable":true,"href":"https:\/\/www.hoteltaburiente.com\/de\/wp-json\/wp\/v2\/pages\/5433"}],"wp:featuredmedia":[{"embeddable":true,"href":"https:\/\/www.hoteltaburiente.com\/de\/wp-json\/wp\/v2\/media\/9128"}],"wp:attachment":[{"href":"https:\/\/www.hoteltaburiente.com\/de\/wp-json\/wp\/v2\/media?parent=5483"}],"curies":[{"name":"wp","href":"https:\/\/api.w.org\/{rel}","templated":true}]}}