{"id":5662,"date":"2020-04-10T16:46:52","date_gmt":"2020-04-10T16:46:52","guid":{"rendered":"https:\/\/develop2.hoteltaburiente.com\/?page_id=5662"},"modified":"2025-09-05T10:59:36","modified_gmt":"2025-09-05T10:59:36","slug":"kontakt","status":"publish","type":"page","link":"https:\/\/www.hoteltaburiente.com\/de\/kontakt\/","title":{"rendered":"Kontakt"},"content":{"rendered":"<div class=\"wpb-content-wrapper\"><p>[vc_row equal_height=&#8220;yes&#8220;][vc_column width=&#8220;1\/2&#8243; css=&#8220;.vc_custom_1753693814131{padding-top: 10px !important;padding-bottom: 10px !important;background-color: rgba(221,153,51,0.13) !important;*background-color: rgb(221,153,51) !important;}&#8220;]\n                <div class='gf_browser_gecko gform_wrapper' id='gform_wrapper_11' style='display:none'><div id='gf_11' class='gform_anchor' tabindex='-1'><\/div><form method='post' enctype='multipart\/form-data' target='gform_ajax_frame_11' id='gform_11'  action='\/de\/wp-json\/wp\/v2\/pages\/5662#gf_11'>\n                        <div class='gform_body'><ul id='gform_fields_11' class='gform_fields top_label form_sublabel_below description_below'><li id='field_11_7'  class='gfield gfield_contains_required field_sublabel_below field_description_below gfield_visibility_visible' ><label class='gfield_label gfield_label_before_complex'  >Pers\u00f6nliche Daten<span class='gfield_required'>*<\/span><\/label><div class='ginput_complex ginput_container no_prefix has_first_name no_middle_name has_last_name no_suffix gf_name_has_2 ginput_container_name' id='input_11_7'>\n                            \n                            <span id='input_11_7_3_container' class='name_first' >\n                                                    <input type='text' name='input_7.3' id='input_11_7_3' value='' aria-label='Vorname'   aria-required=\"true\" aria-invalid=\"false\" \/>\n                                                    <label for='input_11_7_3' >Name<\/label>\n                                                <\/span>\n                            \n                            <span id='input_11_7_6_container' class='name_last' >\n                                                    <input type='text' name='input_7.6' id='input_11_7_6' value='' aria-label='Nachname'   aria-required=\"true\" aria-invalid=\"false\" \/>\n                                                    <label for='input_11_7_6' >Nachname<\/label>\n                                                <\/span>\n                            \n                        <\/div><\/li><li id='field_11_8'  class='gfield gf_left_half gfield_contains_required field_sublabel_below field_description_below gfield_visibility_visible' ><label class='gfield_label' for='input_11_8' >Telefon<span class='gfield_required'>*<\/span><\/label><div class='ginput_container ginput_container_phone'><input name='input_8' id='input_11_8' type='tel' value='' class='medium'   aria-required=\"true\" aria-invalid=\"false\"  \/><\/div><\/li><li id='field_11_9'  class='gfield gf_right_half gfield_contains_required field_sublabel_below field_description_below gfield_visibility_visible' ><label class='gfield_label' for='input_11_9' >E-Mail<span class='gfield_required'>*<\/span><\/label><div class='ginput_container ginput_container_email'>\n                            <input name='input_9' id='input_11_9' type='email' value='' class='medium'    aria-required=\"true\" aria-invalid=\"false\" \/>\n                        <\/div><\/li><li id='field_11_16'  class='gfield gfield_contains_required field_sublabel_below field_description_below gfield_visibility_visible' ><label class='gfield_label' for='input_11_16' >Betreff<span class='gfield_required'>*<\/span><\/label><div class='ginput_container ginput_container_select'><select name='input_16' id='input_11_16' class='small gfield_select'   aria-required=\"true\" aria-invalid=\"false\"><option value='Information' >Information<\/option><option value='Reservierungen' >Reservierungen<\/option><option value='Webmaster' >Webmaster<\/option><\/select><\/div><div class='gfield_description' id='gfield_description_11_16'>W\u00e4hle eine Option<\/div><\/li><li id='field_11_6'  class='gfield field_sublabel_below field_description_below gfield_visibility_visible' ><label class='gfield_label' for='input_11_6' >Nachricht<\/label><div class='ginput_container ginput_container_textarea'><textarea name='input_6' id='input_11_6' class='textarea medium'      aria-invalid=\"false\"   rows='10' cols='50'><\/textarea><\/div><\/li><li id='field_11_10'  class='gfield gfield_contains_required field_sublabel_below field_description_below gfield_visibility_visible' ><label class='gfield_label'  >Zustimmung DSGVO<span class='gfield_required'>*<\/span><\/label><div class='ginput_container ginput_container_consent'><input name='input_10.1' id='input_11_10_1' type='checkbox' value='1'   aria-required=\"true\" aria-invalid=\"false\"   \/> <label class=\"gfield_consent_label\" for='input_11_10_1' >Ich stimme der <a rel=\"nofollow,noindex\" href=\"https:\/\/www.hoteltaburiente.com\/en\/lopd\" target=\"_blank\">Datenschutzerkl\u00e4rung zu<\/a><\/label><input type='hidden' name='input_10.2' value='Ich stimme der &lt;a rel=&quot;nofollow,noindex&quot; href=&quot;https:\/\/www.hoteltaburiente.com\/en\/lopd&quot; target=&quot;_blank&quot;&gt;Datenschutzerkl\u00e4rung zu&lt;\/a&gt;' class='gform_hidden' \/><input type='hidden' name='input_10.3' value='17' class='gform_hidden' \/><\/div><\/li><li id='field_11_14'  class='gfield gfield_html gfield_html_formatted gfield_no_follows_desc field_sublabel_below field_description_below gfield_visibility_visible' >Der f\u00fcr die Datenverarbeitung Verantwortliche, Hotel Taburiente S.L., verwendet diese Informationen, um Kontaktanfragen zu beantworten. Die \u00fcbermittelten Daten werden in einer gesch\u00fctzten Datenbank innerhalb der EU gespeichert.\nSie k\u00f6nnen auf diese Daten zugreifen, sie berichtigen oder l\u00f6schen, wenn Sie dies w\u00fcnschen.<\/li><li id='field_11_17'  class='gfield gform_validation_container field_sublabel_below field_description_below gfield_visibility_visible' ><label class='gfield_label' for='input_11_17' >Email<\/label><div class='ginput_container'><input name='input_17' id='input_11_17' type='text' value='' autocomplete='off'\/><\/div><div class='gfield_description' id='gfield_description_11_17'>Dieses Feld dient zur Validierung und sollte nicht ver\u00e4ndert werden.<\/div><\/li>\n                            <\/ul><\/div>\n        <div class='gform_footer top_label'> <input type='submit' id='gform_submit_button_11' class='gform_button button' value='Senden'  onclick='if(window[\"gf_submitting_11\"]){return false;}  if( !jQuery(\"#gform_11\")[0].checkValidity || jQuery(\"#gform_11\")[0].checkValidity()){window[\"gf_submitting_11\"]=true;}  ' onkeypress='if( event.keyCode == 13 ){ if(window[\"gf_submitting_11\"]){return false;} if( !jQuery(\"#gform_11\")[0].checkValidity || jQuery(\"#gform_11\")[0].checkValidity()){window[\"gf_submitting_11\"]=true;}  jQuery(\"#gform_11\").trigger(\"submit\",[true]); }' \/> <input type='hidden' name='gform_ajax' value='form_id=11&amp;title=&amp;description=&amp;tabindex=0' \/>\n            <input type='hidden' class='gform_hidden' name='is_submit_11' value='1' \/>\n            <input type='hidden' class='gform_hidden' name='gform_submit' value='11' \/>\n            \n            <input type='hidden' class='gform_hidden' name='gform_unique_id' value='' \/>\n            <input type='hidden' class='gform_hidden' name='state_11' value='WyJ7XCIxMC4xXCI6XCIxMTAxY2M0MWU1MjA2MzI2OTA2ZWYxZmYwNDUyOGM5N1wiLFwiMTAuMlwiOlwiYTRjZjFmNDI4MGRjODc3NTJkMmYwZmU3ZGRkMzIyNWFcIixcIjEwLjNcIjpcIjM3MGQ4ZDRhYzE0MDVhZTg4NjQxMzQ0MTdiNGMxMGU0XCJ9IiwiM2FlY2JhY2I5MzRlNzM4NTM1ZmMwNjUxNWU2OWNmOGEiXQ==' \/>\n            <input type='hidden' class='gform_hidden' name='gform_target_page_number_11' id='gform_target_page_number_11' value='0' \/>\n            <input type='hidden' class='gform_hidden' name='gform_source_page_number_11' id='gform_source_page_number_11' value='1' \/>\n            <input type='hidden' name='gform_field_values' value='' \/>\n            \n        <\/div>\n                        <\/form>\n                        <\/div>\n                <iframe style='display:none;width:0px;height:0px;' src='about:blank' name='gform_ajax_frame_11' id='gform_ajax_frame_11' title='Dieser iframe enth\u00e4lt die erforderliche Logik um Gravity Forms Formulare mit AJAX zu handhaben.'><\/iframe>\n                <script type='text\/javascript'>jQuery(document).ready(function($){gformInitSpinner( 11, 'https:\/\/www.hoteltaburiente.com\/wp-content\/plugins\/gravityforms\/images\/spinner.gif' );jQuery('#gform_ajax_frame_11').on('load',function(){var contents = jQuery(this).contents().find('*').html();var is_postback = contents.indexOf('GF_AJAX_POSTBACK') >= 0;if(!is_postback){return;}var form_content = jQuery(this).contents().find('#gform_wrapper_11');var is_confirmation = jQuery(this).contents().find('#gform_confirmation_wrapper_11').length > 0;var is_redirect = contents.indexOf('gformRedirect(){') >= 0;var is_form = form_content.length > 0 && ! is_redirect && ! is_confirmation;var mt = parseInt(jQuery('html').css('margin-top'), 10) + parseInt(jQuery('body').css('margin-top'), 10) + 100;if(is_form){jQuery('#gform_wrapper_11').html(form_content.html());if(form_content.hasClass('gform_validation_error')){jQuery('#gform_wrapper_11').addClass('gform_validation_error');} else {jQuery('#gform_wrapper_11').removeClass('gform_validation_error');}setTimeout( function() { \/* delay the scroll by 50 milliseconds to fix a bug in chrome *\/ jQuery(document).scrollTop(jQuery('#gform_wrapper_11').offset().top - mt); }, 50 );if(window['gformInitDatepicker']) {gformInitDatepicker();}if(window['gformInitPriceFields']) {gformInitPriceFields();}var current_page = jQuery('#gform_source_page_number_11').val();gformInitSpinner( 11, 'https:\/\/www.hoteltaburiente.com\/wp-content\/plugins\/gravityforms\/images\/spinner.gif' );jQuery(document).trigger('gform_page_loaded', [11, current_page]);window['gf_submitting_11'] = false;}else if(!is_redirect){var confirmation_content = jQuery(this).contents().find('.GF_AJAX_POSTBACK').html();if(!confirmation_content){confirmation_content = contents;}setTimeout(function(){jQuery('#gform_wrapper_11').replaceWith(confirmation_content);jQuery(document).scrollTop(jQuery('#gf_11').offset().top - mt);jQuery(document).trigger('gform_confirmation_loaded', [11]);window['gf_submitting_11'] = false;}, 50);}else{jQuery('#gform_11').append(contents);if(window['gformRedirect']) {gformRedirect();}}jQuery(document).trigger('gform_post_render', [11, current_page]);} );} );<\/script><script type='text\/javascript'> jQuery(document).bind('gform_post_render', function(event, formId, currentPage){if(formId == 11) {gf_global[\"number_formats\"][11] = {\"7\":{\"price\":false,\"value\":false},\"8\":{\"price\":false,\"value\":false},\"9\":{\"price\":false,\"value\":false},\"16\":{\"price\":false,\"value\":false},\"6\":{\"price\":false,\"value\":false},\"10\":{\"price\":false,\"value\":false},\"14\":{\"price\":false,\"value\":false},\"17\":{\"price\":false,\"value\":false}};if(window['jQuery']){if(!window['gf_form_conditional_logic'])window['gf_form_conditional_logic'] = new Array();window['gf_form_conditional_logic'][11] = { logic: { 14: {\"field\":{\"actionType\":\"show\",\"logicType\":\"all\",\"rules\":[{\"fieldId\":\"10\",\"operator\":\"is\",\"value\":\"1\"}]},\"nextButton\":null,\"section\":null} }, dependents: { 14: [14] }, animation: 0, defaults: {\"7\":{\"7.2\":\"\",\"7.3\":\"\",\"7.4\":\"\",\"7.6\":\"\",\"7.8\":\"\"}}, fields: {\"7\":[],\"8\":[],\"9\":[],\"16\":[],\"6\":[],\"10\":[14],\"14\":[],\"17\":[]} }; if(!window['gf_number_format'])window['gf_number_format'] = 'decimal_comma';jQuery(document).ready(function(){gf_apply_rules(11, [14], true);jQuery('#gform_wrapper_11').show();jQuery(document).trigger('gform_post_conditional_logic', [11, null, true]);} );} \t\t\t\tjQuery( \"#gform_11\" ).on( 'submit', function( event ) {\n\t\t\t\t\tjQuery( '<input>' )\n\t\t\t\t\t\t.attr( 'type', 'hidden' )\n\t\t\t\t\t\t.attr( 'name', 'gf_zero_spam_key' )\n\t\t\t\t\t\t.attr( 'value', 'ara9ZP0iqvBUp64NWsttaNQDT9tfx9hUZdpmpE9ep8EvHTJWUBII9pCBcjkHyw1g' )\n\t\t\t\t\t\t.attr( 'autocomplete', 'new-password' )\n\t\t.appendTo( jQuery( this ) );\n\t\t\t\t} );} } );jQuery(document).bind('gform_post_conditional_logic', function(event, formId, fields, isInit){} );<\/script><script type='text\/javascript'> jQuery(document).ready(function(){jQuery(document).trigger('gform_post_render', [11, 1]) } ); <\/script>[\/vc_column][vc_column width=&#8220;1\/2&#8243; css=&#8220;.vc_custom_1753693833349{padding-top: 10px !important;padding-bottom: 10px !important;}&#8220;][vc_gmaps link=&#8220;#E-8_JTNDaWZyYW1lJTIwc3R5bGUlM0QlMjJib3JkZXIlM0ElMjAwJTNCJTIyJTIwc3JjJTNEJTIyaHR0cHMlM0ElMkYlMkZ3d3cuZ29vZ2xlLmNvbSUyRm1hcHMlMkZlbWJlZCUzRnBiJTNEJTIxMW0xOCUyMTFtMTIlMjExbTMlMjExZDIxOS4yMDAyMDEyMTg3NDUyNiUyMTJkLTE2LjI1MzAyODU4NzQyMzYlMjEzZDI4LjQ3MzQyNTk1NjU0ODE3MyUyMTJtMyUyMTFmMCUyMTJmMCUyMTNmMCUyMTNtMiUyMTFpMTAyNCUyMTJpNzY4JTIxNGYxMy4xJTIxM20zJTIxMW0yJTIxMXMweGM0MWNjODAxMDcwNWVkNyUyNTNBMHhjYTA2MjNmODU1ZmM0NGIwJTIxMnNIb3RlbCUyNTIwVGFidXJpZW50ZSUyNTIwVGVuZXJpZmUlMjE1ZTAlMjEzbTIlMjExc2VzJTIxMnNlcyUyMTR2MTU2ODk3NzMxMDI5OCUyMTVtMiUyMTFzZXMlMjEyc2VzJTIyJTIwZnJhbWVib3JkZXIlM0QlMjIwJTIyJTIwYWxsb3dmdWxsc2NyZWVuJTNEJTIyYWxsb3dmdWxsc2NyZWVuJTIyJTNFJTNDJTJGaWZyYW1lJTNF&#8220; css=&#8220;.vc_custom_1753693783883{padding-top: 25px !important;}&#8220;]<div style=\"background-color:;height: 25px\" class=\"nicdark_section  \"><\/div>[vc_row_inner equal_height=&#8220;yes&#8220;][vc_column_inner]\n\n\n  <div class=\"nd_options_section  nd_options_display_table \">\n    <div class=\"nd_options_display_table_cell nd_options_vertical_align_middle nd_options_width_50_percentage nd_options_text_align_left nd_options_padding_10 nd_options_box_sizing_border_box\">\n      <p class=\" nd_options_second_font nd_options_margin_0 nd_options_padding_0\" style=\"color:#1c1c1c\">Adresse:<\/p>\n    <\/div>\n    <div class=\"nd_options_display_table_cell nd_options_vertical_align_middle nd_options_width_50_percentage nd_options_text_align_right nd_options_padding_10 nd_options_box_sizing_border_box\">\n      <p class=\" nd_options_second_font nd_options_margin_0 nd_options_padding_0\" style=\"color:#878787\">Hotel Taburiente<br \/>\nC\/ Dr. Jose Naveiras, 24-A<br \/>\nSanta Cruz de Tenerife<\/p>\n    <\/div>\n  <\/div>\n\n\n   <div style=\"background-color:#f1f1f1;height: 1px\" class=\"nicdark_section  \"><\/div>\n\n\n  <div class=\"nd_options_section  nd_options_display_table \">\n    <div class=\"nd_options_display_table_cell nd_options_vertical_align_middle nd_options_width_50_percentage nd_options_text_align_left nd_options_padding_10 nd_options_box_sizing_border_box\">\n      <p class=\" nd_options_second_font nd_options_margin_0 nd_options_padding_0\" style=\"color:#1c1c1c\">Telefon:<\/p>\n    <\/div>\n    <div class=\"nd_options_display_table_cell nd_options_vertical_align_middle nd_options_width_50_percentage nd_options_text_align_right nd_options_padding_10 nd_options_box_sizing_border_box\">\n      <p class=\" nd_options_second_font nd_options_margin_0 nd_options_padding_0\" style=\"color:#878787\">+34 922 27 60 00<\/p>\n    <\/div>\n  <\/div>\n\n\n   <div style=\"background-color:#f1f1f1;height: 1px\" class=\"nicdark_section  \"><\/div>\n\n\n  <div class=\"nd_options_section  nd_options_display_table \">\n    <div class=\"nd_options_display_table_cell nd_options_vertical_align_middle nd_options_width_50_percentage nd_options_text_align_left nd_options_padding_10 nd_options_box_sizing_border_box\">\n      <p class=\" nd_options_second_font nd_options_margin_0 nd_options_padding_0\" style=\"color:#1c1c1c\">E-Mail:<\/p>\n    <\/div>\n    <div class=\"nd_options_display_table_cell nd_options_vertical_align_middle nd_options_width_50_percentage nd_options_text_align_right nd_options_padding_10 nd_options_box_sizing_border_box\">\n      <p class=\" nd_options_second_font nd_options_margin_0 nd_options_padding_0\" style=\"color:#878787\">reservas@hoteltaburiente.com<\/p>\n    <\/div>\n  <\/div>\n\n\n   <div style=\"background-color:#f1f1f1;height: 1px\" class=\"nicdark_section  \"><\/div><div style=\"background-color:;height: 10px\" class=\"nicdark_section  \"><\/div><div style=\"background-color:;height: 10px\" class=\"nicdark_section  \"><\/div> <p style=\"color:#7f7f7f;padding:px;text-align:;font-size:14px;line-height:12px;letter-spacing: 2px;font-weight:bold\" class=\"   nd_options_second_font \">Reservierungen 24 Stunden verf\u00fcgbar<\/p> [\/vc_column_inner][\/vc_row_inner]\n    <div class=\"nd_options_section nd_options_line_height_0  nd_options_text_align_left \">\n        <span style=\"height:1px;width:30px;background-color:#878787\" class=\"nd_options_display_inline_block\"><\/span>\n    <\/div>\n   <div style=\"background-color:;height: 10px\" class=\"nicdark_section  \"><\/div> <h3 style=\"color:#1c1c1c;padding:px;text-align:;font-size:45px;line-height:45px;letter-spacing: px;font-weight:normal\" class=\"   nd_options_first_font \">+34 922 276 000<\/h3> [\/vc_column][\/vc_row]<\/p>\n<\/div>","protected":false},"excerpt":{"rendered":"<p>[vc_row equal_height=&#8220;yes&#8220;][vc_column width=&#8220;1\/2&#8243; css=&#8220;.vc_custom_1753693814131{padding-top: 10px !important;padding-bottom: 10px !important;background-color: rgba(221,153,51,0.13) !important;*background-color: rgb(221,153,51) !important;}&#8220;][\/vc_column][vc_column width=&#8220;1\/2&#8243; css=&#8220;.vc_custom_1753693833349{padding-top: 10px !important;padding-bottom: 10px !important;}&#8220;][vc_gmaps link=&#8220;#E-8_JTNDaWZyYW1lJTIwc3R5bGUlM0QlMjJib3JkZXIlM0ElMjAwJTNCJTIyJTIwc3JjJTNEJTIyaHR0cHMlM0ElMkYlMkZ3d3cuZ29vZ2xlLmNvbSUyRm1hcHMlMkZlbWJlZCUzRnBiJTNEJTIxMW0xOCUyMTFtMTIlMjExbTMlMjExZDIxOS4yMDAyMDEyMTg3NDUyNiUyMTJkLTE2LjI1MzAyODU4NzQyMzYlMjEzZDI4LjQ3MzQyNTk1NjU0ODE3MyUyMTJtMyUyMTFmMCUyMTJmMCUyMTNmMCUyMTNtMiUyMTFpMTAyNCUyMTJpNzY4JTIxNGYxMy4xJTIxM20zJTIxMW0yJTIxMXMweGM0MWNjODAxMDcwNWVkNyUyNTNBMHhjYTA2MjNmODU1ZmM0NGIwJTIxMnNIb3RlbCUyNTIwVGFidXJpZW50ZSUyNTIwVGVuZXJpZmUlMjE1ZTAlMjEzbTIlMjExc2VzJTIxMnNlcyUyMTR2MTU2ODk3NzMxMDI5OCUyMTVtMiUyMTFzZXMlMjEyc2VzJTIyJTIwZnJhbWVib3JkZXIlM0QlMjIwJTIyJTIwYWxsb3dmdWxsc2NyZWVuJTNEJTIyYWxsb3dmdWxsc2NyZWVuJTIyJTNFJTNDJTJGaWZyYW1lJTNF&#8220; css=&#8220;.vc_custom_1753693783883{padding-top: 25px !important;}&#8220;][vc_row_inner equal_height=&#8220;yes&#8220;][vc_column_inner][\/vc_column_inner][\/vc_row_inner][\/vc_column][\/vc_row]<\/p>\n","protected":false},"author":1,"featured_media":0,"parent":0,"menu_order":0,"comment_status":"closed","ping_status":"closed","template":"","meta":{"_joinchat":[],"footnotes":""},"class_list":["post-5662","page","type-page","status-publish","hentry"],"yoast_head":"<!-- This site is optimized with the Yoast SEO Premium plugin v22.7 (Yoast SEO v27.5) - https:\/\/yoast.com\/product\/yoast-seo-premium-wordpress\/ -->\n<title>Kontakt zum Hotel Taburiente<\/title>\n<meta name=\"description\" content=\"Kontakt zum Hotel Taburiente. Sie k\u00f6nnen online Anfragen zu den Einrichtungen und Veranstaltungen stellen oder ein Zimmer reservieren.\" \/>\n<meta name=\"robots\" content=\"index, follow, max-snippet:-1, max-image-preview:large, max-video-preview:-1\" \/>\n<link rel=\"canonical\" href=\"https:\/\/www.hoteltaburiente.com\/de\/kontakt\/\" \/>\n<meta property=\"og:locale\" content=\"de_DE\" \/>\n<meta property=\"og:type\" content=\"article\" \/>\n<meta property=\"og:title\" content=\"Kontakt\" \/>\n<meta property=\"og:description\" content=\"Kontakt zum Hotel Taburiente. Sie k\u00f6nnen online Anfragen zu den Einrichtungen und Veranstaltungen stellen oder ein Zimmer reservieren.\" \/>\n<meta property=\"og:url\" content=\"https:\/\/www.hoteltaburiente.com\/de\/kontakt\/\" \/>\n<meta property=\"og:site_name\" content=\"Hotel Taburiente\" \/>\n<meta property=\"article:publisher\" content=\"https:\/\/www.facebook.com\/hotel.Taburiente.Tenerife\" \/>\n<meta property=\"article:modified_time\" content=\"2025-09-05T10:59:36+00:00\" \/>\n<meta name=\"twitter:card\" content=\"summary_large_image\" \/>\n<meta name=\"twitter:site\" content=\"@hoteltaburiente\" \/>\n<meta name=\"twitter:label1\" content=\"Gesch\u00e4tzte Lesezeit\" \/>\n\t<meta name=\"twitter:data1\" content=\"1\u00a0Minute\" \/>\n<script type=\"application\/ld+json\" class=\"yoast-schema-graph\">{\"@context\":\"https:\\\/\\\/schema.org\",\"@graph\":[{\"@type\":\"WebPage\",\"@id\":\"https:\\\/\\\/www.hoteltaburiente.com\\\/de\\\/kontakt\\\/\",\"url\":\"https:\\\/\\\/www.hoteltaburiente.com\\\/de\\\/kontakt\\\/\",\"name\":\"Kontakt zum Hotel Taburiente\",\"isPartOf\":{\"@id\":\"https:\\\/\\\/www.hoteltaburiente.com\\\/de\\\/#website\"},\"datePublished\":\"2020-04-10T16:46:52+00:00\",\"dateModified\":\"2025-09-05T10:59:36+00:00\",\"description\":\"Kontakt zum Hotel Taburiente. Sie k\u00f6nnen online Anfragen zu den Einrichtungen und Veranstaltungen stellen oder ein Zimmer reservieren.\",\"inLanguage\":\"de\",\"potentialAction\":[{\"@type\":\"ReadAction\",\"target\":[\"https:\\\/\\\/www.hoteltaburiente.com\\\/de\\\/kontakt\\\/\"]}]},{\"@type\":\"WebSite\",\"@id\":\"https:\\\/\\\/www.hoteltaburiente.com\\\/de\\\/#website\",\"url\":\"https:\\\/\\\/www.hoteltaburiente.com\\\/de\\\/\",\"name\":\"Hotel Taburiente\",\"description\":\"Hotel Taburiente en Santa Cruz de Tenerife\",\"publisher\":{\"@id\":\"https:\\\/\\\/www.hoteltaburiente.com\\\/de\\\/#organization\"},\"potentialAction\":[{\"@type\":\"SearchAction\",\"target\":{\"@type\":\"EntryPoint\",\"urlTemplate\":\"https:\\\/\\\/www.hoteltaburiente.com\\\/de\\\/?s={search_term_string}\"},\"query-input\":{\"@type\":\"PropertyValueSpecification\",\"valueRequired\":true,\"valueName\":\"search_term_string\"}}],\"inLanguage\":\"de\"},{\"@type\":\"Organization\",\"@id\":\"https:\\\/\\\/www.hoteltaburiente.com\\\/de\\\/#organization\",\"name\":\"Hotel Taburiente\",\"url\":\"https:\\\/\\\/www.hoteltaburiente.com\\\/de\\\/\",\"logo\":{\"@type\":\"ImageObject\",\"inLanguage\":\"de\",\"@id\":\"https:\\\/\\\/www.hoteltaburiente.com\\\/de\\\/#\\\/schema\\\/logo\\\/image\\\/\",\"url\":\"https:\\\/\\\/www.hoteltaburiente.com\\\/wp-content\\\/uploads\\\/2019\\\/03\\\/logo-hotel-taburiente.png\",\"contentUrl\":\"https:\\\/\\\/www.hoteltaburiente.com\\\/wp-content\\\/uploads\\\/2019\\\/03\\\/logo-hotel-taburiente.png\",\"width\":1500,\"height\":300,\"caption\":\"Hotel Taburiente\"},\"image\":{\"@id\":\"https:\\\/\\\/www.hoteltaburiente.com\\\/de\\\/#\\\/schema\\\/logo\\\/image\\\/\"},\"sameAs\":[\"https:\\\/\\\/www.facebook.com\\\/hotel.Taburiente.Tenerife\",\"https:\\\/\\\/x.com\\\/hoteltaburiente\",\"https:\\\/\\\/www.instagram.com\\\/hoteltaburiente\\\/\",\"https:\\\/\\\/www.linkedin.com\\\/company\\\/1683911\\\/admin\\\/\",\"https:\\\/\\\/www.pinterest.es\\\/hoteltaburiente\\\/\",\"https:\\\/\\\/www.youtube.com\\\/user\\\/HotelTaburiente\"]}]}<\/script>\n<!-- \/ Yoast SEO Premium plugin. -->","yoast_head_json":{"title":"Kontakt zum Hotel Taburiente","description":"Kontakt zum Hotel Taburiente. Sie k\u00f6nnen online Anfragen zu den Einrichtungen und Veranstaltungen stellen oder ein Zimmer reservieren.","robots":{"index":"index","follow":"follow","max-snippet":"max-snippet:-1","max-image-preview":"max-image-preview:large","max-video-preview":"max-video-preview:-1"},"canonical":"https:\/\/www.hoteltaburiente.com\/de\/kontakt\/","og_locale":"de_DE","og_type":"article","og_title":"Kontakt","og_description":"Kontakt zum Hotel Taburiente. Sie k\u00f6nnen online Anfragen zu den Einrichtungen und Veranstaltungen stellen oder ein Zimmer reservieren.","og_url":"https:\/\/www.hoteltaburiente.com\/de\/kontakt\/","og_site_name":"Hotel Taburiente","article_publisher":"https:\/\/www.facebook.com\/hotel.Taburiente.Tenerife","article_modified_time":"2025-09-05T10:59:36+00:00","twitter_card":"summary_large_image","twitter_site":"@hoteltaburiente","twitter_misc":{"Gesch\u00e4tzte Lesezeit":"1\u00a0Minute"},"schema":{"@context":"https:\/\/schema.org","@graph":[{"@type":"WebPage","@id":"https:\/\/www.hoteltaburiente.com\/de\/kontakt\/","url":"https:\/\/www.hoteltaburiente.com\/de\/kontakt\/","name":"Kontakt zum Hotel Taburiente","isPartOf":{"@id":"https:\/\/www.hoteltaburiente.com\/de\/#website"},"datePublished":"2020-04-10T16:46:52+00:00","dateModified":"2025-09-05T10:59:36+00:00","description":"Kontakt zum Hotel Taburiente. Sie k\u00f6nnen online Anfragen zu den Einrichtungen und Veranstaltungen stellen oder ein Zimmer reservieren.","inLanguage":"de","potentialAction":[{"@type":"ReadAction","target":["https:\/\/www.hoteltaburiente.com\/de\/kontakt\/"]}]},{"@type":"WebSite","@id":"https:\/\/www.hoteltaburiente.com\/de\/#website","url":"https:\/\/www.hoteltaburiente.com\/de\/","name":"Hotel Taburiente","description":"Hotel Taburiente en Santa Cruz de Tenerife","publisher":{"@id":"https:\/\/www.hoteltaburiente.com\/de\/#organization"},"potentialAction":[{"@type":"SearchAction","target":{"@type":"EntryPoint","urlTemplate":"https:\/\/www.hoteltaburiente.com\/de\/?s={search_term_string}"},"query-input":{"@type":"PropertyValueSpecification","valueRequired":true,"valueName":"search_term_string"}}],"inLanguage":"de"},{"@type":"Organization","@id":"https:\/\/www.hoteltaburiente.com\/de\/#organization","name":"Hotel Taburiente","url":"https:\/\/www.hoteltaburiente.com\/de\/","logo":{"@type":"ImageObject","inLanguage":"de","@id":"https:\/\/www.hoteltaburiente.com\/de\/#\/schema\/logo\/image\/","url":"https:\/\/www.hoteltaburiente.com\/wp-content\/uploads\/2019\/03\/logo-hotel-taburiente.png","contentUrl":"https:\/\/www.hoteltaburiente.com\/wp-content\/uploads\/2019\/03\/logo-hotel-taburiente.png","width":1500,"height":300,"caption":"Hotel Taburiente"},"image":{"@id":"https:\/\/www.hoteltaburiente.com\/de\/#\/schema\/logo\/image\/"},"sameAs":["https:\/\/www.facebook.com\/hotel.Taburiente.Tenerife","https:\/\/x.com\/hoteltaburiente","https:\/\/www.instagram.com\/hoteltaburiente\/","https:\/\/www.linkedin.com\/company\/1683911\/admin\/","https:\/\/www.pinterest.es\/hoteltaburiente\/","https:\/\/www.youtube.com\/user\/HotelTaburiente"]}]}},"_links":{"self":[{"href":"https:\/\/www.hoteltaburiente.com\/de\/wp-json\/wp\/v2\/pages\/5662","targetHints":{"allow":["GET"]}}],"collection":[{"href":"https:\/\/www.hoteltaburiente.com\/de\/wp-json\/wp\/v2\/pages"}],"about":[{"href":"https:\/\/www.hoteltaburiente.com\/de\/wp-json\/wp\/v2\/types\/page"}],"author":[{"embeddable":true,"href":"https:\/\/www.hoteltaburiente.com\/de\/wp-json\/wp\/v2\/users\/1"}],"replies":[{"embeddable":true,"href":"https:\/\/www.hoteltaburiente.com\/de\/wp-json\/wp\/v2\/comments?post=5662"}],"version-history":[{"count":0,"href":"https:\/\/www.hoteltaburiente.com\/de\/wp-json\/wp\/v2\/pages\/5662\/revisions"}],"wp:attachment":[{"href":"https:\/\/www.hoteltaburiente.com\/de\/wp-json\/wp\/v2\/media?parent=5662"}],"curies":[{"name":"wp","href":"https:\/\/api.w.org\/{rel}","templated":true}]}}