{"id":12067,"date":"2025-02-20T13:19:57","date_gmt":"2025-02-20T13:19:57","guid":{"rendered":"https:\/\/www.hoteltaburiente.com\/?page_id=12067"},"modified":"2025-09-09T13:43:51","modified_gmt":"2025-09-09T13:43:51","slug":"politique-en-matiere-de-cookies","status":"publish","type":"page","link":"https:\/\/www.hoteltaburiente.com\/fr\/politique-en-matiere-de-cookies\/","title":{"rendered":"Politique en mati\u00e8re de cookies"},"content":{"rendered":"<div class=\"wpb-content-wrapper\"><p>[vc_row][vc_column][vc_column_text css=\u00a0\u00bb\u00a0\u00bb]<\/p>\n<h2><strong>1. Que sont les cookies ?<\/strong><\/h2>\n<div style=\"text-align: justify; padding: 1em 0 2.5em; color: #000;\">Les cookies sont de petits fichiers texte qui sont stock\u00e9s sur votre appareil (ordinateur, t\u00e9l\u00e9phone mobile ou tablette) lorsque vous visitez un site web. Ces cookies permettent au site web de se souvenir des informations concernant votre visite, telles que votre langue pr\u00e9f\u00e9r\u00e9e, ce qui facilite votre prochaine visite et am\u00e9liore l&rsquo;exp\u00e9rience de navigation.<\/div>\n<h2><strong>2. Quels types de cookies utilisons-nous ?<\/strong><\/h2>\n<div style=\"text-align: justify; padding: 1em 0 2.5em; color: #000;\">\n<p>Sur le site web de <strong>l&rsquo;H\u00f4tel Taburiente<\/strong>, nous utilisons des cookies propres et de tiers pour diff\u00e9rentes finalit\u00e9s. Voici les types :<\/p>\n<ul>\n<li><strong>Cookies techniques ou strictement n\u00e9cessaires<\/strong> <strong>:<\/strong> essentiels au bon fonctionnement du site web, ils permettent la navigation et l\u2019utilisation des fonctionnalit\u00e9s de base du site (par exemple, l&rsquo;authentification des utilisateurs, la configuration de la langue, etc.).<\/li>\n<li><strong>Cookies de personnalisation<\/strong> <strong>:<\/strong> permettent de m\u00e9moriser les pr\u00e9f\u00e9rences de l&rsquo;utilisateur (par exemple, la langue, la r\u00e9gion, etc.) et d\u2019offrir une exp\u00e9rience personnalis\u00e9e.<\/li>\n<li><strong>Cookies analytiques<\/strong> <strong>:<\/strong> comme Google Analytics, pour analyser le comportement des utilisateurs sur le site, am\u00e9liorer sa performance et optimiser l&rsquo;exp\u00e9rience utilisateur.<\/li>\n<li><strong>Cookies publicitaires<\/strong> <strong>:<\/strong> permettent de g\u00e9rer efficacement les espaces publicitaires du site, en adaptant les annonces aux int\u00e9r\u00eats des utilisateurs en fonction de leur activit\u00e9 sur le site.<\/li>\n<li><strong>Cookies de r\u00e9seaux sociaux<\/strong> <strong>:<\/strong> permettent \u00e0 l&rsquo;utilisateur de partager le contenu du site sur les r\u00e9seaux sociaux et d\u2019offrir des fonctionnalit\u00e9s li\u00e9es \u00e0 ceux-ci.<\/li>\n<\/ul>\n<\/div>\n<h2><strong>3. Consentement pour l&rsquo;utilisation des cookies<\/strong><\/h2>\n<div style=\"text-align: justify; padding: 1em 0 2.5em; color: #000;\">Conform\u00e9ment \u00e0 la l\u00e9gislation en vigueur, en acc\u00e9dant \u00e0 notre site web, nous vous informons de l&rsquo;utilisation des cookies et vous demandons votre consentement pour leur utilisation. Si vous acceptez, vous pouvez continuer \u00e0 naviguer. Sinon, vous pouvez configurer votre navigateur pour les d\u00e9sactiver, bien que certaines fonctionnalit\u00e9s du site puissent ne pas fonctionner correctement.<\/div>\n<h2><strong>4. Comment puis-je g\u00e9rer les cookies ?<\/strong><\/h2>\n<div style=\"text-align: justify; padding: 1em 0 2.5em; color: #000;\">Vous pouvez les g\u00e9rer depuis votre navigateur. En bloquant ou supprimant les cookies, certaines fonctionnalit\u00e9s du site web peuvent \u00eatre affect\u00e9es.<br \/>\nCi-dessous, nous vous proposons des liens vers des tutoriels pour configurer leur utilisation dans les navigateurs les plus courants :<\/p>\n<ul>\n<li><strong>Google Chrome :<\/strong> <a href=\"https:\/\/support.google.com\/chrome\/answer\/95647?hl=fr\" target=\"_blank\" rel=\"noopener\">[Lien de support]<\/a><\/li>\n<li><strong>Mozilla Firefox :<\/strong> <a href=\"https:\/\/support.mozilla.org\/fr\/kb\/effacer-cookies-donnees-site-firefox\" target=\"_blank\" rel=\"noopener\">[Lien de support]<\/a><\/li>\n<li><strong>Safari :<\/strong> <a href=\"https:\/\/support.apple.com\/fr-fr\/guide\/safari\/sfri11471\/mac\" target=\"_blank\" rel=\"noopener\">[Lien de support]<\/a><\/li>\n<li><strong>Microsoft Edge :<\/strong> <a href=\"https:\/\/support.microsoft.com\/fr-fr\/windows\/g%C3%A9rer-les-cookies-dans-microsoft-edge-afficher-autoriser-bloquer-supprimer-et-utiliser-168dab11-0753-043d-7c16-ede5947fc64d\" target=\"_blank\" rel=\"noopener\">[Lien de support]<\/a><\/li>\n<\/ul>\n<\/div>\n<h2><strong>5.\u00a0Cookies de tiers<\/strong><\/h2>\n<div style=\"text-align: justify; padding: 1em 0 2.5em; color: #000;\">\n<p>L&rsquo;H\u00f4tel Taburiente utilise \u00e9galement des cookies tiers pour l&rsquo;analyse web et la publicit\u00e9. Voici les partenaires avec lesquels nous collaborons :<\/p>\n<ul>\n<li><strong>Google Analytics<\/strong> <strong>:<\/strong> nous utilisons cet outil pour collecter des donn\u00e9es sur le trafic de notre site web \u00e0 des fins analytiques. Vous pouvez consulter la politique de confidentialit\u00e9 de Google ici : <a href=\"https:\/\/policies.google.com\/privacy?hl=fr\" target=\"_blank\" rel=\"noopener\">Politique de confidentialit\u00e9 de Google Analytics<\/a>.<\/li>\n<li><strong>R\u00e9seaux sociaux<\/strong> <strong>:<\/strong> les cookies des r\u00e9seaux sociaux (Facebook, Instagram, etc.) permettent de partager du contenu et de faciliter l&rsquo;interaction avec ces plateformes. Pour plus d&rsquo;informations sur leurs politiques de confidentialit\u00e9 et de cookies, nous vous recommandons de consulter directement ces plateformes.<\/li>\n<\/ul>\n<\/div>\n<h2><strong>6. Comment d\u00e9sactiver les cookies ?<\/strong><\/h2>\n<div style=\"text-align: justify; padding: 1em 0 2.5em; color: #000;\">Si vous ne souhaitez pas qu&rsquo;ils soient install\u00e9s sur votre appareil, vous pouvez configurer votre navigateur pour refuser leur utilisation. Cependant, en les d\u00e9sactivant, certaines fonctionnalit\u00e9s du site web peuvent \u00eatre affect\u00e9es. Dans tous les cas, si vous souhaitez les restreindre, les bloquer ou les supprimer, vous pouvez le faire en modifiant les param\u00e8tres de votre navigateur.<\/div>\n<h2><strong>7. Modifications de notre politique de cookies<\/strong><\/h2>\n<div style=\"text-align: justify; padding: 1em 0 2.5em; color: #000;\">Nous pouvons mettre \u00e0 jour cette politique \u00e0 tout moment pour l&rsquo;adapter aux changements l\u00e9gislatifs ou aux besoins du site web. Toute modification sera publi\u00e9e sur cette m\u00eame page.<\/div>\n<h2><strong>8. Contact<\/strong><\/h2>\n<div style=\"text-align: justify; padding: 1em 0 0; color: #000;\">Si vous avez des questions concernant l&rsquo;utilisation des cookies sur notre site web ou notre politique de confidentialit\u00e9, n&rsquo;h\u00e9sitez pas \u00e0 nous contacter :<br \/>\n<strong>H\u00f4tel Taburiente<\/strong><br \/>\n<strong>Adresse :<\/strong> Calle Dr. Jos\u00e9 Naveiras, 24-A, 38001 Santa Cruz de Tenerife, \u00celes Canaries, Espagne.<br \/>\n<strong>T\u00e9l\u00e9phone :<\/strong> +34 922 27 60 00<br \/>\n<strong>Email:<\/strong> <a href=\"mailto:reservas@hoteltaburiente.com\" target=\"_blank\" rel=\"noopener\">reservas@hoteltaburiente.com<\/a><\/div>\n<p>[\/vc_column_text][\/vc_column][\/vc_row]<\/p>\n<\/div>","protected":false},"excerpt":{"rendered":"<p>[vc_row][vc_column][vc_column_text css=\u00a0\u00bb\u00a0\u00bb] 1. Que sont les cookies ? Les cookies sont de petits fichiers texte qui sont stock\u00e9s sur votre appareil (ordinateur, t\u00e9l\u00e9phone mobile ou tablette) lorsque vous visitez un site web. Ces cookies permettent au site web de se souvenir des informations concernant votre visite, telles que votre langue pr\u00e9f\u00e9r\u00e9e, ce qui facilite votre [&hellip;]<\/p>\n","protected":false},"author":12,"featured_media":0,"parent":0,"menu_order":0,"comment_status":"closed","ping_status":"closed","template":"","meta":{"_joinchat":[],"footnotes":""},"class_list":["post-12067","page","type-page","status-publish","hentry"],"yoast_head":"<!-- This site is optimized with the Yoast SEO Premium plugin v22.7 (Yoast SEO v27.4) - https:\/\/yoast.com\/product\/yoast-seo-premium-wordpress\/ -->\n<title>Politique en mati\u00e8re de cookies - Hotel Taburiente<\/title>\n<meta name=\"robots\" content=\"noindex, nofollow\" \/>\n<meta property=\"og:locale\" content=\"fr_FR\" \/>\n<meta property=\"og:type\" content=\"article\" \/>\n<meta property=\"og:title\" content=\"Politique en mati\u00e8re de cookies\" \/>\n<meta property=\"og:description\" content=\"[vc_row][vc_column][vc_column_text css=\u00a0\u00bb\u00a0\u00bb] 1. Que sont les cookies ? Les cookies sont de petits fichiers texte qui sont stock\u00e9s sur votre appareil (ordinateur, t\u00e9l\u00e9phone mobile ou tablette) lorsque vous visitez un site web. Ces cookies permettent au site web de se souvenir des informations concernant votre visite, telles que votre langue pr\u00e9f\u00e9r\u00e9e, ce qui facilite votre [&hellip;]\" \/>\n<meta property=\"og:url\" content=\"https:\/\/www.hoteltaburiente.com\/fr\/politique-en-matiere-de-cookies\/\" \/>\n<meta property=\"og:site_name\" content=\"Hotel Taburiente\" \/>\n<meta property=\"article:publisher\" content=\"https:\/\/www.facebook.com\/hotel.Taburiente.Tenerife\" \/>\n<meta property=\"article:modified_time\" content=\"2025-09-09T13:43:51+00:00\" \/>\n<meta name=\"twitter:card\" content=\"summary_large_image\" \/>\n<meta name=\"twitter:site\" content=\"@hoteltaburiente\" \/>\n<meta name=\"twitter:label1\" content=\"Dur\u00e9e de lecture estim\u00e9e\" \/>\n\t<meta name=\"twitter:data1\" content=\"3 minutes\" \/>\n<script type=\"application\/ld+json\" class=\"yoast-schema-graph\">{\"@context\":\"https:\\\/\\\/schema.org\",\"@graph\":[{\"@type\":\"WebPage\",\"@id\":\"https:\\\/\\\/www.hoteltaburiente.com\\\/fr\\\/politique-en-matiere-de-cookies\\\/\",\"url\":\"https:\\\/\\\/www.hoteltaburiente.com\\\/fr\\\/politique-en-matiere-de-cookies\\\/\",\"name\":\"Politique en mati\u00e8re de cookies - Hotel Taburiente\",\"isPartOf\":{\"@id\":\"https:\\\/\\\/www.hoteltaburiente.com\\\/fr\\\/#website\"},\"datePublished\":\"2025-02-20T13:19:57+00:00\",\"dateModified\":\"2025-09-09T13:43:51+00:00\",\"inLanguage\":\"fr-FR\",\"potentialAction\":[{\"@type\":\"ReadAction\",\"target\":[\"https:\\\/\\\/www.hoteltaburiente.com\\\/fr\\\/politique-en-matiere-de-cookies\\\/\"]}]},{\"@type\":\"WebSite\",\"@id\":\"https:\\\/\\\/www.hoteltaburiente.com\\\/fr\\\/#website\",\"url\":\"https:\\\/\\\/www.hoteltaburiente.com\\\/fr\\\/\",\"name\":\"Hotel Taburiente\",\"description\":\"Hotel Taburiente en Santa Cruz de Tenerife\",\"publisher\":{\"@id\":\"https:\\\/\\\/www.hoteltaburiente.com\\\/fr\\\/#organization\"},\"potentialAction\":[{\"@type\":\"SearchAction\",\"target\":{\"@type\":\"EntryPoint\",\"urlTemplate\":\"https:\\\/\\\/www.hoteltaburiente.com\\\/fr\\\/?s={search_term_string}\"},\"query-input\":{\"@type\":\"PropertyValueSpecification\",\"valueRequired\":true,\"valueName\":\"search_term_string\"}}],\"inLanguage\":\"fr-FR\"},{\"@type\":\"Organization\",\"@id\":\"https:\\\/\\\/www.hoteltaburiente.com\\\/fr\\\/#organization\",\"name\":\"Hotel Taburiente\",\"url\":\"https:\\\/\\\/www.hoteltaburiente.com\\\/fr\\\/\",\"logo\":{\"@type\":\"ImageObject\",\"inLanguage\":\"fr-FR\",\"@id\":\"https:\\\/\\\/www.hoteltaburiente.com\\\/fr\\\/#\\\/schema\\\/logo\\\/image\\\/\",\"url\":\"https:\\\/\\\/www.hoteltaburiente.com\\\/wp-content\\\/uploads\\\/2019\\\/03\\\/logo-hotel-taburiente.png\",\"contentUrl\":\"https:\\\/\\\/www.hoteltaburiente.com\\\/wp-content\\\/uploads\\\/2019\\\/03\\\/logo-hotel-taburiente.png\",\"width\":1500,\"height\":300,\"caption\":\"Hotel Taburiente\"},\"image\":{\"@id\":\"https:\\\/\\\/www.hoteltaburiente.com\\\/fr\\\/#\\\/schema\\\/logo\\\/image\\\/\"},\"sameAs\":[\"https:\\\/\\\/www.facebook.com\\\/hotel.Taburiente.Tenerife\",\"https:\\\/\\\/x.com\\\/hoteltaburiente\",\"https:\\\/\\\/www.instagram.com\\\/hoteltaburiente\\\/\",\"https:\\\/\\\/www.linkedin.com\\\/company\\\/1683911\\\/admin\\\/\",\"https:\\\/\\\/www.pinterest.es\\\/hoteltaburiente\\\/\",\"https:\\\/\\\/www.youtube.com\\\/user\\\/HotelTaburiente\"]}]}<\/script>\n<!-- \/ Yoast SEO Premium plugin. -->","yoast_head_json":{"title":"Politique en mati\u00e8re de cookies - Hotel Taburiente","robots":{"index":"noindex","follow":"nofollow"},"og_locale":"fr_FR","og_type":"article","og_title":"Politique en mati\u00e8re de cookies","og_description":"[vc_row][vc_column][vc_column_text css=\u00a0\u00bb\u00a0\u00bb] 1. Que sont les cookies ? Les cookies sont de petits fichiers texte qui sont stock\u00e9s sur votre appareil (ordinateur, t\u00e9l\u00e9phone mobile ou tablette) lorsque vous visitez un site web. Ces cookies permettent au site web de se souvenir des informations concernant votre visite, telles que votre langue pr\u00e9f\u00e9r\u00e9e, ce qui facilite votre [&hellip;]","og_url":"https:\/\/www.hoteltaburiente.com\/fr\/politique-en-matiere-de-cookies\/","og_site_name":"Hotel Taburiente","article_publisher":"https:\/\/www.facebook.com\/hotel.Taburiente.Tenerife","article_modified_time":"2025-09-09T13:43:51+00:00","twitter_card":"summary_large_image","twitter_site":"@hoteltaburiente","twitter_misc":{"Dur\u00e9e de lecture estim\u00e9e":"3 minutes"},"schema":{"@context":"https:\/\/schema.org","@graph":[{"@type":"WebPage","@id":"https:\/\/www.hoteltaburiente.com\/fr\/politique-en-matiere-de-cookies\/","url":"https:\/\/www.hoteltaburiente.com\/fr\/politique-en-matiere-de-cookies\/","name":"Politique en mati\u00e8re de cookies - Hotel Taburiente","isPartOf":{"@id":"https:\/\/www.hoteltaburiente.com\/fr\/#website"},"datePublished":"2025-02-20T13:19:57+00:00","dateModified":"2025-09-09T13:43:51+00:00","inLanguage":"fr-FR","potentialAction":[{"@type":"ReadAction","target":["https:\/\/www.hoteltaburiente.com\/fr\/politique-en-matiere-de-cookies\/"]}]},{"@type":"WebSite","@id":"https:\/\/www.hoteltaburiente.com\/fr\/#website","url":"https:\/\/www.hoteltaburiente.com\/fr\/","name":"Hotel Taburiente","description":"Hotel Taburiente en Santa Cruz de Tenerife","publisher":{"@id":"https:\/\/www.hoteltaburiente.com\/fr\/#organization"},"potentialAction":[{"@type":"SearchAction","target":{"@type":"EntryPoint","urlTemplate":"https:\/\/www.hoteltaburiente.com\/fr\/?s={search_term_string}"},"query-input":{"@type":"PropertyValueSpecification","valueRequired":true,"valueName":"search_term_string"}}],"inLanguage":"fr-FR"},{"@type":"Organization","@id":"https:\/\/www.hoteltaburiente.com\/fr\/#organization","name":"Hotel Taburiente","url":"https:\/\/www.hoteltaburiente.com\/fr\/","logo":{"@type":"ImageObject","inLanguage":"fr-FR","@id":"https:\/\/www.hoteltaburiente.com\/fr\/#\/schema\/logo\/image\/","url":"https:\/\/www.hoteltaburiente.com\/wp-content\/uploads\/2019\/03\/logo-hotel-taburiente.png","contentUrl":"https:\/\/www.hoteltaburiente.com\/wp-content\/uploads\/2019\/03\/logo-hotel-taburiente.png","width":1500,"height":300,"caption":"Hotel Taburiente"},"image":{"@id":"https:\/\/www.hoteltaburiente.com\/fr\/#\/schema\/logo\/image\/"},"sameAs":["https:\/\/www.facebook.com\/hotel.Taburiente.Tenerife","https:\/\/x.com\/hoteltaburiente","https:\/\/www.instagram.com\/hoteltaburiente\/","https:\/\/www.linkedin.com\/company\/1683911\/admin\/","https:\/\/www.pinterest.es\/hoteltaburiente\/","https:\/\/www.youtube.com\/user\/HotelTaburiente"]}]}},"_links":{"self":[{"href":"https:\/\/www.hoteltaburiente.com\/fr\/wp-json\/wp\/v2\/pages\/12067","targetHints":{"allow":["GET"]}}],"collection":[{"href":"https:\/\/www.hoteltaburiente.com\/fr\/wp-json\/wp\/v2\/pages"}],"about":[{"href":"https:\/\/www.hoteltaburiente.com\/fr\/wp-json\/wp\/v2\/types\/page"}],"author":[{"embeddable":true,"href":"https:\/\/www.hoteltaburiente.com\/fr\/wp-json\/wp\/v2\/users\/12"}],"replies":[{"embeddable":true,"href":"https:\/\/www.hoteltaburiente.com\/fr\/wp-json\/wp\/v2\/comments?post=12067"}],"version-history":[{"count":0,"href":"https:\/\/www.hoteltaburiente.com\/fr\/wp-json\/wp\/v2\/pages\/12067\/revisions"}],"wp:attachment":[{"href":"https:\/\/www.hoteltaburiente.com\/fr\/wp-json\/wp\/v2\/media?parent=12067"}],"curies":[{"name":"wp","href":"https:\/\/api.w.org\/{rel}","templated":true}]}}