{"id":13108,"date":"2025-09-10T13:26:20","date_gmt":"2025-09-10T13:26:20","guid":{"rendered":"https:\/\/www.hoteltaburiente.com\/?page_id=13108"},"modified":"2025-09-10T13:26:20","modified_gmt":"2025-09-10T13:26:20","slug":"rgpd","status":"publish","type":"page","link":"https:\/\/www.hoteltaburiente.com\/fr\/rgpd\/","title":{"rendered":"RGPD"},"content":{"rendered":"<div class=\"wpb-content-wrapper\"><p>[vc_row][vc_column][vc_column_text css=\u00a0\u00bb.vc_custom_1757510775544{padding-top: 5px !important;}\u00a0\u00bb]<\/p>\n<div style=\"text-align: justify; padding: 1em 0 2.5em; color: #000;\">Hotel Taburiente S.L. informe les utilisateurs du site web qu\u2019il respecte la l\u00e9gislation en vigueur en mati\u00e8re de protection, confidentialit\u00e9, secret et s\u00e9curit\u00e9 des donn\u00e9es personnelles, en adoptant les mesures techniques et organisationnelles n\u00e9cessaires pour \u00e9viter leur perte, alt\u00e9ration, traitement ou acc\u00e8s non autoris\u00e9, compte tenu de l\u2019\u00e9tat de la technologie, de la nature des donn\u00e9es et des risques auxquels elles sont expos\u00e9es.<br data-start=\"533\" data-end=\"536\" \/>\u00c0 cet \u00e9gard, le responsable du traitement garantit le respect de la r\u00e9glementation \u00e9nonc\u00e9e dans la Loi Organique 3\/2018 du 5 d\u00e9cembre sur la protection des donn\u00e9es personnelles et la garantie des droits num\u00e9riques (LOPD GDD). Il respecte \u00e9galement le R\u00e8glement (UE) 2016\/679 du Parlement europ\u00e9en et du Conseil du 27 avril 2016 relatif \u00e0 la protection des personnes physiques (RGPD).<\/div>\n<h2>Identit\u00e9 du responsable du traitement<\/h2>\n<div style=\"text-align: justify; padding: 1em 0 2.5em; color: #000;\">\n<ul>\n<li><b>Responsable :<\/b>\u00a0 Hotel Taburiente S.L.<\/li>\n<li><b>NIF :<\/b> B38460358. Inscrite au Registre du Commerce de Santa Cruz de Tenerife, Tome 1519, Feuillet 71, Feuille TF-15460, Inscription 1\u00e8re, en date du 28 ao\u00fbt 1997.<\/li>\n<li><b>Si\u00e8ge social :<\/b>\u00a0 C\/ Dr. Jos\u00e9 Naveiras 24 A. CP 38001 Santa Cruz de Tenerife.<\/li>\n<li><b>Adresse e-mail :<\/b>\u00a0 <a href=\"mailto:direccion@hoteltaburiente.com\">direccion@hoteltaburiente.com<\/a><\/li>\n<li><b>T\u00e9l\u00e9phone de contact :<\/b>\u00a0 +34 922 27 60 00<\/li>\n<li><b>Site web :<\/b>\u00a0 <a href=\"https:\/\/www.hoteltaburiente.com\/fr\/\">https:\/\/www.hoteltaburiente.com<\/a><\/li>\n<\/ul>\n<\/div>\n<h2>Principes appliqu\u00e9s dans le traitement des donn\u00e9es<\/h2>\n<div style=\"text-align: justify; padding: 1em 0 2.5em; color: #000;\">\n<p>Les principes suivants seront appliqu\u00e9s, conform\u00e9ment aux exigences du RGPD :<\/p>\n<ul>\n<li><strong>Principe de lic\u00e9it\u00e9, loyaut\u00e9 et transparence :<\/strong> le responsable demandera toujours le consentement pour le traitement des donn\u00e9es personnelles, qui pourront \u00eatre utilis\u00e9es \u00e0 une ou plusieurs fins sp\u00e9cifiques, lesquelles seront pr\u00e9alablement communiqu\u00e9es \u00e0 l&rsquo;utilisateur de mani\u00e8re transparente.<\/li>\n<li><strong>Principe de minimisation des donn\u00e9es :<\/strong> seules les donn\u00e9es strictement n\u00e9cessaires \u00e0 la finalit\u00e9 vis\u00e9e seront demand\u00e9es.<\/li>\n<li><strong>Principe de limitation de la conservation :<\/strong> les donn\u00e9es personnelles seront conserv\u00e9es uniquement pendant le temps n\u00e9cessaire \u00e0 la r\u00e9alisation de la ou des finalit\u00e9s. En cas d\u2019abonnement, les listes seront r\u00e9guli\u00e8rement r\u00e9vis\u00e9es et les enregistrements inactifs seront supprim\u00e9s apr\u00e8s un d\u00e9lai raisonnable.<\/li>\n<li><strong>Principe d\u2019int\u00e9grit\u00e9 et de confidentialit\u00e9 :<\/strong> les donn\u00e9es seront trait\u00e9es de mani\u00e8re \u00e0 garantir leur s\u00e9curit\u00e9, confidentialit\u00e9 et int\u00e9grit\u00e9. Le responsable prend les pr\u00e9cautions n\u00e9cessaires pour emp\u00eacher l\u2019acc\u00e8s ou l\u2019utilisation abusive des donn\u00e9es par des tiers.<\/li>\n<\/ul>\n<\/div>\n<h2>Collecte de donn\u00e9es personnelles<\/h2>\n<div style=\"text-align: justify; padding: 1em 0 2.5em; color: #000;\">\n<p>Il n\u2019est pas n\u00e9cessaire de fournir des donn\u00e9es personnelles pour naviguer sur le site web. Les cas o\u00f9 vous devrez fournir des donn\u00e9es sont :<\/p>\n<ul>\n<li>Lors de l\u2019inscription via un formulaire ou \u00e0 une newsletter g\u00e9r\u00e9e par MailChimp.<\/li>\n<\/ul>\n<\/div>\n<h2>Droits des utilisateurs<\/h2>\n<div style=\"text-align: justify; padding: 1em 0 2.5em; color: #000;\">\n<p>Vous avez le droit de :<\/p>\n<ul>\n<li>Demander l\u2019acc\u00e8s aux donn\u00e9es stock\u00e9es.<\/li>\n<li>Demander leur rectification ou suppression.<\/li>\n<li>Demander la limitation de leur traitement.<\/li>\n<li>Vous opposer au traitement.<\/li>\n<li>Demander la portabilit\u00e9 de vos donn\u00e9es.<\/li>\n<\/ul>\n<p>L\u2019exercice de ces droits est personnel et doit \u00eatre exerc\u00e9 directement par la personne concern\u00e9e en contactant le responsable.<br data-start=\"3272\" data-end=\"3275\" \/>Toute personne ayant fourni des donn\u00e9es peut demander des informations sur leur traitement, demander leur rectification, portabilit\u00e9, suppression ou opposition. Cela n\u2019inclut pas les donn\u00e9es que le responsable est tenu de conserver \u00e0 des fins administratives, l\u00e9gales ou de s\u00e9curit\u00e9.<br \/>\nVotre demande devra \u00eatre accompagn\u00e9e d\u2019une copie de votre pi\u00e8ce d\u2019identit\u00e9 \u00e0 : <a href=\"mailto:direccion@hoteltaburiente.com\">direccion@hoteltaburiente.com<\/a>.<br \/>\nVous avez \u00e9galement le droit \u00e0 un recours judiciaire effectif et \u00e0 d\u00e9poser une plainte aupr\u00e8s de l\u2019autorit\u00e9 de contr\u00f4le, en l\u2019occurrence l\u2019<strong data-start=\"3815\" data-end=\"3861\">Agence Espagnole de Protection des Donn\u00e9es<\/strong>, si vous consid\u00e9rez que le traitement enfreint la r\u00e9glementation.<\/p>\n<\/div>\n<h2 id=\"finalidad-del-tratamiento-de-datos-personales\">Finalit\u00e9 du traitement des donn\u00e9es personnelles<\/h2>\n<div style=\"text-align: justify; padding: 1em 0 2.5em; color: #000;\">\n<p>Lorsque vous vous connectez au site et envoyez un formulaire, vous fournissez des donn\u00e9es personnelles. Ces donn\u00e9es peuvent inclure votre adresse IP, nom, pr\u00e9nom, adresse physique, e-mail, num\u00e9ro de t\u00e9l\u00e9phone, etc. En le faisant, vous donnez votre consentement pour que vos donn\u00e9es soient collect\u00e9es, utilis\u00e9es, g\u00e9r\u00e9es et stock\u00e9es par Axarnet.<br \/>\nLes seules donn\u00e9es auxquelles Hotel Taburiente S.L. aura acc\u00e8s seront celles fournies volontairement.<br data-start=\"4443\" data-end=\"4446\" \/>Pour effectuer une r\u00e9servation sur notre site, des donn\u00e9es personnelles sont n\u00e9cessaires. Leur fourniture implique un consentement expr\u00e8s \u00e0 leur inclusion dans un fichier automatis\u00e9 appartenant \u00e0 l\u2019h\u00f4tel.<br data-start=\"4650\" data-end=\"4653\" \/>Sauf indication contraire, toutes les donn\u00e9es sont obligatoires, \u00e0 l\u2019exception de celles marqu\u00e9es comme \u00ab facultatives \u00bb. L\u2019absence de donn\u00e9es obligatoires emp\u00eachera le traitement de votre demande.<br \/>\nLes donn\u00e9es seront trait\u00e9es pour g\u00e9rer votre demande de r\u00e9servation.<br data-start=\"4924\" data-end=\"4927\" \/>Sauf opposition, elles pourront \u00e9galement \u00eatre utilis\u00e9es \u00e0 des fins publicitaires pour vous informer sur les services et offres.<br data-start=\"5055\" data-end=\"5058\" \/>Hotel Taburiente S.L. envoie des communications commerciales par e-mail et messagerie instantan\u00e9e (WhatsApp). L\u2019adresse e-mail ou le num\u00e9ro de t\u00e9l\u00e9phone fourni ne sera utilis\u00e9 que pour vous r\u00e9pondre ou, si vous y avez consenti, pour l\u2019envoi de communications commerciales.<br \/>\nEn nous fournissant vos coordonn\u00e9es via WhatsApp, vous nous autorisez express\u00e9ment \u00e0 vous contacter par ce biais.<br data-start=\"5449\" data-end=\"5452\" \/>Vos donn\u00e9es seront trait\u00e9es en toute confidentialit\u00e9, conform\u00e9ment \u00e0 la l\u00e9gislation en vigueur.<br \/>\nTraitement selon le syst\u00e8me de collecte :<\/p>\n<ul>\n<li><strong data-start=\"5607\" data-end=\"5648\">Formulaires d\u2019abonnement \u00e0 du contenu :<\/strong> e responsable collecte nom, pr\u00e9nom, adresse e-mail, num\u00e9ro de t\u00e9l\u00e9phone et site web afin de g\u00e9rer la liste des abonn\u00e9s, envoyer des newsletters, promotions et offres sp\u00e9ciales.<br data-start=\"5828\" data-end=\"5831\" \/>Les donn\u00e9es sont h\u00e9berg\u00e9es sur les serveurs de The Rocket Science Group LLC d\/b\/a (Mailchimp), situ\u00e9 aux \u00c9tats-Unis.<\/li>\n<\/ul>\n<p>Autres finalit\u00e9s du traitement des donn\u00e9es :<\/p>\n<ul>\n<li><strong>Garantir le respect des lois applicables<\/strong>, notamment via des outils ou algorithmes pour assurer la confidentialit\u00e9 des donn\u00e9es.<\/li>\n<li><strong>Am\u00e9liorer les services<\/strong> du site web.<\/li>\n<li><strong>G\u00e9rer les r\u00e9seaux sociaux.<\/strong> Le responsable a une pr\u00e9sence sur diff\u00e9rentes plateformes. Si vous devenez \u00ab abonn\u00e9 \u00bb ou \u00ab fan \u00bb, vos donn\u00e9es seront trait\u00e9es conform\u00e9ment \u00e0 cette politique ainsi qu\u2019aux conditions d\u2019utilisation de chaque plateforme. Vous pouvez consulter les politiques de confidentialit\u00e9 ici :\n<ul>\n<li><a href=\"https:\/\/www.facebook.com\/help\/cookies\" target=\"_blank\" rel=\"nofollow noopener\">Facebook<\/a><\/li>\n<li><a href=\"https:\/\/www.linkedin.com\/legal\/cookie-policy\" target=\"_blank\" rel=\"nofollow noopener\">Linkedin<\/a><\/li>\n<li><a href=\"https:\/\/www.youtube.com\/privacy\" target=\"_blank\" rel=\"nofollow noopener\">YouTube<\/a><\/li>\n<li><a href=\"https:\/\/www.instagram.com\/legal\/privacy\/\" target=\"_blank\" rel=\"nofollow noopener\">Instagram<\/a><\/li>\n<\/ul>\n<p>Les donn\u00e9es seront utilis\u00e9es pour g\u00e9rer correctement la pr\u00e9sence du responsable sur les r\u00e9seaux sociaux, vous informer de ses activit\u00e9s, et toute autre finalit\u00e9 permise par les politiques de chaque plateforme.<br data-start=\"6756\" data-end=\"6759\" \/>En aucun cas, les profils ne seront utilis\u00e9s pour l\u2019envoi de publicit\u00e9 individuelle.<\/li>\n<\/ul>\n<\/div>\n<h2>S\u00e9curit\u00e9 des donn\u00e9es personnelles<\/h2>\n<div style=\"text-align: justify; padding: 1em 0 2.5em; color: #000;\">\n<p data-start=\"6891\" data-end=\"7125\">Le responsable prend toutes les pr\u00e9cautions raisonnables et suit les meilleures pratiques de l\u2019industrie pour emp\u00eacher toute perte, usage abusif, acc\u00e8s non autoris\u00e9, divulgation, alt\u00e9ration ou destruction des donn\u00e9es personnelles.<br \/>\nLe site est h\u00e9berg\u00e9 sur les serveurs d\u2019Axarnet, qui prennent toutes les mesures n\u00e9cessaires pour garantir la s\u00e9curit\u00e9 des donn\u00e9es. Vous pouvez consulter leur politique de confidentialit\u00e9 pour en savoir plus.<\/p>\n<\/div>\n<h2>Contenu provenant d\u2019autres sites<\/h2>\n<div style=\"text-align: justify; padding: 1em 0 2.5em; color: #000;\">Les pages du site peuvent inclure du contenu int\u00e9gr\u00e9 (vid\u00e9os, images, articles, etc.). Ce contenu int\u00e9gr\u00e9 se comporte de la m\u00eame mani\u00e8re que si vous visitiez directement l\u2019autre site.<br data-start=\"7568\" data-end=\"7571\" \/>Ces sites peuvent collecter des donn\u00e9es, utiliser des cookies, int\u00e9grer des outils de suivi tiers, et suivre vos interactions.<\/div>\n<h2>Politique de cookies<\/h2>\n<div style=\"text-align: justify; padding: 1em 0 2.5em; color: #000;\">Ce site utilise des cookies pour fonctionner correctement. Pour consulter notre politique en la mati\u00e8re, cliquez <a href=\"https:\/\/www.hoteltaburiente.com\/fr\/politique-en-matiere-de-cookies\/\">ici<\/a>.<\/div>\n<h2>Base l\u00e9gale du traitement<\/h2>\n<div style=\"text-align: justify; padding: 1em 0 2.5em; color: #000;\">La base l\u00e9gale du traitement de vos donn\u00e9es est le consentement explicite de la personne concern\u00e9e.<\/div>\n<h2>Cat\u00e9gories de donn\u00e9es personnelles<\/h2>\n<div style=\"text-align: justify; padding: 1em 0 2.5em; color: #000;\">Le responsable traite des donn\u00e9es d\u2019identification. Aucune cat\u00e9gorie de donn\u00e9es dites sensibles n\u2019est trait\u00e9e.<\/div>\n<h2>Conservation des donn\u00e9es<\/h2>\n<div style=\"text-align: justify; padding: 1em 0 2.5em; color: #000;\">Les donn\u00e9es personnelles seront conserv\u00e9es jusqu\u2019\u00e0 demande de suppression de la part de la personne concern\u00e9e.<\/div>\n<h2 id=\"destinatarios\">Destinataires des donn\u00e9es<\/h2>\n<div style=\"text-align: justify; padding: 1em 0 2.5em; color: #000;\">\n<ul>\n<li><b>Mailchimp \u2013<\/b> The Rocket Science Group LLC d\/b\/a , bas\u00e9 aux \u00c9tats-Unis.<br \/>\nPlus d&rsquo;informations : <a href=\"https:\/\/mailchimp.com\/legal\/privacy\/\" target=\"_blank\" rel=\"nofollow noopener\">https:\/\/mailchimp.com<\/a><br \/>\nTraite les donn\u00e9es pour fournir des services d\u2019email marketing.<\/li>\n<li><b>Google Analytics \u2013<\/b> Service d\u2019analyse web fourni par Google Inc., dont le si\u00e8ge est situ\u00e9 au 1600 Amphitheatre Parkway, Mountain View, Californie, \u00c9tats-Unis. Utilise des cookies pour aider \u00e0 analyser l\u2019usage du site. Les donn\u00e9es g\u00e9n\u00e9r\u00e9es (y compris votre adresse IP) seront transmises et stock\u00e9es par Google aux \u00c9tats-Unis.<br \/>\nPlus d&rsquo;informations: <a href=\"https:\/\/policies.google.com\/privacy?hl=es-ES\" target=\"_blank\" rel=\"nofollow noopener\">https:\/\/analytics.google.com<\/a><\/li>\n<\/ul>\n<p>Politique de confidentialit\u00e9 de Google : <a href=\"https:\/\/policies.google.com\/privacy?hl=fr\" target=\"_blank\" rel=\"nofollow noopener\">https:\/\/policies.google.com\/privacy?hl=fr<\/a><br \/>\nPour voir les types de cookies utilis\u00e9s par Google et ses partenaires :<\/p>\n<ul>\n<li><a href=\"https:\/\/policies.google.com\/technologies\/types?hl=fr\" target=\"_blank\" rel=\"nofollow noopener\">Types de cookies utilis\u00e9s par Google<\/a><\/li>\n<li><a href=\"https:\/\/policies.google.com\/technologies\/ads?hl=fr\" target=\"_blank\" rel=\"nofollow noopener\">Utilisation des cookies \u00e0 des fins publicitaires par Google<\/a><\/li>\n<\/ul>\n<\/div>\n<h2>Navigation sur le site<\/h2>\n<div style=\"text-align: justify; padding: 1em 0 2.5em; color: #000;\">Des donn\u00e9es non identifiables peuvent \u00eatre collect\u00e9es lors de la navigation : adresse IP, g\u00e9olocalisation, historique d\u2019utilisation, habitudes de navigation, etc.<br data-start=\"9511\" data-end=\"9514\" \/>Le site utilise les services de Google Analytics.<br data-start=\"9567\" data-end=\"9570\" \/>Les donn\u00e9es collect\u00e9es sont utilis\u00e9es pour analyser les tendances, administrer le site, \u00e9tudier les habitudes de navigation et recueillir des donn\u00e9es d\u00e9mographiques.<br data-start=\"9735\" data-end=\"9738\" \/>Le responsable n\u2019est pas responsable du traitement des donn\u00e9es personnelles effectu\u00e9 par les sites tiers accessibles via des liens pr\u00e9sents sur ce site.<\/div>\n<h2>Exactitude et v\u00e9racit\u00e9 des donn\u00e9es personnelles<\/h2>\n<div style=\"text-align: justify; padding: 1em 0 2.5em; color: #000;\">L\u2019utilisateur garantit que les donn\u00e9es fournies \u00e0 Hotel Taburiente S.L. sont exactes, compl\u00e8tes et \u00e0 jour, et s\u2019engage \u00e0 informer de toute modification. Il exon\u00e8re le responsable de toute responsabilit\u00e9 \u00e0 ce titre.<br data-start=\"10174\" data-end=\"10177\" \/>S\u2019il fournit des donn\u00e9es de tiers, il devra les informer au pr\u00e9alable des dispositions de cette politique.<\/div>\n<h2>Acceptation et consentement<\/h2>\n<div style=\"text-align: justify; padding: 1em 0 2.5em; color: #000;\">En tant qu\u2019utilisateur du site, vous d\u00e9clarez avoir \u00e9t\u00e9 inform\u00e9 des conditions relatives \u00e0 la protection des donn\u00e9es personnelles, les accepter et donner votre consentement expr\u00e8s \u00e0 leur traitement, selon les finalit\u00e9s indiqu\u00e9es.<br data-start=\"10558\" data-end=\"10561\" \/>L\u2019acc\u00e8s ou l\u2019utilisation de ce site implique votre adh\u00e9sion \u00e0 ces conditions.<\/div>\n<h2>Modifications de la politique de confidentialit\u00e9<\/h2>\n<div style=\"text-align: justify; padding: 1em 0 0; color: #000;\">Le responsable se r\u00e9serve le droit de modifier cette politique pour l\u2019adapter \u00e0 des \u00e9volutions l\u00e9gislatives ou jurisprudentielles, ou \u00e0 des pratiques du secteur.<br data-start=\"10862\" data-end=\"10865\" \/>Ces politiques resteront en vigueur jusqu\u2019\u00e0 leur modification par d\u2019autres d\u00fbment publi\u00e9es.<\/div>\n<p>[\/vc_column_text][\/vc_column][\/vc_row]<\/p>\n<\/div>","protected":false},"excerpt":{"rendered":"<p>[vc_row][vc_column][vc_column_text css=\u00a0\u00bb.vc_custom_1757510775544{padding-top: 5px !important;}\u00a0\u00bb] Hotel Taburiente S.L. informe les utilisateurs du site web qu\u2019il respecte la l\u00e9gislation en vigueur en mati\u00e8re de protection, confidentialit\u00e9, secret et s\u00e9curit\u00e9 des donn\u00e9es personnelles, en adoptant les mesures techniques et organisationnelles n\u00e9cessaires pour \u00e9viter leur perte, alt\u00e9ration, traitement ou acc\u00e8s non autoris\u00e9, compte tenu de l\u2019\u00e9tat de la technologie, [&hellip;]<\/p>\n","protected":false},"author":12,"featured_media":0,"parent":0,"menu_order":0,"comment_status":"closed","ping_status":"closed","template":"","meta":{"_joinchat":[],"footnotes":""},"class_list":["post-13108","page","type-page","status-publish","hentry"],"yoast_head":"<!-- This site is optimized with the Yoast SEO Premium plugin v22.7 (Yoast SEO v27.4) - https:\/\/yoast.com\/product\/yoast-seo-premium-wordpress\/ -->\n<title>RGPD - Hotel Taburiente<\/title>\n<meta name=\"robots\" content=\"noindex, nofollow\" \/>\n<meta property=\"og:locale\" content=\"fr_FR\" \/>\n<meta property=\"og:type\" content=\"article\" \/>\n<meta property=\"og:title\" content=\"RGPD\" \/>\n<meta property=\"og:description\" content=\"[vc_row][vc_column][vc_column_text css=\u00a0\u00bb.vc_custom_1757510775544{padding-top: 5px !important;}\u00a0\u00bb] Hotel Taburiente S.L. informe les utilisateurs du site web qu\u2019il respecte la l\u00e9gislation en vigueur en mati\u00e8re de protection, confidentialit\u00e9, secret et s\u00e9curit\u00e9 des donn\u00e9es personnelles, en adoptant les mesures techniques et organisationnelles n\u00e9cessaires pour \u00e9viter leur perte, alt\u00e9ration, traitement ou acc\u00e8s non autoris\u00e9, compte tenu de l\u2019\u00e9tat de la technologie, [&hellip;]\" \/>\n<meta property=\"og:url\" content=\"https:\/\/www.hoteltaburiente.com\/fr\/rgpd\/\" \/>\n<meta property=\"og:site_name\" content=\"Hotel Taburiente\" \/>\n<meta property=\"article:publisher\" content=\"https:\/\/www.facebook.com\/hotel.Taburiente.Tenerife\" \/>\n<meta name=\"twitter:card\" content=\"summary_large_image\" \/>\n<meta name=\"twitter:site\" content=\"@hoteltaburiente\" \/>\n<meta name=\"twitter:label1\" content=\"Dur\u00e9e de lecture estim\u00e9e\" \/>\n\t<meta name=\"twitter:data1\" content=\"9 minutes\" \/>\n<script type=\"application\/ld+json\" class=\"yoast-schema-graph\">{\"@context\":\"https:\\\/\\\/schema.org\",\"@graph\":[{\"@type\":\"WebPage\",\"@id\":\"https:\\\/\\\/www.hoteltaburiente.com\\\/fr\\\/rgpd\\\/\",\"url\":\"https:\\\/\\\/www.hoteltaburiente.com\\\/fr\\\/rgpd\\\/\",\"name\":\"RGPD - Hotel Taburiente\",\"isPartOf\":{\"@id\":\"https:\\\/\\\/www.hoteltaburiente.com\\\/fr\\\/#website\"},\"datePublished\":\"2025-09-10T13:26:20+00:00\",\"inLanguage\":\"fr-FR\",\"potentialAction\":[{\"@type\":\"ReadAction\",\"target\":[\"https:\\\/\\\/www.hoteltaburiente.com\\\/fr\\\/rgpd\\\/\"]}]},{\"@type\":\"WebSite\",\"@id\":\"https:\\\/\\\/www.hoteltaburiente.com\\\/fr\\\/#website\",\"url\":\"https:\\\/\\\/www.hoteltaburiente.com\\\/fr\\\/\",\"name\":\"Hotel Taburiente\",\"description\":\"Hotel Taburiente en Santa Cruz de Tenerife\",\"publisher\":{\"@id\":\"https:\\\/\\\/www.hoteltaburiente.com\\\/fr\\\/#organization\"},\"potentialAction\":[{\"@type\":\"SearchAction\",\"target\":{\"@type\":\"EntryPoint\",\"urlTemplate\":\"https:\\\/\\\/www.hoteltaburiente.com\\\/fr\\\/?s={search_term_string}\"},\"query-input\":{\"@type\":\"PropertyValueSpecification\",\"valueRequired\":true,\"valueName\":\"search_term_string\"}}],\"inLanguage\":\"fr-FR\"},{\"@type\":\"Organization\",\"@id\":\"https:\\\/\\\/www.hoteltaburiente.com\\\/fr\\\/#organization\",\"name\":\"Hotel Taburiente\",\"url\":\"https:\\\/\\\/www.hoteltaburiente.com\\\/fr\\\/\",\"logo\":{\"@type\":\"ImageObject\",\"inLanguage\":\"fr-FR\",\"@id\":\"https:\\\/\\\/www.hoteltaburiente.com\\\/fr\\\/#\\\/schema\\\/logo\\\/image\\\/\",\"url\":\"https:\\\/\\\/www.hoteltaburiente.com\\\/wp-content\\\/uploads\\\/2019\\\/03\\\/logo-hotel-taburiente.png\",\"contentUrl\":\"https:\\\/\\\/www.hoteltaburiente.com\\\/wp-content\\\/uploads\\\/2019\\\/03\\\/logo-hotel-taburiente.png\",\"width\":1500,\"height\":300,\"caption\":\"Hotel Taburiente\"},\"image\":{\"@id\":\"https:\\\/\\\/www.hoteltaburiente.com\\\/fr\\\/#\\\/schema\\\/logo\\\/image\\\/\"},\"sameAs\":[\"https:\\\/\\\/www.facebook.com\\\/hotel.Taburiente.Tenerife\",\"https:\\\/\\\/x.com\\\/hoteltaburiente\",\"https:\\\/\\\/www.instagram.com\\\/hoteltaburiente\\\/\",\"https:\\\/\\\/www.linkedin.com\\\/company\\\/1683911\\\/admin\\\/\",\"https:\\\/\\\/www.pinterest.es\\\/hoteltaburiente\\\/\",\"https:\\\/\\\/www.youtube.com\\\/user\\\/HotelTaburiente\"]}]}<\/script>\n<!-- \/ Yoast SEO Premium plugin. -->","yoast_head_json":{"title":"RGPD - Hotel Taburiente","robots":{"index":"noindex","follow":"nofollow"},"og_locale":"fr_FR","og_type":"article","og_title":"RGPD","og_description":"[vc_row][vc_column][vc_column_text css=\u00a0\u00bb.vc_custom_1757510775544{padding-top: 5px !important;}\u00a0\u00bb] Hotel Taburiente S.L. informe les utilisateurs du site web qu\u2019il respecte la l\u00e9gislation en vigueur en mati\u00e8re de protection, confidentialit\u00e9, secret et s\u00e9curit\u00e9 des donn\u00e9es personnelles, en adoptant les mesures techniques et organisationnelles n\u00e9cessaires pour \u00e9viter leur perte, alt\u00e9ration, traitement ou acc\u00e8s non autoris\u00e9, compte tenu de l\u2019\u00e9tat de la technologie, [&hellip;]","og_url":"https:\/\/www.hoteltaburiente.com\/fr\/rgpd\/","og_site_name":"Hotel Taburiente","article_publisher":"https:\/\/www.facebook.com\/hotel.Taburiente.Tenerife","twitter_card":"summary_large_image","twitter_site":"@hoteltaburiente","twitter_misc":{"Dur\u00e9e de lecture estim\u00e9e":"9 minutes"},"schema":{"@context":"https:\/\/schema.org","@graph":[{"@type":"WebPage","@id":"https:\/\/www.hoteltaburiente.com\/fr\/rgpd\/","url":"https:\/\/www.hoteltaburiente.com\/fr\/rgpd\/","name":"RGPD - Hotel Taburiente","isPartOf":{"@id":"https:\/\/www.hoteltaburiente.com\/fr\/#website"},"datePublished":"2025-09-10T13:26:20+00:00","inLanguage":"fr-FR","potentialAction":[{"@type":"ReadAction","target":["https:\/\/www.hoteltaburiente.com\/fr\/rgpd\/"]}]},{"@type":"WebSite","@id":"https:\/\/www.hoteltaburiente.com\/fr\/#website","url":"https:\/\/www.hoteltaburiente.com\/fr\/","name":"Hotel Taburiente","description":"Hotel Taburiente en Santa Cruz de Tenerife","publisher":{"@id":"https:\/\/www.hoteltaburiente.com\/fr\/#organization"},"potentialAction":[{"@type":"SearchAction","target":{"@type":"EntryPoint","urlTemplate":"https:\/\/www.hoteltaburiente.com\/fr\/?s={search_term_string}"},"query-input":{"@type":"PropertyValueSpecification","valueRequired":true,"valueName":"search_term_string"}}],"inLanguage":"fr-FR"},{"@type":"Organization","@id":"https:\/\/www.hoteltaburiente.com\/fr\/#organization","name":"Hotel Taburiente","url":"https:\/\/www.hoteltaburiente.com\/fr\/","logo":{"@type":"ImageObject","inLanguage":"fr-FR","@id":"https:\/\/www.hoteltaburiente.com\/fr\/#\/schema\/logo\/image\/","url":"https:\/\/www.hoteltaburiente.com\/wp-content\/uploads\/2019\/03\/logo-hotel-taburiente.png","contentUrl":"https:\/\/www.hoteltaburiente.com\/wp-content\/uploads\/2019\/03\/logo-hotel-taburiente.png","width":1500,"height":300,"caption":"Hotel Taburiente"},"image":{"@id":"https:\/\/www.hoteltaburiente.com\/fr\/#\/schema\/logo\/image\/"},"sameAs":["https:\/\/www.facebook.com\/hotel.Taburiente.Tenerife","https:\/\/x.com\/hoteltaburiente","https:\/\/www.instagram.com\/hoteltaburiente\/","https:\/\/www.linkedin.com\/company\/1683911\/admin\/","https:\/\/www.pinterest.es\/hoteltaburiente\/","https:\/\/www.youtube.com\/user\/HotelTaburiente"]}]}},"_links":{"self":[{"href":"https:\/\/www.hoteltaburiente.com\/fr\/wp-json\/wp\/v2\/pages\/13108","targetHints":{"allow":["GET"]}}],"collection":[{"href":"https:\/\/www.hoteltaburiente.com\/fr\/wp-json\/wp\/v2\/pages"}],"about":[{"href":"https:\/\/www.hoteltaburiente.com\/fr\/wp-json\/wp\/v2\/types\/page"}],"author":[{"embeddable":true,"href":"https:\/\/www.hoteltaburiente.com\/fr\/wp-json\/wp\/v2\/users\/12"}],"replies":[{"embeddable":true,"href":"https:\/\/www.hoteltaburiente.com\/fr\/wp-json\/wp\/v2\/comments?post=13108"}],"version-history":[{"count":0,"href":"https:\/\/www.hoteltaburiente.com\/fr\/wp-json\/wp\/v2\/pages\/13108\/revisions"}],"wp:attachment":[{"href":"https:\/\/www.hoteltaburiente.com\/fr\/wp-json\/wp\/v2\/media?parent=13108"}],"curies":[{"name":"wp","href":"https:\/\/api.w.org\/{rel}","templated":true}]}}