{"id":5418,"date":"2020-04-07T13:18:46","date_gmt":"2020-04-07T13:18:46","guid":{"rendered":"https:\/\/develop2.hoteltaburiente.com\/?page_id=5418"},"modified":"2025-09-19T09:09:40","modified_gmt":"2025-09-19T09:09:40","slug":"lhotel","status":"publish","type":"page","link":"https:\/\/www.hoteltaburiente.com\/fr\/inicio\/lhotel\/","title":{"rendered":"L\u2019H\u00f4tel"},"content":{"rendered":"<div class=\"wpb-content-wrapper\"><p>[vc_row][vc_column width=\u00a0\u00bb1\/2&Prime;][vc_column_text]L&rsquo;H\u00f4tel Taburiente a \u00e9t\u00e9 fond\u00e9 en 1966 avec 45 chambres et la cat\u00e9gorie d&rsquo;une r\u00e9sidence h\u00f4teli\u00e8re deux \u00e9toiles. En 1976, il a \u00e9t\u00e9 agrandi \u00e0 90 chambres et est rapidement devenu un h\u00f4tel car la cat\u00e9gorie des h\u00f4tels r\u00e9sidentiels a disparu.<\/p>\n<p>&nbsp;<\/p>\n<p>En 1989, il a \u00e9t\u00e9 \u00e0 nouveau \u00e9tendu \u00e0 116 chambres et a entrepris une r\u00e9forme g\u00e9n\u00e9rale des installations, de la d\u00e9coration et des services. Au cours de ces ann\u00e9es, elle a pos\u00e9 sa candidature pour les trois \u00e9toiles qui lui ont \u00e9t\u00e9 d\u00e9cern\u00e9es. En 2007, elle a achev\u00e9 sa derni\u00e8re extension et sa r\u00e9novation g\u00e9n\u00e9rale. Depuis lors, il compte 165 chambres.<\/p>\n<p>&nbsp;<\/p>\n<p>Santa Cruz de Tenerife est situ\u00e9e au nord-est de l&rsquo;\u00eele de Tenerife, \u00e9tant en m\u00eame temps la capitale de la province des \u00eeles les plus occidentales La Palma, La Gomera et El Hierro.<\/p>\n<p>La ville portuaire borde l&rsquo;Atlantique et se trouve \u00e0 seulement 7 km de l&rsquo;une des plages les plus c\u00e9l\u00e8bres de l&rsquo;\u00eele, Las Teresitas, d&rsquo;o\u00f9 l&rsquo;on peut \u00e9galement acc\u00e9der facilement au Parque Rural del Anaga, qui est l&rsquo;une des plus anciennes zones de Tenerife avec sa for\u00eat Laurisilva, que l&rsquo;on peut traverser gr\u00e2ce \u00e0 un vaste r\u00e9seau de sentiers.<\/p>\n<p>&nbsp;<\/p>\n<p>Santa Cruz de Tenerife est le centre \u00e9conomique et commercial de l&rsquo;\u00eele, elle accueille donc principalement des voyageurs d&rsquo;affaires, mais offre \u00e9galement un large \u00e9ventail de services culturels, gastronomiques et historiques, qui int\u00e9ressent les visiteurs ind\u00e9pendants, qui cherchent \u00e0 se m\u00ealer aux habitants de la ville, \u00e0 conna\u00eetre les coutumes, les traditions et la vie quotidienne de cette ville contemporaine.[\/vc_column_text][\/vc_column][vc_column width=\u00a0\u00bb1\/2&Prime;][vc_gallery type=\u00a0\u00bbimage_grid\u00a0\u00bb images=\u00a0\u00bb11907,11902,11897,11892,11887,11882&Prime; css=\u00a0\u00bb\u00a0\u00bb][\/vc_column][\/vc_row]<\/p>\n<\/div>","protected":false},"excerpt":{"rendered":"<p>[vc_row][vc_column width=\u00a0\u00bb1\/2&Prime;][vc_column_text]L&rsquo;H\u00f4tel Taburiente a \u00e9t\u00e9 fond\u00e9 en 1966 avec 45 chambres et la cat\u00e9gorie d&rsquo;une r\u00e9sidence h\u00f4teli\u00e8re deux \u00e9toiles. En 1976, il a \u00e9t\u00e9 agrandi \u00e0 90 chambres et est rapidement devenu un h\u00f4tel car la cat\u00e9gorie des h\u00f4tels r\u00e9sidentiels a disparu. &nbsp; En 1989, il a \u00e9t\u00e9 \u00e0 nouveau \u00e9tendu \u00e0 116 chambres et [&hellip;]<\/p>\n","protected":false},"author":1,"featured_media":2563,"parent":2672,"menu_order":1,"comment_status":"closed","ping_status":"closed","template":"","meta":{"_joinchat":[],"footnotes":""},"class_list":["post-5418","page","type-page","status-publish","has-post-thumbnail","hentry"],"yoast_head":"<!-- This site is optimized with the Yoast SEO Premium plugin v22.7 (Yoast SEO v27.4) - https:\/\/yoast.com\/product\/yoast-seo-premium-wordpress\/ -->\n<title>Histoire de l&#039;H\u00f4tel Taburiente<\/title>\n<meta name=\"description\" content=\"Histoire de l&#039;h\u00f4tel Taburiente \u00e0 Santa Cruz de Tenerife. Fond\u00e9 en 1966. Il dispose actuellement de 165 chambres et quatre \u00e9toiles.\" \/>\n<meta name=\"robots\" content=\"index, follow, max-snippet:-1, max-image-preview:large, max-video-preview:-1\" \/>\n<link rel=\"canonical\" href=\"https:\/\/www.hoteltaburiente.com\/fr\/inicio\/lhotel\/\" \/>\n<meta property=\"og:locale\" content=\"fr_FR\" \/>\n<meta property=\"og:type\" content=\"article\" \/>\n<meta property=\"og:title\" content=\"L\u2019H\u00f4tel\" \/>\n<meta property=\"og:description\" content=\"Histoire de l&#039;h\u00f4tel Taburiente \u00e0 Santa Cruz de Tenerife. Fond\u00e9 en 1966. Il dispose actuellement de 165 chambres et quatre \u00e9toiles.\" \/>\n<meta property=\"og:url\" content=\"https:\/\/www.hoteltaburiente.com\/fr\/inicio\/lhotel\/\" \/>\n<meta property=\"og:site_name\" content=\"Hotel Taburiente\" \/>\n<meta property=\"article:publisher\" content=\"https:\/\/www.facebook.com\/hotel.Taburiente.Tenerife\" \/>\n<meta property=\"article:modified_time\" content=\"2025-09-19T09:09:40+00:00\" \/>\n<meta property=\"og:image\" content=\"https:\/\/www.hoteltaburiente.com\/wp-content\/uploads\/2019\/04\/hotel-taburiente-santa-cruz-de-tenerife-11.jpg\" \/>\n\t<meta property=\"og:image:width\" content=\"855\" \/>\n\t<meta property=\"og:image:height\" content=\"452\" \/>\n\t<meta property=\"og:image:type\" content=\"image\/jpeg\" \/>\n<meta name=\"twitter:card\" content=\"summary_large_image\" \/>\n<meta name=\"twitter:site\" content=\"@hoteltaburiente\" \/>\n<meta name=\"twitter:label1\" content=\"Dur\u00e9e de lecture estim\u00e9e\" \/>\n\t<meta name=\"twitter:data1\" content=\"2 minutes\" \/>\n<script type=\"application\/ld+json\" class=\"yoast-schema-graph\">{\"@context\":\"https:\\\/\\\/schema.org\",\"@graph\":[{\"@type\":\"WebPage\",\"@id\":\"https:\\\/\\\/www.hoteltaburiente.com\\\/fr\\\/inicio\\\/lhotel\\\/\",\"url\":\"https:\\\/\\\/www.hoteltaburiente.com\\\/fr\\\/inicio\\\/lhotel\\\/\",\"name\":\"Histoire de l'H\u00f4tel Taburiente\",\"isPartOf\":{\"@id\":\"https:\\\/\\\/www.hoteltaburiente.com\\\/fr\\\/#website\"},\"primaryImageOfPage\":{\"@id\":\"https:\\\/\\\/www.hoteltaburiente.com\\\/fr\\\/inicio\\\/lhotel\\\/#primaryimage\"},\"image\":{\"@id\":\"https:\\\/\\\/www.hoteltaburiente.com\\\/fr\\\/inicio\\\/lhotel\\\/#primaryimage\"},\"thumbnailUrl\":\"https:\\\/\\\/www.hoteltaburiente.com\\\/wp-content\\\/uploads\\\/2019\\\/04\\\/hotel-taburiente-santa-cruz-de-tenerife-11.jpg\",\"datePublished\":\"2020-04-07T13:18:46+00:00\",\"dateModified\":\"2025-09-19T09:09:40+00:00\",\"description\":\"Histoire de l'h\u00f4tel Taburiente \u00e0 Santa Cruz de Tenerife. Fond\u00e9 en 1966. Il dispose actuellement de 165 chambres et quatre \u00e9toiles.\",\"breadcrumb\":{\"@id\":\"https:\\\/\\\/www.hoteltaburiente.com\\\/fr\\\/inicio\\\/lhotel\\\/#breadcrumb\"},\"inLanguage\":\"fr-FR\",\"potentialAction\":[{\"@type\":\"ReadAction\",\"target\":[\"https:\\\/\\\/www.hoteltaburiente.com\\\/fr\\\/inicio\\\/lhotel\\\/\"]}]},{\"@type\":\"ImageObject\",\"inLanguage\":\"fr-FR\",\"@id\":\"https:\\\/\\\/www.hoteltaburiente.com\\\/fr\\\/inicio\\\/lhotel\\\/#primaryimage\",\"url\":\"https:\\\/\\\/www.hoteltaburiente.com\\\/wp-content\\\/uploads\\\/2019\\\/04\\\/hotel-taburiente-santa-cruz-de-tenerife-11.jpg\",\"contentUrl\":\"https:\\\/\\\/www.hoteltaburiente.com\\\/wp-content\\\/uploads\\\/2019\\\/04\\\/hotel-taburiente-santa-cruz-de-tenerife-11.jpg\",\"width\":855,\"height\":452,\"caption\":\"Historia del Hotel Taburiente en Santa Cruz de Tenerife\"},{\"@type\":\"BreadcrumbList\",\"@id\":\"https:\\\/\\\/www.hoteltaburiente.com\\\/fr\\\/inicio\\\/lhotel\\\/#breadcrumb\",\"itemListElement\":[{\"@type\":\"ListItem\",\"position\":1,\"name\":\"Accueil\",\"item\":\"https:\\\/\\\/www.hoteltaburiente.com\\\/fr\\\/\"},{\"@type\":\"ListItem\",\"position\":2,\"name\":\"L\u2019H\u00f4tel\"}]},{\"@type\":\"WebSite\",\"@id\":\"https:\\\/\\\/www.hoteltaburiente.com\\\/fr\\\/#website\",\"url\":\"https:\\\/\\\/www.hoteltaburiente.com\\\/fr\\\/\",\"name\":\"Hotel Taburiente\",\"description\":\"Hotel Taburiente en Santa Cruz de Tenerife\",\"publisher\":{\"@id\":\"https:\\\/\\\/www.hoteltaburiente.com\\\/fr\\\/#organization\"},\"potentialAction\":[{\"@type\":\"SearchAction\",\"target\":{\"@type\":\"EntryPoint\",\"urlTemplate\":\"https:\\\/\\\/www.hoteltaburiente.com\\\/fr\\\/?s={search_term_string}\"},\"query-input\":{\"@type\":\"PropertyValueSpecification\",\"valueRequired\":true,\"valueName\":\"search_term_string\"}}],\"inLanguage\":\"fr-FR\"},{\"@type\":\"Organization\",\"@id\":\"https:\\\/\\\/www.hoteltaburiente.com\\\/fr\\\/#organization\",\"name\":\"Hotel Taburiente\",\"url\":\"https:\\\/\\\/www.hoteltaburiente.com\\\/fr\\\/\",\"logo\":{\"@type\":\"ImageObject\",\"inLanguage\":\"fr-FR\",\"@id\":\"https:\\\/\\\/www.hoteltaburiente.com\\\/fr\\\/#\\\/schema\\\/logo\\\/image\\\/\",\"url\":\"https:\\\/\\\/www.hoteltaburiente.com\\\/wp-content\\\/uploads\\\/2019\\\/03\\\/logo-hotel-taburiente.png\",\"contentUrl\":\"https:\\\/\\\/www.hoteltaburiente.com\\\/wp-content\\\/uploads\\\/2019\\\/03\\\/logo-hotel-taburiente.png\",\"width\":1500,\"height\":300,\"caption\":\"Hotel Taburiente\"},\"image\":{\"@id\":\"https:\\\/\\\/www.hoteltaburiente.com\\\/fr\\\/#\\\/schema\\\/logo\\\/image\\\/\"},\"sameAs\":[\"https:\\\/\\\/www.facebook.com\\\/hotel.Taburiente.Tenerife\",\"https:\\\/\\\/x.com\\\/hoteltaburiente\",\"https:\\\/\\\/www.instagram.com\\\/hoteltaburiente\\\/\",\"https:\\\/\\\/www.linkedin.com\\\/company\\\/1683911\\\/admin\\\/\",\"https:\\\/\\\/www.pinterest.es\\\/hoteltaburiente\\\/\",\"https:\\\/\\\/www.youtube.com\\\/user\\\/HotelTaburiente\"]}]}<\/script>\n<!-- \/ Yoast SEO Premium plugin. -->","yoast_head_json":{"title":"Histoire de l'H\u00f4tel Taburiente","description":"Histoire de l'h\u00f4tel Taburiente \u00e0 Santa Cruz de Tenerife. Fond\u00e9 en 1966. Il dispose actuellement de 165 chambres et quatre \u00e9toiles.","robots":{"index":"index","follow":"follow","max-snippet":"max-snippet:-1","max-image-preview":"max-image-preview:large","max-video-preview":"max-video-preview:-1"},"canonical":"https:\/\/www.hoteltaburiente.com\/fr\/inicio\/lhotel\/","og_locale":"fr_FR","og_type":"article","og_title":"L\u2019H\u00f4tel","og_description":"Histoire de l'h\u00f4tel Taburiente \u00e0 Santa Cruz de Tenerife. Fond\u00e9 en 1966. Il dispose actuellement de 165 chambres et quatre \u00e9toiles.","og_url":"https:\/\/www.hoteltaburiente.com\/fr\/inicio\/lhotel\/","og_site_name":"Hotel Taburiente","article_publisher":"https:\/\/www.facebook.com\/hotel.Taburiente.Tenerife","article_modified_time":"2025-09-19T09:09:40+00:00","og_image":[{"width":855,"height":452,"url":"https:\/\/www.hoteltaburiente.com\/wp-content\/uploads\/2019\/04\/hotel-taburiente-santa-cruz-de-tenerife-11.jpg","type":"image\/jpeg"}],"twitter_card":"summary_large_image","twitter_site":"@hoteltaburiente","twitter_misc":{"Dur\u00e9e de lecture estim\u00e9e":"2 minutes"},"schema":{"@context":"https:\/\/schema.org","@graph":[{"@type":"WebPage","@id":"https:\/\/www.hoteltaburiente.com\/fr\/inicio\/lhotel\/","url":"https:\/\/www.hoteltaburiente.com\/fr\/inicio\/lhotel\/","name":"Histoire de l'H\u00f4tel Taburiente","isPartOf":{"@id":"https:\/\/www.hoteltaburiente.com\/fr\/#website"},"primaryImageOfPage":{"@id":"https:\/\/www.hoteltaburiente.com\/fr\/inicio\/lhotel\/#primaryimage"},"image":{"@id":"https:\/\/www.hoteltaburiente.com\/fr\/inicio\/lhotel\/#primaryimage"},"thumbnailUrl":"https:\/\/www.hoteltaburiente.com\/wp-content\/uploads\/2019\/04\/hotel-taburiente-santa-cruz-de-tenerife-11.jpg","datePublished":"2020-04-07T13:18:46+00:00","dateModified":"2025-09-19T09:09:40+00:00","description":"Histoire de l'h\u00f4tel Taburiente \u00e0 Santa Cruz de Tenerife. Fond\u00e9 en 1966. Il dispose actuellement de 165 chambres et quatre \u00e9toiles.","breadcrumb":{"@id":"https:\/\/www.hoteltaburiente.com\/fr\/inicio\/lhotel\/#breadcrumb"},"inLanguage":"fr-FR","potentialAction":[{"@type":"ReadAction","target":["https:\/\/www.hoteltaburiente.com\/fr\/inicio\/lhotel\/"]}]},{"@type":"ImageObject","inLanguage":"fr-FR","@id":"https:\/\/www.hoteltaburiente.com\/fr\/inicio\/lhotel\/#primaryimage","url":"https:\/\/www.hoteltaburiente.com\/wp-content\/uploads\/2019\/04\/hotel-taburiente-santa-cruz-de-tenerife-11.jpg","contentUrl":"https:\/\/www.hoteltaburiente.com\/wp-content\/uploads\/2019\/04\/hotel-taburiente-santa-cruz-de-tenerife-11.jpg","width":855,"height":452,"caption":"Historia del Hotel Taburiente en Santa Cruz de Tenerife"},{"@type":"BreadcrumbList","@id":"https:\/\/www.hoteltaburiente.com\/fr\/inicio\/lhotel\/#breadcrumb","itemListElement":[{"@type":"ListItem","position":1,"name":"Accueil","item":"https:\/\/www.hoteltaburiente.com\/fr\/"},{"@type":"ListItem","position":2,"name":"L\u2019H\u00f4tel"}]},{"@type":"WebSite","@id":"https:\/\/www.hoteltaburiente.com\/fr\/#website","url":"https:\/\/www.hoteltaburiente.com\/fr\/","name":"Hotel Taburiente","description":"Hotel Taburiente en Santa Cruz de Tenerife","publisher":{"@id":"https:\/\/www.hoteltaburiente.com\/fr\/#organization"},"potentialAction":[{"@type":"SearchAction","target":{"@type":"EntryPoint","urlTemplate":"https:\/\/www.hoteltaburiente.com\/fr\/?s={search_term_string}"},"query-input":{"@type":"PropertyValueSpecification","valueRequired":true,"valueName":"search_term_string"}}],"inLanguage":"fr-FR"},{"@type":"Organization","@id":"https:\/\/www.hoteltaburiente.com\/fr\/#organization","name":"Hotel Taburiente","url":"https:\/\/www.hoteltaburiente.com\/fr\/","logo":{"@type":"ImageObject","inLanguage":"fr-FR","@id":"https:\/\/www.hoteltaburiente.com\/fr\/#\/schema\/logo\/image\/","url":"https:\/\/www.hoteltaburiente.com\/wp-content\/uploads\/2019\/03\/logo-hotel-taburiente.png","contentUrl":"https:\/\/www.hoteltaburiente.com\/wp-content\/uploads\/2019\/03\/logo-hotel-taburiente.png","width":1500,"height":300,"caption":"Hotel Taburiente"},"image":{"@id":"https:\/\/www.hoteltaburiente.com\/fr\/#\/schema\/logo\/image\/"},"sameAs":["https:\/\/www.facebook.com\/hotel.Taburiente.Tenerife","https:\/\/x.com\/hoteltaburiente","https:\/\/www.instagram.com\/hoteltaburiente\/","https:\/\/www.linkedin.com\/company\/1683911\/admin\/","https:\/\/www.pinterest.es\/hoteltaburiente\/","https:\/\/www.youtube.com\/user\/HotelTaburiente"]}]}},"_links":{"self":[{"href":"https:\/\/www.hoteltaburiente.com\/fr\/wp-json\/wp\/v2\/pages\/5418","targetHints":{"allow":["GET"]}}],"collection":[{"href":"https:\/\/www.hoteltaburiente.com\/fr\/wp-json\/wp\/v2\/pages"}],"about":[{"href":"https:\/\/www.hoteltaburiente.com\/fr\/wp-json\/wp\/v2\/types\/page"}],"author":[{"embeddable":true,"href":"https:\/\/www.hoteltaburiente.com\/fr\/wp-json\/wp\/v2\/users\/1"}],"replies":[{"embeddable":true,"href":"https:\/\/www.hoteltaburiente.com\/fr\/wp-json\/wp\/v2\/comments?post=5418"}],"version-history":[{"count":0,"href":"https:\/\/www.hoteltaburiente.com\/fr\/wp-json\/wp\/v2\/pages\/5418\/revisions"}],"up":[{"embeddable":true,"href":"https:\/\/www.hoteltaburiente.com\/fr\/wp-json\/wp\/v2\/pages\/2672"}],"wp:featuredmedia":[{"embeddable":true,"href":"https:\/\/www.hoteltaburiente.com\/fr\/wp-json\/wp\/v2\/media\/2563"}],"wp:attachment":[{"href":"https:\/\/www.hoteltaburiente.com\/fr\/wp-json\/wp\/v2\/media?parent=5418"}],"curies":[{"name":"wp","href":"https:\/\/api.w.org\/{rel}","templated":true}]}}