{"id":5944,"date":"2020-08-10T14:11:03","date_gmt":"2020-08-10T14:11:03","guid":{"rendered":"http:\/\/develop2.hoteltaburiente.com\/?page_id=5944"},"modified":"2025-09-19T09:04:58","modified_gmt":"2025-09-19T09:04:58","slug":"piscine-et-jacuzzi","status":"publish","type":"page","link":"https:\/\/www.hoteltaburiente.com\/fr\/inicio\/piscine-et-jacuzzi\/","title":{"rendered":"Piscine et jacuzzi"},"content":{"rendered":"<div class=\"wpb-content-wrapper\"><p>[vc_row][vc_column][vc_column_text css=\u00a0\u00bb\u00a0\u00bb]<\/p>\n<h1>H\u00f4tel avec piscine et jacuzzi \u00e0 Santa Cruz de Tenerife<\/h1>\n<p>[\/vc_column_text][vc_column_text css=\u00a0\u00bb\u00a0\u00bb]Piscine et jacuzzi \u00e0 Santa Cruz de Tenerife avec une vue magnifique sur le poumon vert de notre capitale, le parc Garc\u00eda Sanabria. Les services de piscine, jacuzzi et salle de sport sont gratuits pour tous nos clients.<\/p>\n<p>&nbsp;<\/p>\n<p>Si vous cherchez un h\u00f4tel avec piscine, jacuzzi et salle de sport au centre de Santa Cruz de Tenerife, avec en plus une vue incroyable sur notre ville, l\u2019H\u00f4tel Taburiente est le meilleur choix.<\/p>\n<p>&nbsp;<\/p>\n<p>Pour vos journ\u00e9es de travail, vos moments de loisir ou une escapade plac\u00e9e sous le signe du calme et de la d\u00e9tente, nous vous attendons \u00e0 l\u2019H\u00f4tel Taburiente.[\/vc_column_text][vc_gallery type=\u00a0\u00bbimage_grid\u00a0\u00bb images=\u00a0\u00bb9172,9167,9162,9157,9152,9606,9601,9596,9591,9586,9581,9576&Prime; img_size=\u00a0\u00bb285&#215;225&Prime; css=\u00a0\u00bb\u00a0\u00bb][\/vc_column][\/vc_row]<\/p>\n<\/div>","protected":false},"excerpt":{"rendered":"<p>[vc_row][vc_column][vc_column_text css=\u00a0\u00bb\u00a0\u00bb] H\u00f4tel avec piscine et jacuzzi \u00e0 Santa Cruz de Tenerife [\/vc_column_text][vc_column_text css=\u00a0\u00bb\u00a0\u00bb]Piscine et jacuzzi \u00e0 Santa Cruz de Tenerife avec une vue magnifique sur le poumon vert de notre capitale, le parc Garc\u00eda Sanabria. Les services de piscine, jacuzzi et salle de sport sont gratuits pour tous nos clients. &nbsp; Si vous cherchez [&hellip;]<\/p>\n","protected":false},"author":1,"featured_media":9601,"parent":2672,"menu_order":0,"comment_status":"closed","ping_status":"closed","template":"","meta":{"_joinchat":[],"footnotes":""},"class_list":["post-5944","page","type-page","status-publish","has-post-thumbnail","hentry"],"yoast_head":"<!-- This site is optimized with the Yoast SEO Premium plugin v22.7 (Yoast SEO v27.4) - https:\/\/yoast.com\/product\/yoast-seo-premium-wordpress\/ -->\n<title>Piscine et jacuzzi Taburiente<\/title>\n<meta name=\"description\" content=\"Piscine et jacuzzi Taburiente. H\u00f4tel situ\u00e9 en centre-ville. Magnifique vue sur Santa Cruz de Tenerife. Service gratuit pour nos clients.\" \/>\n<meta name=\"robots\" content=\"index, follow, max-snippet:-1, max-image-preview:large, max-video-preview:-1\" \/>\n<link rel=\"canonical\" href=\"https:\/\/www.hoteltaburiente.com\/fr\/inicio\/piscine-et-jacuzzi\/\" \/>\n<meta property=\"og:locale\" content=\"fr_FR\" \/>\n<meta property=\"og:type\" content=\"article\" \/>\n<meta property=\"og:title\" content=\"Piscine et jacuzzi\" \/>\n<meta property=\"og:description\" content=\"Piscine et jacuzzi Taburiente. H\u00f4tel situ\u00e9 en centre-ville. Magnifique vue sur Santa Cruz de Tenerife. Service gratuit pour nos clients.\" \/>\n<meta property=\"og:url\" content=\"https:\/\/www.hoteltaburiente.com\/fr\/inicio\/piscine-et-jacuzzi\/\" \/>\n<meta property=\"og:site_name\" content=\"Hotel Taburiente\" \/>\n<meta property=\"article:publisher\" content=\"https:\/\/www.facebook.com\/hotel.Taburiente.Tenerife\" \/>\n<meta property=\"article:modified_time\" content=\"2025-09-19T09:04:58+00:00\" \/>\n<meta property=\"og:image\" content=\"https:\/\/www.hoteltaburiente.com\/wp-content\/uploads\/2023\/06\/Piscina-Hotel-Taburiente-en-Santa-Cruz-de-Tenerife-3.jpg\" \/>\n\t<meta property=\"og:image:width\" content=\"1620\" \/>\n\t<meta property=\"og:image:height\" content=\"1080\" \/>\n\t<meta property=\"og:image:type\" content=\"image\/jpeg\" \/>\n<meta name=\"twitter:card\" content=\"summary_large_image\" \/>\n<meta name=\"twitter:site\" content=\"@hoteltaburiente\" \/>\n<meta name=\"twitter:label1\" content=\"Dur\u00e9e de lecture estim\u00e9e\" \/>\n\t<meta name=\"twitter:data1\" content=\"1 minute\" \/>\n<script type=\"application\/ld+json\" class=\"yoast-schema-graph\">{\"@context\":\"https:\\\/\\\/schema.org\",\"@graph\":[{\"@type\":\"WebPage\",\"@id\":\"https:\\\/\\\/www.hoteltaburiente.com\\\/fr\\\/inicio\\\/piscine-et-jacuzzi\\\/\",\"url\":\"https:\\\/\\\/www.hoteltaburiente.com\\\/fr\\\/inicio\\\/piscine-et-jacuzzi\\\/\",\"name\":\"Piscine et jacuzzi Taburiente\",\"isPartOf\":{\"@id\":\"https:\\\/\\\/www.hoteltaburiente.com\\\/fr\\\/#website\"},\"primaryImageOfPage\":{\"@id\":\"https:\\\/\\\/www.hoteltaburiente.com\\\/fr\\\/inicio\\\/piscine-et-jacuzzi\\\/#primaryimage\"},\"image\":{\"@id\":\"https:\\\/\\\/www.hoteltaburiente.com\\\/fr\\\/inicio\\\/piscine-et-jacuzzi\\\/#primaryimage\"},\"thumbnailUrl\":\"https:\\\/\\\/www.hoteltaburiente.com\\\/wp-content\\\/uploads\\\/2023\\\/06\\\/Piscina-Hotel-Taburiente-en-Santa-Cruz-de-Tenerife-3.jpg\",\"datePublished\":\"2020-08-10T14:11:03+00:00\",\"dateModified\":\"2025-09-19T09:04:58+00:00\",\"description\":\"Piscine et jacuzzi Taburiente. H\u00f4tel situ\u00e9 en centre-ville. Magnifique vue sur Santa Cruz de Tenerife. Service gratuit pour nos clients.\",\"breadcrumb\":{\"@id\":\"https:\\\/\\\/www.hoteltaburiente.com\\\/fr\\\/inicio\\\/piscine-et-jacuzzi\\\/#breadcrumb\"},\"inLanguage\":\"fr-FR\",\"potentialAction\":[{\"@type\":\"ReadAction\",\"target\":[\"https:\\\/\\\/www.hoteltaburiente.com\\\/fr\\\/inicio\\\/piscine-et-jacuzzi\\\/\"]}]},{\"@type\":\"ImageObject\",\"inLanguage\":\"fr-FR\",\"@id\":\"https:\\\/\\\/www.hoteltaburiente.com\\\/fr\\\/inicio\\\/piscine-et-jacuzzi\\\/#primaryimage\",\"url\":\"https:\\\/\\\/www.hoteltaburiente.com\\\/wp-content\\\/uploads\\\/2023\\\/06\\\/Piscina-Hotel-Taburiente-en-Santa-Cruz-de-Tenerife-3.jpg\",\"contentUrl\":\"https:\\\/\\\/www.hoteltaburiente.com\\\/wp-content\\\/uploads\\\/2023\\\/06\\\/Piscina-Hotel-Taburiente-en-Santa-Cruz-de-Tenerife-3.jpg\",\"width\":1620,\"height\":1080,\"caption\":\"Hotel con piscina y jacuzzi en Santa Cruz de Tenerife\"},{\"@type\":\"BreadcrumbList\",\"@id\":\"https:\\\/\\\/www.hoteltaburiente.com\\\/fr\\\/inicio\\\/piscine-et-jacuzzi\\\/#breadcrumb\",\"itemListElement\":[{\"@type\":\"ListItem\",\"position\":1,\"name\":\"Accueil\",\"item\":\"https:\\\/\\\/www.hoteltaburiente.com\\\/fr\\\/\"},{\"@type\":\"ListItem\",\"position\":2,\"name\":\"Piscine et jacuzzi\"}]},{\"@type\":\"WebSite\",\"@id\":\"https:\\\/\\\/www.hoteltaburiente.com\\\/fr\\\/#website\",\"url\":\"https:\\\/\\\/www.hoteltaburiente.com\\\/fr\\\/\",\"name\":\"Hotel Taburiente\",\"description\":\"Hotel Taburiente en Santa Cruz de Tenerife\",\"publisher\":{\"@id\":\"https:\\\/\\\/www.hoteltaburiente.com\\\/fr\\\/#organization\"},\"potentialAction\":[{\"@type\":\"SearchAction\",\"target\":{\"@type\":\"EntryPoint\",\"urlTemplate\":\"https:\\\/\\\/www.hoteltaburiente.com\\\/fr\\\/?s={search_term_string}\"},\"query-input\":{\"@type\":\"PropertyValueSpecification\",\"valueRequired\":true,\"valueName\":\"search_term_string\"}}],\"inLanguage\":\"fr-FR\"},{\"@type\":\"Organization\",\"@id\":\"https:\\\/\\\/www.hoteltaburiente.com\\\/fr\\\/#organization\",\"name\":\"Hotel Taburiente\",\"url\":\"https:\\\/\\\/www.hoteltaburiente.com\\\/fr\\\/\",\"logo\":{\"@type\":\"ImageObject\",\"inLanguage\":\"fr-FR\",\"@id\":\"https:\\\/\\\/www.hoteltaburiente.com\\\/fr\\\/#\\\/schema\\\/logo\\\/image\\\/\",\"url\":\"https:\\\/\\\/www.hoteltaburiente.com\\\/wp-content\\\/uploads\\\/2019\\\/03\\\/logo-hotel-taburiente.png\",\"contentUrl\":\"https:\\\/\\\/www.hoteltaburiente.com\\\/wp-content\\\/uploads\\\/2019\\\/03\\\/logo-hotel-taburiente.png\",\"width\":1500,\"height\":300,\"caption\":\"Hotel Taburiente\"},\"image\":{\"@id\":\"https:\\\/\\\/www.hoteltaburiente.com\\\/fr\\\/#\\\/schema\\\/logo\\\/image\\\/\"},\"sameAs\":[\"https:\\\/\\\/www.facebook.com\\\/hotel.Taburiente.Tenerife\",\"https:\\\/\\\/x.com\\\/hoteltaburiente\",\"https:\\\/\\\/www.instagram.com\\\/hoteltaburiente\\\/\",\"https:\\\/\\\/www.linkedin.com\\\/company\\\/1683911\\\/admin\\\/\",\"https:\\\/\\\/www.pinterest.es\\\/hoteltaburiente\\\/\",\"https:\\\/\\\/www.youtube.com\\\/user\\\/HotelTaburiente\"]}]}<\/script>\n<!-- \/ Yoast SEO Premium plugin. -->","yoast_head_json":{"title":"Piscine et jacuzzi Taburiente","description":"Piscine et jacuzzi Taburiente. H\u00f4tel situ\u00e9 en centre-ville. Magnifique vue sur Santa Cruz de Tenerife. Service gratuit pour nos clients.","robots":{"index":"index","follow":"follow","max-snippet":"max-snippet:-1","max-image-preview":"max-image-preview:large","max-video-preview":"max-video-preview:-1"},"canonical":"https:\/\/www.hoteltaburiente.com\/fr\/inicio\/piscine-et-jacuzzi\/","og_locale":"fr_FR","og_type":"article","og_title":"Piscine et jacuzzi","og_description":"Piscine et jacuzzi Taburiente. H\u00f4tel situ\u00e9 en centre-ville. Magnifique vue sur Santa Cruz de Tenerife. Service gratuit pour nos clients.","og_url":"https:\/\/www.hoteltaburiente.com\/fr\/inicio\/piscine-et-jacuzzi\/","og_site_name":"Hotel Taburiente","article_publisher":"https:\/\/www.facebook.com\/hotel.Taburiente.Tenerife","article_modified_time":"2025-09-19T09:04:58+00:00","og_image":[{"width":1620,"height":1080,"url":"https:\/\/www.hoteltaburiente.com\/wp-content\/uploads\/2023\/06\/Piscina-Hotel-Taburiente-en-Santa-Cruz-de-Tenerife-3.jpg","type":"image\/jpeg"}],"twitter_card":"summary_large_image","twitter_site":"@hoteltaburiente","twitter_misc":{"Dur\u00e9e de lecture estim\u00e9e":"1 minute"},"schema":{"@context":"https:\/\/schema.org","@graph":[{"@type":"WebPage","@id":"https:\/\/www.hoteltaburiente.com\/fr\/inicio\/piscine-et-jacuzzi\/","url":"https:\/\/www.hoteltaburiente.com\/fr\/inicio\/piscine-et-jacuzzi\/","name":"Piscine et jacuzzi Taburiente","isPartOf":{"@id":"https:\/\/www.hoteltaburiente.com\/fr\/#website"},"primaryImageOfPage":{"@id":"https:\/\/www.hoteltaburiente.com\/fr\/inicio\/piscine-et-jacuzzi\/#primaryimage"},"image":{"@id":"https:\/\/www.hoteltaburiente.com\/fr\/inicio\/piscine-et-jacuzzi\/#primaryimage"},"thumbnailUrl":"https:\/\/www.hoteltaburiente.com\/wp-content\/uploads\/2023\/06\/Piscina-Hotel-Taburiente-en-Santa-Cruz-de-Tenerife-3.jpg","datePublished":"2020-08-10T14:11:03+00:00","dateModified":"2025-09-19T09:04:58+00:00","description":"Piscine et jacuzzi Taburiente. H\u00f4tel situ\u00e9 en centre-ville. Magnifique vue sur Santa Cruz de Tenerife. Service gratuit pour nos clients.","breadcrumb":{"@id":"https:\/\/www.hoteltaburiente.com\/fr\/inicio\/piscine-et-jacuzzi\/#breadcrumb"},"inLanguage":"fr-FR","potentialAction":[{"@type":"ReadAction","target":["https:\/\/www.hoteltaburiente.com\/fr\/inicio\/piscine-et-jacuzzi\/"]}]},{"@type":"ImageObject","inLanguage":"fr-FR","@id":"https:\/\/www.hoteltaburiente.com\/fr\/inicio\/piscine-et-jacuzzi\/#primaryimage","url":"https:\/\/www.hoteltaburiente.com\/wp-content\/uploads\/2023\/06\/Piscina-Hotel-Taburiente-en-Santa-Cruz-de-Tenerife-3.jpg","contentUrl":"https:\/\/www.hoteltaburiente.com\/wp-content\/uploads\/2023\/06\/Piscina-Hotel-Taburiente-en-Santa-Cruz-de-Tenerife-3.jpg","width":1620,"height":1080,"caption":"Hotel con piscina y jacuzzi en Santa Cruz de Tenerife"},{"@type":"BreadcrumbList","@id":"https:\/\/www.hoteltaburiente.com\/fr\/inicio\/piscine-et-jacuzzi\/#breadcrumb","itemListElement":[{"@type":"ListItem","position":1,"name":"Accueil","item":"https:\/\/www.hoteltaburiente.com\/fr\/"},{"@type":"ListItem","position":2,"name":"Piscine et jacuzzi"}]},{"@type":"WebSite","@id":"https:\/\/www.hoteltaburiente.com\/fr\/#website","url":"https:\/\/www.hoteltaburiente.com\/fr\/","name":"Hotel Taburiente","description":"Hotel Taburiente en Santa Cruz de Tenerife","publisher":{"@id":"https:\/\/www.hoteltaburiente.com\/fr\/#organization"},"potentialAction":[{"@type":"SearchAction","target":{"@type":"EntryPoint","urlTemplate":"https:\/\/www.hoteltaburiente.com\/fr\/?s={search_term_string}"},"query-input":{"@type":"PropertyValueSpecification","valueRequired":true,"valueName":"search_term_string"}}],"inLanguage":"fr-FR"},{"@type":"Organization","@id":"https:\/\/www.hoteltaburiente.com\/fr\/#organization","name":"Hotel Taburiente","url":"https:\/\/www.hoteltaburiente.com\/fr\/","logo":{"@type":"ImageObject","inLanguage":"fr-FR","@id":"https:\/\/www.hoteltaburiente.com\/fr\/#\/schema\/logo\/image\/","url":"https:\/\/www.hoteltaburiente.com\/wp-content\/uploads\/2019\/03\/logo-hotel-taburiente.png","contentUrl":"https:\/\/www.hoteltaburiente.com\/wp-content\/uploads\/2019\/03\/logo-hotel-taburiente.png","width":1500,"height":300,"caption":"Hotel Taburiente"},"image":{"@id":"https:\/\/www.hoteltaburiente.com\/fr\/#\/schema\/logo\/image\/"},"sameAs":["https:\/\/www.facebook.com\/hotel.Taburiente.Tenerife","https:\/\/x.com\/hoteltaburiente","https:\/\/www.instagram.com\/hoteltaburiente\/","https:\/\/www.linkedin.com\/company\/1683911\/admin\/","https:\/\/www.pinterest.es\/hoteltaburiente\/","https:\/\/www.youtube.com\/user\/HotelTaburiente"]}]}},"_links":{"self":[{"href":"https:\/\/www.hoteltaburiente.com\/fr\/wp-json\/wp\/v2\/pages\/5944","targetHints":{"allow":["GET"]}}],"collection":[{"href":"https:\/\/www.hoteltaburiente.com\/fr\/wp-json\/wp\/v2\/pages"}],"about":[{"href":"https:\/\/www.hoteltaburiente.com\/fr\/wp-json\/wp\/v2\/types\/page"}],"author":[{"embeddable":true,"href":"https:\/\/www.hoteltaburiente.com\/fr\/wp-json\/wp\/v2\/users\/1"}],"replies":[{"embeddable":true,"href":"https:\/\/www.hoteltaburiente.com\/fr\/wp-json\/wp\/v2\/comments?post=5944"}],"version-history":[{"count":0,"href":"https:\/\/www.hoteltaburiente.com\/fr\/wp-json\/wp\/v2\/pages\/5944\/revisions"}],"up":[{"embeddable":true,"href":"https:\/\/www.hoteltaburiente.com\/fr\/wp-json\/wp\/v2\/pages\/2672"}],"wp:featuredmedia":[{"embeddable":true,"href":"https:\/\/www.hoteltaburiente.com\/fr\/wp-json\/wp\/v2\/media\/9601"}],"wp:attachment":[{"href":"https:\/\/www.hoteltaburiente.com\/fr\/wp-json\/wp\/v2\/media?parent=5944"}],"curies":[{"name":"wp","href":"https:\/\/api.w.org\/{rel}","templated":true}]}}