{"id":12128,"date":"2025-02-25T13:15:40","date_gmt":"2025-02-25T13:15:40","guid":{"rendered":"https:\/\/www.hoteltaburiente.com\/?page_id=12128"},"modified":"2025-09-10T09:46:45","modified_gmt":"2025-09-10T09:46:45","slug":"politica-sui-cookie","status":"publish","type":"page","link":"https:\/\/www.hoteltaburiente.com\/it\/politica-sui-cookie\/","title":{"rendered":"Politica sui cookie"},"content":{"rendered":"<div class=\"wpb-content-wrapper\"><p>[vc_row][vc_column][vc_column_text css=&#8221;&#8221;]<\/p>\n<h2><strong>1. Cosa sono i cookie?<\/strong><\/h2>\n<div style=\"text-align: justify; padding: 1em 0 2.5em; color: #000;\">I cookie sono piccoli file di testo che vengono memorizzati sul tuo dispositivo (computer, telefono cellulare o tablet) quando visiti un sito web. Questi cookie permettono al sito web di ricordare informazioni sulla tua visita, come la tua lingua preferita, facilitando la tua prossima visita e migliorando l&#8217;esperienza di navigazione.<\/div>\n<h2><strong>2. Quali tipi di cookie utilizziamo?<\/strong><\/h2>\n<div style=\"text-align: justify; padding: 1em 0 2.5em; color: #000;\">\n<p>Sul sito web dell&#8217;<strong>Hotel Taburiente<\/strong>, utilizziamo cookie propri e di terze parti per diverse finalit\u00e0. Di seguito vengono descritti i tipi:<\/p>\n<ul>\n<li><strong>Cookie tecnici o strettamente necessari:<\/strong> essenziali per il funzionamento del sito web, consentono la navigazione e l&#8217;uso delle funzioni di base (ad esempio, l&#8217;autenticazione degli utenti, la configurazione della lingua, ecc.).<\/li>\n<li><strong>Cookie di personalizzazione:<\/strong> permettono di ricordare le preferenze dell&#8217;utente (ad esempio, lingua, regione, ecc.) e offrire un&#8217;esperienza personalizzata.<\/li>\n<li><strong>Cookie analitici:<\/strong> come Google Analytics, per analizzare il comportamento degli utenti sul sito web, migliorare le sue prestazioni e ottimizzare l&#8217;esperienza dell&#8217;utente.<\/li>\n<li><strong>Cookie pubblicitari:<\/strong> permettono di gestire in modo efficace gli spazi pubblicitari del sito web, adattando gli annunci agli interessi degli utenti in base alla loro attivit\u00e0 sul sito.<\/li>\n<li><strong>Cookie dei social network:<\/strong> permettono all&#8217;utente di condividere i contenuti del sito web sui social network e offrire funzionalit\u00e0 ad esse collegate.<\/li>\n<\/ul>\n<\/div>\n<h2><strong>3. Consenso per l&#8217;uso dei cookie<\/strong><\/h2>\n<div style=\"text-align: justify; padding: 1em 0 2.5em; color: #000;\">In conformit\u00e0 con la legislazione vigente, accedendo al nostro sito web, la informiamo sull&#8217;uso dei cookie e le chiediamo il suo consenso per il loro utilizzo. Se accetta, pu\u00f2 continuare a navigare. In caso contrario, pu\u00f2 configurare il suo browser per disattivarli, anche se alcune funzionalit\u00e0 del sito potrebbero non funzionare correttamente.<\/div>\n<h2><strong>4. Come posso gestire i cookie?<\/strong><\/h2>\n<div style=\"text-align: justify; padding: 1em 0 2.5em; color: #000;\">Pu\u00f2 gestirli direttamente dal suo browser. Bloccando o eliminando i cookie, alcune funzionalit\u00e0 del sito web potrebbero essere influenzate.<br \/>\nDi seguito, le offriamo i link ai tutorial per configurare l&#8217;uso dei cookie nei browser pi\u00f9 comuni:<\/p>\n<ul>\n<li><strong>Google Chrome:<\/strong> <a href=\"https:\/\/support.google.com\/chrome\/answer\/95647?hl=it&amp;sjid=10699144057535661806-EU\" target=\"_blank\" rel=\"noopener\">[Link di supporto]<\/a><\/li>\n<li><strong>Mozilla Firefox:<\/strong> <a href=\"https:\/\/support.mozilla.org\/it\/kb\/Eliminare%20i%20cookie\" target=\"_blank\" rel=\"noopener\">[Link di supporto]<\/a><\/li>\n<li><strong>Safari:<\/strong> <a href=\"https:\/\/support.apple.com\/it-it\/guide\/safari\/sfri11471\/mac\" target=\"_blank\" rel=\"noopener\">[Link di supporto]<\/a><\/li>\n<li><strong>Microsoft Edge:<\/strong> <a href=\"https:\/\/support.microsoft.com\/it-it\/windows\/gestire-i-cookie-in-microsoft-edge-visualizzare-consentire-bloccare-eliminare-e-usare-168dab11-0753-043d-7c16-ede5947fc64d\" target=\"_blank\" rel=\"noopener\">[Link di supporto]<\/a><\/li>\n<\/ul>\n<\/div>\n<h2><strong>5.\u00a0Cookie di terze parti<\/strong><\/h2>\n<div style=\"text-align: justify; padding: 1em 0 2.5em; color: #000;\">\n<p>L&#8217;Hotel Taburiente utilizza anche cookie di terze parti per l&#8217;analisi web e la pubblicit\u00e0. Di seguito vengono elencati i nostri partner:<\/p>\n<ul>\n<li><strong>Google Analytics:<\/strong> utilizziamo questo strumento per raccogliere dati sul traffico del nostro sito web a scopi analitici. Pu\u00f2 consultare la politica sulla privacy di Google qui: <a href=\"https:\/\/policies.google.com\/privacy?hl=it\" target=\"_blank\" rel=\"noopener\">Politica sulla privacy di Google Analytics<\/a>.<\/li>\n<li><strong>Social network:<\/strong> i cookie dei social network (Facebook, Instagram, ecc.) permettono di condividere contenuti e facilitare l&#8217;interazione con queste piattaforme. Per maggiori informazioni sulle loro politiche sulla privacy e sui cookie, le consigliamo di consultare direttamente queste piattaforme.<\/li>\n<\/ul>\n<\/div>\n<h2><strong>6. Come disattivare i cookie?<\/strong><\/h2>\n<div style=\"text-align: justify; padding: 1em 0 2.5em; color: #000;\">Se non desidera che vengano installati sul suo dispositivo, pu\u00f2 configurare il suo browser per rifiutarne l&#8217;uso. Tuttavia, disattivandoli, alcune funzionalit\u00e0 del sito web potrebbero essere influenzate. In ogni caso, se desidera limitare, bloccare o eliminarli, pu\u00f2 farlo modificando le impostazioni del suo browser.<\/div>\n<h2><strong>7. Modifiche alla nostra politica sui cookie<\/strong><\/h2>\n<div style=\"text-align: justify; padding: 1em 0 2.5em; color: #000;\">Possiamo aggiornare questa politica in qualsiasi momento per adattarla ai cambiamenti legislativi o alle esigenze del sito web. Qualsiasi modifica sar\u00e0 pubblicata su questa stessa pagina.<\/div>\n<h2><strong>8. Contatto<\/strong><\/h2>\n<div style=\"text-align: justify; padding: 1em 0 0; color: #000;\">Se ha delle domande sull&#8217;uso dei cookie sul nostro sito web o sulla nostra politica sulla privacy, non esiti a contattarci:<br \/>\n<strong>Hotel Taburiente<\/strong><br \/>\n<strong>Indirizzo:<\/strong> Calle Dr. Jos\u00e9 Naveiras, 24-A, 38001 Santa Cruz de Tenerife, Isole Canarie, Spagna.<br \/>\n<strong>Telefono:<\/strong> +34 922 27 60 00<br \/>\n<strong>Email:<\/strong> <a href=\"mailto:reservas@hoteltaburiente.com\" target=\"_blank\" rel=\"noopener\">reservas@hoteltaburiente.com<\/a><\/div>\n<p>[\/vc_column_text][\/vc_column][\/vc_row]<\/p>\n<\/div>","protected":false},"excerpt":{"rendered":"<p>[vc_row][vc_column][vc_column_text css=&#8221;&#8221;] 1. Cosa sono i cookie? I cookie sono piccoli file di testo che vengono memorizzati sul tuo dispositivo (computer, telefono cellulare o tablet) quando visiti un sito web. Questi cookie permettono al sito web di ricordare informazioni sulla tua visita, come la tua lingua preferita, facilitando la tua prossima visita e migliorando l&#8217;esperienza [&hellip;]<\/p>\n","protected":false},"author":12,"featured_media":0,"parent":0,"menu_order":0,"comment_status":"closed","ping_status":"closed","template":"","meta":{"_joinchat":[],"footnotes":""},"class_list":["post-12128","page","type-page","status-publish","hentry"],"yoast_head":"<!-- This site is optimized with the Yoast SEO Premium plugin v22.7 (Yoast SEO v27.6) - https:\/\/yoast.com\/product\/yoast-seo-premium-wordpress\/ -->\n<title>Politica sui cookie - Hotel Taburiente<\/title>\n<meta name=\"robots\" content=\"noindex, nofollow\" \/>\n<meta property=\"og:locale\" content=\"it_IT\" \/>\n<meta property=\"og:type\" content=\"article\" \/>\n<meta property=\"og:title\" content=\"Politica sui cookie\" \/>\n<meta property=\"og:description\" content=\"[vc_row][vc_column][vc_column_text css=&#8221;&#8221;] 1. Cosa sono i cookie? I cookie sono piccoli file di testo che vengono memorizzati sul tuo dispositivo (computer, telefono cellulare o tablet) quando visiti un sito web. Questi cookie permettono al sito web di ricordare informazioni sulla tua visita, come la tua lingua preferita, facilitando la tua prossima visita e migliorando l&#8217;esperienza [&hellip;]\" \/>\n<meta property=\"og:url\" content=\"https:\/\/www.hoteltaburiente.com\/it\/politica-sui-cookie\/\" \/>\n<meta property=\"og:site_name\" content=\"Hotel Taburiente\" \/>\n<meta property=\"article:publisher\" content=\"https:\/\/www.facebook.com\/hotel.Taburiente.Tenerife\" \/>\n<meta property=\"article:modified_time\" content=\"2025-09-10T09:46:45+00:00\" \/>\n<meta name=\"twitter:card\" content=\"summary_large_image\" \/>\n<meta name=\"twitter:site\" content=\"@hoteltaburiente\" \/>\n<meta name=\"twitter:label1\" content=\"Tempo di lettura stimato\" \/>\n\t<meta name=\"twitter:data1\" content=\"3 minuti\" \/>\n<script type=\"application\/ld+json\" class=\"yoast-schema-graph\">{\"@context\":\"https:\\\/\\\/schema.org\",\"@graph\":[{\"@type\":\"WebPage\",\"@id\":\"https:\\\/\\\/www.hoteltaburiente.com\\\/it\\\/politica-sui-cookie\\\/\",\"url\":\"https:\\\/\\\/www.hoteltaburiente.com\\\/it\\\/politica-sui-cookie\\\/\",\"name\":\"Politica sui cookie - Hotel Taburiente\",\"isPartOf\":{\"@id\":\"https:\\\/\\\/www.hoteltaburiente.com\\\/it\\\/#website\"},\"datePublished\":\"2025-02-25T13:15:40+00:00\",\"dateModified\":\"2025-09-10T09:46:45+00:00\",\"inLanguage\":\"it-IT\",\"potentialAction\":[{\"@type\":\"ReadAction\",\"target\":[\"https:\\\/\\\/www.hoteltaburiente.com\\\/it\\\/politica-sui-cookie\\\/\"]}]},{\"@type\":\"WebSite\",\"@id\":\"https:\\\/\\\/www.hoteltaburiente.com\\\/it\\\/#website\",\"url\":\"https:\\\/\\\/www.hoteltaburiente.com\\\/it\\\/\",\"name\":\"Hotel Taburiente\",\"description\":\"Hotel Taburiente en Santa Cruz de Tenerife\",\"publisher\":{\"@id\":\"https:\\\/\\\/www.hoteltaburiente.com\\\/it\\\/#organization\"},\"potentialAction\":[{\"@type\":\"SearchAction\",\"target\":{\"@type\":\"EntryPoint\",\"urlTemplate\":\"https:\\\/\\\/www.hoteltaburiente.com\\\/it\\\/?s={search_term_string}\"},\"query-input\":{\"@type\":\"PropertyValueSpecification\",\"valueRequired\":true,\"valueName\":\"search_term_string\"}}],\"inLanguage\":\"it-IT\"},{\"@type\":\"Organization\",\"@id\":\"https:\\\/\\\/www.hoteltaburiente.com\\\/it\\\/#organization\",\"name\":\"Hotel Taburiente\",\"url\":\"https:\\\/\\\/www.hoteltaburiente.com\\\/it\\\/\",\"logo\":{\"@type\":\"ImageObject\",\"inLanguage\":\"it-IT\",\"@id\":\"https:\\\/\\\/www.hoteltaburiente.com\\\/it\\\/#\\\/schema\\\/logo\\\/image\\\/\",\"url\":\"https:\\\/\\\/www.hoteltaburiente.com\\\/wp-content\\\/uploads\\\/2019\\\/03\\\/logo-hotel-taburiente.png\",\"contentUrl\":\"https:\\\/\\\/www.hoteltaburiente.com\\\/wp-content\\\/uploads\\\/2019\\\/03\\\/logo-hotel-taburiente.png\",\"width\":1500,\"height\":300,\"caption\":\"Hotel Taburiente\"},\"image\":{\"@id\":\"https:\\\/\\\/www.hoteltaburiente.com\\\/it\\\/#\\\/schema\\\/logo\\\/image\\\/\"},\"sameAs\":[\"https:\\\/\\\/www.facebook.com\\\/hotel.Taburiente.Tenerife\",\"https:\\\/\\\/x.com\\\/hoteltaburiente\",\"https:\\\/\\\/www.instagram.com\\\/hoteltaburiente\\\/\",\"https:\\\/\\\/www.linkedin.com\\\/company\\\/1683911\\\/admin\\\/\",\"https:\\\/\\\/www.pinterest.es\\\/hoteltaburiente\\\/\",\"https:\\\/\\\/www.youtube.com\\\/user\\\/HotelTaburiente\"]}]}<\/script>\n<!-- \/ Yoast SEO Premium plugin. -->","yoast_head_json":{"title":"Politica sui cookie - Hotel Taburiente","robots":{"index":"noindex","follow":"nofollow"},"og_locale":"it_IT","og_type":"article","og_title":"Politica sui cookie","og_description":"[vc_row][vc_column][vc_column_text css=&#8221;&#8221;] 1. Cosa sono i cookie? I cookie sono piccoli file di testo che vengono memorizzati sul tuo dispositivo (computer, telefono cellulare o tablet) quando visiti un sito web. Questi cookie permettono al sito web di ricordare informazioni sulla tua visita, come la tua lingua preferita, facilitando la tua prossima visita e migliorando l&#8217;esperienza [&hellip;]","og_url":"https:\/\/www.hoteltaburiente.com\/it\/politica-sui-cookie\/","og_site_name":"Hotel Taburiente","article_publisher":"https:\/\/www.facebook.com\/hotel.Taburiente.Tenerife","article_modified_time":"2025-09-10T09:46:45+00:00","twitter_card":"summary_large_image","twitter_site":"@hoteltaburiente","twitter_misc":{"Tempo di lettura stimato":"3 minuti"},"schema":{"@context":"https:\/\/schema.org","@graph":[{"@type":"WebPage","@id":"https:\/\/www.hoteltaburiente.com\/it\/politica-sui-cookie\/","url":"https:\/\/www.hoteltaburiente.com\/it\/politica-sui-cookie\/","name":"Politica sui cookie - Hotel Taburiente","isPartOf":{"@id":"https:\/\/www.hoteltaburiente.com\/it\/#website"},"datePublished":"2025-02-25T13:15:40+00:00","dateModified":"2025-09-10T09:46:45+00:00","inLanguage":"it-IT","potentialAction":[{"@type":"ReadAction","target":["https:\/\/www.hoteltaburiente.com\/it\/politica-sui-cookie\/"]}]},{"@type":"WebSite","@id":"https:\/\/www.hoteltaburiente.com\/it\/#website","url":"https:\/\/www.hoteltaburiente.com\/it\/","name":"Hotel Taburiente","description":"Hotel Taburiente en Santa Cruz de Tenerife","publisher":{"@id":"https:\/\/www.hoteltaburiente.com\/it\/#organization"},"potentialAction":[{"@type":"SearchAction","target":{"@type":"EntryPoint","urlTemplate":"https:\/\/www.hoteltaburiente.com\/it\/?s={search_term_string}"},"query-input":{"@type":"PropertyValueSpecification","valueRequired":true,"valueName":"search_term_string"}}],"inLanguage":"it-IT"},{"@type":"Organization","@id":"https:\/\/www.hoteltaburiente.com\/it\/#organization","name":"Hotel Taburiente","url":"https:\/\/www.hoteltaburiente.com\/it\/","logo":{"@type":"ImageObject","inLanguage":"it-IT","@id":"https:\/\/www.hoteltaburiente.com\/it\/#\/schema\/logo\/image\/","url":"https:\/\/www.hoteltaburiente.com\/wp-content\/uploads\/2019\/03\/logo-hotel-taburiente.png","contentUrl":"https:\/\/www.hoteltaburiente.com\/wp-content\/uploads\/2019\/03\/logo-hotel-taburiente.png","width":1500,"height":300,"caption":"Hotel Taburiente"},"image":{"@id":"https:\/\/www.hoteltaburiente.com\/it\/#\/schema\/logo\/image\/"},"sameAs":["https:\/\/www.facebook.com\/hotel.Taburiente.Tenerife","https:\/\/x.com\/hoteltaburiente","https:\/\/www.instagram.com\/hoteltaburiente\/","https:\/\/www.linkedin.com\/company\/1683911\/admin\/","https:\/\/www.pinterest.es\/hoteltaburiente\/","https:\/\/www.youtube.com\/user\/HotelTaburiente"]}]}},"_links":{"self":[{"href":"https:\/\/www.hoteltaburiente.com\/it\/wp-json\/wp\/v2\/pages\/12128","targetHints":{"allow":["GET"]}}],"collection":[{"href":"https:\/\/www.hoteltaburiente.com\/it\/wp-json\/wp\/v2\/pages"}],"about":[{"href":"https:\/\/www.hoteltaburiente.com\/it\/wp-json\/wp\/v2\/types\/page"}],"author":[{"embeddable":true,"href":"https:\/\/www.hoteltaburiente.com\/it\/wp-json\/wp\/v2\/users\/12"}],"replies":[{"embeddable":true,"href":"https:\/\/www.hoteltaburiente.com\/it\/wp-json\/wp\/v2\/comments?post=12128"}],"version-history":[{"count":0,"href":"https:\/\/www.hoteltaburiente.com\/it\/wp-json\/wp\/v2\/pages\/12128\/revisions"}],"wp:attachment":[{"href":"https:\/\/www.hoteltaburiente.com\/it\/wp-json\/wp\/v2\/media?parent=12128"}],"curies":[{"name":"wp","href":"https:\/\/api.w.org\/{rel}","templated":true}]}}