{"id":13115,"date":"2025-09-11T13:50:45","date_gmt":"2025-09-11T13:50:45","guid":{"rendered":"https:\/\/www.hoteltaburiente.com\/?page_id=13115"},"modified":"2025-09-17T09:53:24","modified_gmt":"2025-09-17T09:53:24","slug":"codice-privacy","status":"publish","type":"page","link":"https:\/\/www.hoteltaburiente.com\/it\/codice-privacy\/","title":{"rendered":"Codice privacy"},"content":{"rendered":"<div class=\"wpb-content-wrapper\"><p>[vc_row][vc_column][vc_column_text css=&#8221;.vc_custom_1758102795032{padding-top: 5px !important;}&#8221;]<\/p>\n<div style=\"text-align: justify; padding: 1em 0 2.5em; color: #000;\">Hotel Taburiente S.L. informa gli utenti del sito web che rispetta la legislazione vigente in materia di protezione, privacy, segretezza e sicurezza dei dati personali, adottando le misure tecniche e organizzative necessarie per evitare la perdita, alterazione, trattamento o accesso non autorizzato agli stessi, tenendo conto dello stato della tecnologia, della natura dei dati e dei rischi a cui sono esposti. In questo senso, il titolare garantisce il rispetto della normativa prevista dalla Legge Organica 3\/2018, del 5 dicembre, sulla protezione dei dati personali e la garanzia dei diritti digitali (LOPD GDD). Rispetta anche il Regolamento (UE) 2016\/679 del Parlamento Europeo e del Consiglio del 27 aprile 2016 relativo alla protezione delle persone fisiche (RGPD).<\/div>\n<h2>Identit\u00e0 del titolare<\/h2>\n<div style=\"text-align: justify; padding: 1em 0 2.5em; color: #000;\">\n<ul>\n<li><b>Titolare:<\/b>\u00a0 Hotel Taburiente S.L.<\/li>\n<li><b>NIF:<\/b> B38460358. Registrata nel Registro Mercantile di Santa Cruz de Tenerife, Tomo 1519, Foglio 71, Foglio TF-15460, Iscrizione 1\u00aa, in data 28 agosto 1997.<\/li>\n<li><b>Sede legale:<\/b>\u00a0 C\/ Dr. Jos\u00e9 Naveiras 24 A. CP 38001 Santa Cruz de Tenerife.<\/li>\n<li><b>Indirizzo e-mail:<\/b>\u00a0 <a href=\"mailto:direccion@hoteltaburiente.com\">direccion@hoteltaburiente.com<\/a><\/li>\n<li><b>Telefono di contatto:<\/b>\u00a0 +34 922 27 60 00<\/li>\n<li><b>Sito web:<\/b>\u00a0 <a href=\"https:\/\/www.hoteltaburiente.com\/it\/\">https:\/\/www.hoteltaburiente.com<\/a><\/li>\n<\/ul>\n<\/div>\n<h2>Principi applicati nel trattamento dei dati<\/h2>\n<div style=\"text-align: justify; padding: 1em 0 2.5em; color: #000;\">\n<p>Saranno applicati i seguenti principi, in conformit\u00e0 con le richieste del Regolamento Generale sulla Protezione dei Dati (RGPD):<\/p>\n<ul>\n<li><strong>Principio di liceit\u00e0, lealt\u00e0 e trasparenza:<\/strong> il titolare richieder\u00e0 sempre il consenso per il trattamento dei dati personali. I dati potranno essere utilizzati per uno o pi\u00f9 scopi specifici, sui quali il titolare informer\u00e0 l&#8217;utente con trasparenza in anticipo.<\/li>\n<li><strong>Principio di minimizzazione dei dati:<\/strong> il titolare richieder\u00e0 solo i dati strettamente necessari per lo scopo o gli scopi specifici.<\/li>\n<li><strong>Principio di limitazione del periodo di conservazione:<\/strong> il titolare manterr\u00e0 i dati personali raccolti per il tempo strettamente necessario per lo scopo o gli scopi del trattamento. Il titolare informer\u00e0 l&#8217;utente del periodo di conservazione corrispondente in base allo scopo. In caso di abbonamenti, il titolare revisioner\u00e0 periodicamente le liste ed eliminer\u00e0 i registri inattivi per un periodo considerevole.<\/li>\n<li><strong>Principio di integrit\u00e0 e riservatezza:<\/strong> i dati personali raccolti saranno trattati in modo che la loro sicurezza, riservatezza e integrit\u00e0 siano garantite. Il titolare prende le precauzioni necessarie per evitare l&#8217;accesso non autorizzato o l&#8217;uso improprio dei dati da parte di terzi.<\/li>\n<\/ul>\n<\/div>\n<h2>Ottenimento dei dati personali<\/h2>\n<div style=\"text-align: justify; padding: 1em 0 2.5em; color: #000;\">\n<p>Per navigare sul sito web non \u00e8 necessario fornire alcun dato personale. I casi in cui s\u00ec:<\/p>\n<ul>\n<li>Quando ci si iscrive a un modulo di abbonamento o una newsletter gestita dal titolare tramite MailChimp.<\/li>\n<\/ul>\n<\/div>\n<h2>Diritti<\/h2>\n<div style=\"text-align: justify; padding: 1em 0 2.5em; color: #000;\">\n<ul>\n<li>Richiedere l&#8217;accesso ai dati conservati.<\/li>\n<li>Richiedere una rettifica o la cancellazione.<\/li>\n<li>Richiedere la limitazione del trattamento.<\/li>\n<li>Opporsi al trattamento.<\/li>\n<li>Richiedere la portabilit\u00e0 dei propri dati.<\/li>\n<\/ul>\n<p>L&#8217;esercizio di questi diritti \u00e8 personale e, pertanto, deve essere esercitato direttamente dalla persona interessata, facendone richiesta direttamente al titolare. Ogni cliente, abbonato o collaboratore che abbia fornito i propri dati in qualsiasi momento pu\u00f2 chiedere informazioni sui dati conservati e come sono stati ottenuti, richiedere la rettifica, la portabilit\u00e0, opporsi al trattamento, limitare l&#8217;uso o richiedere la cancellazione dai registri del titolare. Non include alcun dato che il titolare sia obbligato a conservare per scopi amministrativi, legali o di sicurezza.<br \/>\nSi deve inviare la richiesta insieme a una fotocopia del documento d&#8217;identit\u00e0 (o equivalente) a: <a href=\"mailto:direccion@hoteltaburiente.com\">direccion@hoteltaburiente.com<\/a>.<br \/>\nHa diritto alla tutela giuridica effettiva e a presentare una reclamo presso l&#8217;autorit\u00e0 di controllo, in questo caso, l&#8217;Agenzia Spagnola per la Protezione dei Dati, se ritiene che il trattamento dei dati personali che lo riguardano violi il regolamento.<\/p>\n<\/div>\n<h2 id=\"finalidad-del-tratamiento-de-datos-personales\">Finalit\u00e0 del trattamento dei dati personali<\/h2>\n<div style=\"text-align: justify; padding: 1em 0 2.5em; color: #000;\">\n<p>Quando si connette al sito web e invia un modulo, sta fornendo informazioni di carattere personale. Queste informazioni possono includere dati come il suo indirizzo IP, nome e cognome, indirizzo fisico, indirizzo e-mail, numero di telefono, ecc. In questo modo, acconsente che le sue informazioni vengano raccolte, utilizzate, gestite e conservate da Axarnet.<br \/>\nI dati personali ai quali Hotel Taburiente S.L. avr\u00e0 accesso saranno solo quelli che l&#8217;utente fornir\u00e0 volontariamente. In tal senso, \u00e8 necessario che l&#8217;utente sappia che, per effettuare prenotazioni attraverso il nostro sito web, verranno richiesti dati personali, la cui fornitura implicher\u00e0 il suo esplicito consenso all&#8217;inclusione degli stessi in un file automatizzato di propriet\u00e0 dell&#8217;hotel. Ad eccezione dei dati che siano indicati come \u00abopzionali\u00bb, gli altri avranno carattere obbligatorio e la mancanza di uno di essi impedir\u00e0 l&#8217;elaborazione della sua richiesta.<br \/>\nQuesti dati saranno trattati per gestire la sua richiesta di prenotazione. Salvo diversa indicazione, i suoi dati potranno essere utilizzati per scopi pubblicitari per informarla su servizi e offerte. Hotel Taburiente S.L. invia comunicazioni commerciali tramite e-mail e messaggistica istantanea (WhatsApp). Pertanto, l&#8217;indirizzo e-mail o numero che ci fornir\u00e0 durante la prenotazione, o quando utilizza questo canale di comunicazione, sar\u00e0 utilizzato solo per rispondere e, previo consenso, per l&#8217;invio di comunicazioni commerciali richieste. Fornendoci i suoi dati di contatto tramite WhatsApp, ci autorizza espressamente a comunicare con lei tramite questa via. I dati che ci fornir\u00e0 saranno trattati con piena riservatezza e in conformit\u00e0 con la normativa applicabile.<br \/>\nI dati personali e la finalit\u00e0 del trattamento da parte del titolare variano in base al sistema di raccolta delle informazioni:<\/p>\n<ul>\n<li><strong>Moduli di abbonamento ai contenuti:<\/strong> il titolare richiede dati personali come nome e cognome, indirizzo e-mail, numero di telefono e indirizzo di un sito web per gestire la lista degli abbonamenti, inviare newsletter, promozioni e offerte speciali. I dati personali forniti saranno archiviati sui server di The Rocket Science Group LLC d\/b\/a, con sede negli Stati Uniti (Mailchimp).<\/li>\n<\/ul>\n<p>Esistono altre finalit\u00e0 per cui il titolare tratta i dati personali:<\/p>\n<ul>\n<li><strong>Per garantire il rispetto delle condizioni<\/strong> previste dalla legge applicabile. Ci\u00f2 pu\u00f2 includere lo sviluppo di strumenti e algoritmi che aiutano il sito web a garantire la riservatezza dei dati personali raccolti.<\/li>\n<li><strong>Per supportare e migliorare i servizi<\/strong> offerti da questo sito web.<\/li>\n<li><strong>Per gestire i social media.<\/strong> Il titolare ha una presenza sui social media. Se decidi di seguirlo, il trattamento dei dati personali sar\u00e0 regolato da questa sezione, nonch\u00e9 dalle condizioni d&#8217;uso, politiche sulla privacy e normative di accesso specifiche della rete sociale in questione, che hai accettato precedentemente. Puoi consultare le politiche sulla privacy dei social media ai seguenti link:\n<ul>\n<li><a href=\"https:\/\/www.facebook.com\/help\/cookies\" target=\"_blank\" rel=\"nofollow noopener\">Facebook<\/a><\/li>\n<li><a href=\"https:\/\/www.linkedin.com\/legal\/cookie-policy\" target=\"_blank\" rel=\"nofollow noopener\">Linkedin<\/a><\/li>\n<li><a href=\"https:\/\/www.youtube.com\/privacy\" target=\"_blank\" rel=\"nofollow noopener\">YouTube<\/a><\/li>\n<li><a href=\"https:\/\/www.instagram.com\/legal\/privacy\/\" target=\"_blank\" rel=\"nofollow noopener\">Instagram<\/a><\/li>\n<\/ul>\n<div class=\"flex max-w-full flex-col grow\">\n<div class=\"min-h-8 text-message relative flex w-full flex-col items-end gap-2 text-start break-words whitespace-normal [.text-message+&amp;]:mt-5\" dir=\"auto\" data-message-author-role=\"assistant\" data-message-id=\"87bd78e1-3f73-4ba2-b5e2-b2d16807c052\" data-message-model-slug=\"gpt-4o\">\n<div class=\"flex w-full flex-col gap-1 empty:hidden first:pt-[3px]\">\n<div class=\"markdown prose dark:prose-invert w-full break-words dark markdown-new-styling\">\n<p data-start=\"1395\" data-end=\"1730\" data-is-last-node=\"\" data-is-only-node=\"\">Il titolare tratter\u00e0 i tuoi dati personali per amministrare correttamente la tua presenza sui social media, informarti sulle sue attivit\u00e0 e per qualsiasi altra finalit\u00e0 consentita dalle normative dei social media. In nessun caso il titolare utilizzer\u00e0 i profili dei follower sui social media per inviare pubblicit\u00e0 in modo individuale.<\/p>\n<\/div>\n<\/div>\n<\/div>\n<\/div>\n<\/li>\n<\/ul>\n<\/div>\n<h2>Sicurezza dei dati personali<\/h2>\n<div style=\"text-align: justify; padding: 1em 0 2.5em; color: #000;\">Per proteggere i suoi dati personali, il titolare adotta tutte le precauzioni ragionevoli e segue le migliori pratiche del settore per evitare la perdita, l&#8217;uso improprio, l&#8217;accesso non autorizzato, la divulgazione, l&#8217;alterazione o la distruzione degli stessi.<br data-start=\"6071\" data-end=\"6074\" \/>Il sito web \u00e8 ospitato su server di Axarnet. La sicurezza dei dati \u00e8 garantita, poich\u00e9 adottano tutte le misure di sicurezza necessarie. Pu\u00f2 consultare la loro politica sulla privacy per maggiori informazioni.<\/div>\n<h2>Contenuti di altri siti web<\/h2>\n<div style=\"text-align: justify; padding: 1em 0 2.5em; color: #000;\">Le pagine di questo sito web possono includere contenuti incorporati (video, immagini, articoli, ecc.). I contenuti incorporati da altri siti web si comportano esattamente come se avessi visitato quel sito. Possono raccogliere informazioni su di te, utilizzare cookie, incorporare un codice di tracciamento di terzi, e monitorare la tua interazione con questo codice.<\/div>\n<h2>Politica sui cookie<\/h2>\n<div style=\"text-align: justify; padding: 1em 0 2.5em; color: #000;\">Per far funzionare correttamente questo sito web, \u00e8 necessario utilizzare cookie. Per consultare la nostra politica al riguardo, clicca <a href=\"https:\/\/www.hoteltaburiente.com\/it\/politica-sui-cookie\/\">qui<\/a>.<\/div>\n<h2>Legittimazione per il trattamento dei dati<\/h2>\n<div style=\"text-align: justify; padding: 1em 0 2.5em; color: #000;\">La base legale per il trattamento dei suoi dati \u00e8 il consenso della persona interessata.<\/div>\n<h2>Categorie di dati personali<\/h2>\n<div style=\"text-align: justify; padding: 1em 0 2.5em; color: #000;\">Le categorie di dati personali trattate dal titolare sono: dati identificativi e non vengono trattate categorie di dati particolarmente protetti.<\/div>\n<h2>Conservazione dei dati personali<\/h2>\n<div style=\"text-align: justify; padding: 1em 0 2.5em; color: #000;\">I dati personali forniti al titolare saranno conservati fino alla sua richiesta di cancellazione.<\/div>\n<h2 id=\"destinatarios\">Destinatari dei dati personali<\/h2>\n<div style=\"text-align: justify; padding: 1em 0 2.5em; color: #000;\">\n<ul>\n<li><b>Mailchimp.<\/b> The Rocket Science Group LLC d\/b\/a , con sede negli Stati Uniti.<br \/>\nMaggiori informazioni su: <a href=\"https:\/\/mailchimp.com\/legal\/privacy\/\" target=\"_blank\" rel=\"nofollow noopener\">https:\/\/mailchimp.com<\/a><br \/>\nTratta i dati con l&#8217;obiettivo di fornire i suoi servizi di email marketing al titolare.<\/li>\n<li><b>Google Analytics<\/b>\u00a0\u00e8 un servizio di analisi web fornito da Google, Inc., una compagnia del Delaware con sede principale in 1600 Amphitheatre Parkway, Mountain View (California), CA 94043, Stati Uniti (Google).<br data-start=\"549\" data-end=\"552\" \/>Utilizza i cookie per aiutare il titolare ad analizzare l&#8217;uso che gli utenti fanno del sito web. Le informazioni generate (compreso l&#8217;indirizzo IP) saranno direttamente trasmesse e archiviate da Google sui server negli Stati Uniti.<br \/>\nMaggiori informazioni su: <a href=\"https:\/\/policies.google.com\/privacy?hl=es-ES\" target=\"_blank\" rel=\"nofollow noopener\">https:\/\/analytics.google.com<\/a><\/li>\n<\/ul>\n<p>Pu\u00f2 consultare come Google gestisce la privacy su: <a href=\"https:\/\/policies.google.com\/privacy?hl=it\" target=\"_blank\" rel=\"nofollow noopener\">https:\/\/policies.google.com\/privacy?hl=it<\/a><br \/>\nPu\u00f2 anche vedere un elenco dei tipi di cookie che utilizza Google e i suoi collaboratori, e tutte le informazioni relative all&#8217;uso che fanno della pubblicit\u00e0 su:<\/p>\n<ul>\n<li><a href=\"https:\/\/policies.google.com\/technologies\/types?hl=it\" target=\"_blank\" rel=\"nofollow noopener\">Tipi di cookie che utilizza Google<\/a><\/li>\n<li><a href=\"https:\/\/policies.google.com\/technologies\/ads?hl=it\" target=\"_blank\" rel=\"nofollow noopener\">Come Google utilizza i cookie nella publicit\u00e0<\/a><\/li>\n<\/ul>\n<\/div>\n<h2>Navigazione web<\/h2>\n<div style=\"text-align: justify; padding: 1em 0 2.5em; color: #000;\">Navigando nel sito web potrebbero essere raccolti dati non identificativi, che possono includere l&#8217;indirizzo IP, la geolocalizzazione, un registro di come vengono utilizzati i servizi e siti, abitudini di navigazione e altri dati che non possono essere utilizzati per identificarti. Il sito web utilizza i seguenti servizi di analisi di terzi: Google Analytics.<\/div>\n<h2>Accuratezza e veridicit\u00e0 dei dati personali<\/h2>\n<div style=\"text-align: justify; padding: 1em 0 2.5em; color: #000;\">L&#8217;utente garantisce che i dati personali forniti a Hotel Taburiente S.L. siano veritieri, precisi e completi, e si impegna a comunicare eventuali modifiche degli stessi, sollevando il titolare da qualsiasi responsabilit\u00e0 al riguardo.<\/div>\n<h2>Accettazione e consenso<\/h2>\n<div style=\"text-align: justify; padding: 1em 0 2.5em; color: #000;\">Come utente del sito web, dichiara di essere stato informato sulle condizioni relative alla protezione dei dati personali, accetta e acconsente al trattamento degli stessi da parte del titolare nei<\/div>\n<h2>Modifiche alla politica sulla privacy<\/h2>\n<div style=\"text-align: justify; padding: 1em 0 0; color: #000;\">Il titolare si riserva il diritto di modificare il presente documento per adattarlo a nuove normative legislative o giurisprudenziali, nonch\u00e9 alle pratiche del settore.<br data-start=\"264\" data-end=\"267\" data-is-only-node=\"\" \/>Queste politiche rimarranno in vigore fino a quando non saranno modificate da altre debitamente pubblicate.<\/div>\n<p>[\/vc_column_text][\/vc_column][\/vc_row]<\/p>\n<\/div>","protected":false},"excerpt":{"rendered":"<p>[vc_row][vc_column][vc_column_text css=&#8221;.vc_custom_1758102795032{padding-top: 5px !important;}&#8221;] Hotel Taburiente S.L. informa gli utenti del sito web che rispetta la legislazione vigente in materia di protezione, privacy, segretezza e sicurezza dei dati personali, adottando le misure tecniche e organizzative necessarie per evitare la perdita, alterazione, trattamento o accesso non autorizzato agli stessi, tenendo conto dello stato della tecnologia, della [&hellip;]<\/p>\n","protected":false},"author":12,"featured_media":0,"parent":0,"menu_order":0,"comment_status":"closed","ping_status":"closed","template":"","meta":{"_joinchat":[],"footnotes":""},"class_list":["post-13115","page","type-page","status-publish","hentry"],"yoast_head":"<!-- This site is optimized with the Yoast SEO Premium plugin v22.7 (Yoast SEO v27.6) - https:\/\/yoast.com\/product\/yoast-seo-premium-wordpress\/ -->\n<title>Codice privacy - Hotel Taburiente<\/title>\n<meta name=\"robots\" content=\"noindex, follow\" \/>\n<meta property=\"og:locale\" content=\"it_IT\" \/>\n<meta property=\"og:type\" content=\"article\" \/>\n<meta property=\"og:title\" content=\"Codice privacy\" \/>\n<meta property=\"og:description\" content=\"[vc_row][vc_column][vc_column_text css=&#8221;.vc_custom_1758102795032{padding-top: 5px !important;}&#8221;] Hotel Taburiente S.L. informa gli utenti del sito web che rispetta la legislazione vigente in materia di protezione, privacy, segretezza e sicurezza dei dati personali, adottando le misure tecniche e organizzative necessarie per evitare la perdita, alterazione, trattamento o accesso non autorizzato agli stessi, tenendo conto dello stato della tecnologia, della [&hellip;]\" \/>\n<meta property=\"og:url\" content=\"https:\/\/www.hoteltaburiente.com\/it\/codice-privacy\/\" \/>\n<meta property=\"og:site_name\" content=\"Hotel Taburiente\" \/>\n<meta property=\"article:publisher\" content=\"https:\/\/www.facebook.com\/hotel.Taburiente.Tenerife\" \/>\n<meta property=\"article:modified_time\" content=\"2025-09-17T09:53:24+00:00\" \/>\n<meta name=\"twitter:card\" content=\"summary_large_image\" \/>\n<meta name=\"twitter:site\" content=\"@hoteltaburiente\" \/>\n<meta name=\"twitter:label1\" content=\"Tempo di lettura stimato\" \/>\n\t<meta name=\"twitter:data1\" content=\"9 minuti\" \/>\n<script type=\"application\/ld+json\" class=\"yoast-schema-graph\">{\"@context\":\"https:\\\/\\\/schema.org\",\"@graph\":[{\"@type\":\"WebPage\",\"@id\":\"https:\\\/\\\/www.hoteltaburiente.com\\\/it\\\/codice-privacy\\\/\",\"url\":\"https:\\\/\\\/www.hoteltaburiente.com\\\/it\\\/codice-privacy\\\/\",\"name\":\"Codice privacy - Hotel Taburiente\",\"isPartOf\":{\"@id\":\"https:\\\/\\\/www.hoteltaburiente.com\\\/it\\\/#website\"},\"datePublished\":\"2025-09-11T13:50:45+00:00\",\"dateModified\":\"2025-09-17T09:53:24+00:00\",\"inLanguage\":\"it-IT\",\"potentialAction\":[{\"@type\":\"ReadAction\",\"target\":[\"https:\\\/\\\/www.hoteltaburiente.com\\\/it\\\/codice-privacy\\\/\"]}]},{\"@type\":\"WebSite\",\"@id\":\"https:\\\/\\\/www.hoteltaburiente.com\\\/it\\\/#website\",\"url\":\"https:\\\/\\\/www.hoteltaburiente.com\\\/it\\\/\",\"name\":\"Hotel Taburiente\",\"description\":\"Hotel Taburiente en Santa Cruz de Tenerife\",\"publisher\":{\"@id\":\"https:\\\/\\\/www.hoteltaburiente.com\\\/it\\\/#organization\"},\"potentialAction\":[{\"@type\":\"SearchAction\",\"target\":{\"@type\":\"EntryPoint\",\"urlTemplate\":\"https:\\\/\\\/www.hoteltaburiente.com\\\/it\\\/?s={search_term_string}\"},\"query-input\":{\"@type\":\"PropertyValueSpecification\",\"valueRequired\":true,\"valueName\":\"search_term_string\"}}],\"inLanguage\":\"it-IT\"},{\"@type\":\"Organization\",\"@id\":\"https:\\\/\\\/www.hoteltaburiente.com\\\/it\\\/#organization\",\"name\":\"Hotel Taburiente\",\"url\":\"https:\\\/\\\/www.hoteltaburiente.com\\\/it\\\/\",\"logo\":{\"@type\":\"ImageObject\",\"inLanguage\":\"it-IT\",\"@id\":\"https:\\\/\\\/www.hoteltaburiente.com\\\/it\\\/#\\\/schema\\\/logo\\\/image\\\/\",\"url\":\"https:\\\/\\\/www.hoteltaburiente.com\\\/wp-content\\\/uploads\\\/2019\\\/03\\\/logo-hotel-taburiente.png\",\"contentUrl\":\"https:\\\/\\\/www.hoteltaburiente.com\\\/wp-content\\\/uploads\\\/2019\\\/03\\\/logo-hotel-taburiente.png\",\"width\":1500,\"height\":300,\"caption\":\"Hotel Taburiente\"},\"image\":{\"@id\":\"https:\\\/\\\/www.hoteltaburiente.com\\\/it\\\/#\\\/schema\\\/logo\\\/image\\\/\"},\"sameAs\":[\"https:\\\/\\\/www.facebook.com\\\/hotel.Taburiente.Tenerife\",\"https:\\\/\\\/x.com\\\/hoteltaburiente\",\"https:\\\/\\\/www.instagram.com\\\/hoteltaburiente\\\/\",\"https:\\\/\\\/www.linkedin.com\\\/company\\\/1683911\\\/admin\\\/\",\"https:\\\/\\\/www.pinterest.es\\\/hoteltaburiente\\\/\",\"https:\\\/\\\/www.youtube.com\\\/user\\\/HotelTaburiente\"]}]}<\/script>\n<!-- \/ Yoast SEO Premium plugin. -->","yoast_head_json":{"title":"Codice privacy - Hotel Taburiente","robots":{"index":"noindex","follow":"follow"},"og_locale":"it_IT","og_type":"article","og_title":"Codice privacy","og_description":"[vc_row][vc_column][vc_column_text css=&#8221;.vc_custom_1758102795032{padding-top: 5px !important;}&#8221;] Hotel Taburiente S.L. informa gli utenti del sito web che rispetta la legislazione vigente in materia di protezione, privacy, segretezza e sicurezza dei dati personali, adottando le misure tecniche e organizzative necessarie per evitare la perdita, alterazione, trattamento o accesso non autorizzato agli stessi, tenendo conto dello stato della tecnologia, della [&hellip;]","og_url":"https:\/\/www.hoteltaburiente.com\/it\/codice-privacy\/","og_site_name":"Hotel Taburiente","article_publisher":"https:\/\/www.facebook.com\/hotel.Taburiente.Tenerife","article_modified_time":"2025-09-17T09:53:24+00:00","twitter_card":"summary_large_image","twitter_site":"@hoteltaburiente","twitter_misc":{"Tempo di lettura stimato":"9 minuti"},"schema":{"@context":"https:\/\/schema.org","@graph":[{"@type":"WebPage","@id":"https:\/\/www.hoteltaburiente.com\/it\/codice-privacy\/","url":"https:\/\/www.hoteltaburiente.com\/it\/codice-privacy\/","name":"Codice privacy - Hotel Taburiente","isPartOf":{"@id":"https:\/\/www.hoteltaburiente.com\/it\/#website"},"datePublished":"2025-09-11T13:50:45+00:00","dateModified":"2025-09-17T09:53:24+00:00","inLanguage":"it-IT","potentialAction":[{"@type":"ReadAction","target":["https:\/\/www.hoteltaburiente.com\/it\/codice-privacy\/"]}]},{"@type":"WebSite","@id":"https:\/\/www.hoteltaburiente.com\/it\/#website","url":"https:\/\/www.hoteltaburiente.com\/it\/","name":"Hotel Taburiente","description":"Hotel Taburiente en Santa Cruz de Tenerife","publisher":{"@id":"https:\/\/www.hoteltaburiente.com\/it\/#organization"},"potentialAction":[{"@type":"SearchAction","target":{"@type":"EntryPoint","urlTemplate":"https:\/\/www.hoteltaburiente.com\/it\/?s={search_term_string}"},"query-input":{"@type":"PropertyValueSpecification","valueRequired":true,"valueName":"search_term_string"}}],"inLanguage":"it-IT"},{"@type":"Organization","@id":"https:\/\/www.hoteltaburiente.com\/it\/#organization","name":"Hotel Taburiente","url":"https:\/\/www.hoteltaburiente.com\/it\/","logo":{"@type":"ImageObject","inLanguage":"it-IT","@id":"https:\/\/www.hoteltaburiente.com\/it\/#\/schema\/logo\/image\/","url":"https:\/\/www.hoteltaburiente.com\/wp-content\/uploads\/2019\/03\/logo-hotel-taburiente.png","contentUrl":"https:\/\/www.hoteltaburiente.com\/wp-content\/uploads\/2019\/03\/logo-hotel-taburiente.png","width":1500,"height":300,"caption":"Hotel Taburiente"},"image":{"@id":"https:\/\/www.hoteltaburiente.com\/it\/#\/schema\/logo\/image\/"},"sameAs":["https:\/\/www.facebook.com\/hotel.Taburiente.Tenerife","https:\/\/x.com\/hoteltaburiente","https:\/\/www.instagram.com\/hoteltaburiente\/","https:\/\/www.linkedin.com\/company\/1683911\/admin\/","https:\/\/www.pinterest.es\/hoteltaburiente\/","https:\/\/www.youtube.com\/user\/HotelTaburiente"]}]}},"_links":{"self":[{"href":"https:\/\/www.hoteltaburiente.com\/it\/wp-json\/wp\/v2\/pages\/13115","targetHints":{"allow":["GET"]}}],"collection":[{"href":"https:\/\/www.hoteltaburiente.com\/it\/wp-json\/wp\/v2\/pages"}],"about":[{"href":"https:\/\/www.hoteltaburiente.com\/it\/wp-json\/wp\/v2\/types\/page"}],"author":[{"embeddable":true,"href":"https:\/\/www.hoteltaburiente.com\/it\/wp-json\/wp\/v2\/users\/12"}],"replies":[{"embeddable":true,"href":"https:\/\/www.hoteltaburiente.com\/it\/wp-json\/wp\/v2\/comments?post=13115"}],"version-history":[{"count":0,"href":"https:\/\/www.hoteltaburiente.com\/it\/wp-json\/wp\/v2\/pages\/13115\/revisions"}],"wp:attachment":[{"href":"https:\/\/www.hoteltaburiente.com\/it\/wp-json\/wp\/v2\/media?parent=13115"}],"curies":[{"name":"wp","href":"https:\/\/api.w.org\/{rel}","templated":true}]}}