{"id":13136,"date":"2025-09-17T11:11:10","date_gmt":"2025-09-17T11:11:10","guid":{"rendered":"https:\/\/www.hoteltaburiente.com\/?page_id=13136"},"modified":"2025-09-17T11:32:35","modified_gmt":"2025-09-17T11:32:35","slug":"avviso-legale","status":"publish","type":"page","link":"https:\/\/www.hoteltaburiente.com\/it\/avviso-legale\/","title":{"rendered":"Avviso legale"},"content":{"rendered":"<div class=\"wpb-content-wrapper\"><p>[vc_row][vc_column][vc_column_text css=&#8221;&#8221;]<\/p>\n<h2>Identificazione e titolarit\u00e0<\/h2>\n<div style=\"text-align: justify; padding: 1em 0 2.5em; color: #000;\">\n<p>In ottemperanza all&#8217;articolo 10 della Legge 34\/2002, dell&#8217;11 luglio, sui Servizi della Societ\u00e0 dell&#8217;Informazione e Commercio Elettronico, Hotel Taburiente S.L. porta alla vostra conoscenza i seguenti dati identificativi:<\/p>\n<ul>\n<li><b>Titolare:<\/b>\u00a0 Hotel Taburiente, S.L.<\/li>\n<li><b>NIF:<\/b> B38460358. Iscritta nel Registro delle Imprese di Santa Cruz de Tenerife, Volume 1519, Foglio 71, Scheda TF-15460, Iscrizione 1\u00aa, con data 28 agosto 1997.<\/li>\n<li><b>Sede legale:<\/b>\u00a0 C\/ Dr. Jos\u00e9 Naveiras 24 A. CP 38001, Santa Cruz de Tenerife.<\/li>\n<li><b>Indirizzo e-mail:<\/b>\u00a0 <a href=\"mailto:direccion@hoteltaburiente.com\">direccion@hoteltaburiente.com<\/a><\/li>\n<li><b>Telefono di contatto:<\/b>\u00a0 +34 922 27 60 00<\/li>\n<li><b>Sito web:<\/b>\u00a0 <a href=\"https:\/\/www.hoteltaburiente.com\/it\/\">https:\/\/www.hoteltaburiente.com<\/a><\/li>\n<\/ul>\n<\/div>\n<h2>Condizioni di utilizzo<\/h2>\n<div style=\"text-align: justify; padding: 1em 0 2.5em; color: #000;\">\n<p>L\u2019utilizzo del sito web conferisce la qualifica di utente e implica l\u2019accettazione completa di tutte le clausole e condizioni incluse in questo documento e nella <a href=\"https:\/\/www.hoteltaburiente.com\/it\/codice-privacy\/\">Legge Organica sulla Protezione dei Dati<\/a>.<\/p>\n<p>Da tenere in considerazione:<\/p>\n<ul>\n<li>Se non siete d&#8217;accordo con tutte le clausole e le condizioni, vi preghiamo di astenervi dall&#8217;utilizzare il sito web.<\/li>\n<li>L&#8217;accesso al sito web non implica, in alcun modo, l&#8217;inizio di un rapporto commerciale con il titolare.<\/li>\n<li>Tramite il sito web, il titolare vi consente l&#8217;accesso e l&#8217;utilizzo di diversi contenuti pubblicati dal titolare o dai suoi collaboratori attraverso Internet.<\/li>\n<li>A tale scopo, siete obbligati e impegnati a non utilizzare alcun contenuto del sito web per scopi o effetti illeciti, proibiti da questo avviso legale o dalla normativa vigente, lesivi dei diritti e degli interessi di terzi, o che possano danneggiare, inutilizzare, sovraccaricare, deteriorare o impedire il normale utilizzo dei contenuti, delle attrezzature informatiche o dei documenti, file e qualsiasi altro contenuto memorizzato su computer propri o contrattati dal titolare, da altri utenti o da qualsiasi utente di Internet.<\/li>\n<\/ul>\n<\/div>\n<h2>Misure di sicurezza<\/h2>\n<div style=\"text-align: justify; padding: 1em 0 2.5em; color: #000;\">I dati personali che fornirete al titolare possono essere memorizzati in basi di dati automatizzate o non, di propriet\u00e0 esclusiva del titolare, che adotta tutte le misure tecniche, organizzative e di sicurezza necessarie per garantire la riservatezza, l&#8217;integrit\u00e0 e la qualit\u00e0 delle informazioni in conformit\u00e0 con la normativa vigente sulla protezione dei dati.<br \/>\nTuttavia, dovete essere consapevoli che le misure di sicurezza dei sistemi informatici su Internet non sono completamente affidabili e, pertanto, il titolare non pu\u00f2 garantire l&#8217;assenza di virus o altri elementi che possano causare alterazioni nei sistemi informatici dell&#8217;utente o nei suoi documenti elettronici e file contenuti in essi, sebbene il titolare adotti tutte le misure necessarie per evitare la presenza di tali elementi dannosi.<\/div>\n<h2>Trattamento dei dati personali<\/h2>\n<div style=\"text-align: justify; padding: 1em 0 2.5em; color: #000;\">Potete consultare le informazioni relative al trattamento dei dati personali nella pagina <a href=\"https:\/\/www.hoteltaburiente.com\/it\/codice-privacy\/\">Codice privacy<\/a>.<\/div>\n<h2>Contenuti<\/h2>\n<div style=\"text-align: justify; padding: 1em 0 2.5em; color: #000;\">\n<ul>\n<li>Il titolare ha ottenuto informazioni, contenuti multimediali e materiali inclusi nel sito web da fonti ritenute affidabili. Sebbene siano state adottate tutte le misure ragionevoli per garantire l&#8217;accuratezza delle informazioni, il titolare non garantisce che siano esatte, complete o aggiornate; declina espressamente qualsiasi responsabilit\u00e0 per errori o omissioni nelle informazioni contenute nelle pagine del sito web.<\/li>\n<li>\u00c8 vietato trasmettere o inviare tramite il sito web qualsiasi contenuto illegale o illecito, virus informatici o messaggi che, in generale, danneggino o violino i diritti del titolare o di terzi.<\/li>\n<li>I contenuti del sito web hanno esclusivamente una finalit\u00e0 informativa e, in nessun caso, devono essere utilizzati o considerati come un&#8217;offerta di vendita, una richiesta di offerta di acquisto o una raccomandazione per effettuare qualsiasi altra operazione, salvo che non sia espressamente indicato.<\/li>\n<li>Il titolare si riserva il diritto di modificare, sospendere, cancellare o limitare i contenuti del sito web, i link o le informazioni ottenute tramite lo stesso, senza preavviso.<\/li>\n<li>Il titolare non \u00e8 responsabile dei danni e dei pregiudizi che potrebbero derivare dall&#8217;utilizzo delle informazioni contenute nel sito web o nei social media del titolare.<\/li>\n<\/ul>\n<\/div>\n<h2>Politica sui cookie<\/h2>\n<div style=\"text-align: justify; padding: 1em 0 2.5em; color: #000;\">\n<p>Il titolare raccoglie e conserva le seguenti informazioni sui visitatori del sito web:<\/p>\n<ul>\n<li>Il nome di dominio del fornitore (PSI) o l&#8217;indirizzo IP che consente l&#8217;accesso alla rete.<\/li>\n<li>La data e l&#8217;ora di accesso al sito web.<\/li>\n<li>L&#8217;indirizzo Internet di origine del link che rimanda al sito web.<\/li>\n<li>Il numero di visitatori giornalieri di ogni sezione.<\/li>\n<\/ul>\n<p>Le informazioni raccolte sono completamente anonime e in nessun caso possono essere associate a un utente specifico e identificato.<\/p>\n<\/div>\n<h2>Link a siti web di terzi<\/h2>\n<div style=\"text-align: justify; padding: 1em 0 2.5em; color: #000;\">Il titolare pu\u00f2 fornire accesso a siti web di terzi tramite link, con l&#8217;unico scopo di informare sull&#8217;esistenza di altre fonti di informazione su Internet dove \u00e8 possibile ampliare i dati offerti sul sito web.<br \/>\nQuesti link non implicano, in alcun caso, un suggerimento o una raccomandazione di visitare le pagine web di destinazione, che sono al di fuori del controllo del titolare, il quale non \u00e8 responsabile per il contenuto dei siti web linkati n\u00e9 per i risultati che si ottengono seguendo tali link. Inoltre, il titolare non risponde dei link presenti nei siti web collegati ai quali fornisce accesso.<br \/>\nL&#8217;inserimento di un link non implica, in nessun caso, l&#8217;esistenza di relazioni tra il titolare e il proprietario del sito a cui si collega il link, n\u00e9 l&#8217;accettazione o approvazione da parte del titolare dei suoi contenuti o servizi.<br \/>\nSe accedete a un sito web esterno tramite un link trovato sul sito web, dovrete leggere la propria politica sulla privacy, che potrebbe essere diversa da quella di questo sito.<\/div>\n<h2>Propriet\u00e0 intellettuale e industriale<\/h2>\n<div style=\"text-align: justify; padding: 1em 0 2.5em; color: #000;\">Tutti i diritti sono riservati. L&#8217;accesso a questo sito web \u00e8 soggetto alle seguenti condizioni: la riproduzione, l&#8217;archiviazione permanente e la diffusione dei contenuti o qualsiasi altro uso a scopi pubblici o commerciali \u00e8 espressamente vietata senza il previo consenso esplicito e scritto del titolare.<\/div>\n<h2>Limitazione di responsabilit\u00e0<\/h2>\n<div style=\"text-align: justify; padding: 1em 0 2.5em; color: #000;\">Il titolare declina ogni responsabilit\u00e0 in caso di interruzioni o malfunzionamenti dei servizi o dei contenuti offerti su Internet, indipendentemente dalla causa. Inoltre, non \u00e8 responsabile per guasti della rete, perdite economiche derivanti da tali guasti, sospensioni temporanee di fornitura di energia elettrica o qualsiasi altro danno indiretto causato da fattori esterni.<br \/>\nPrima di prendere decisioni o azioni basate sulle informazioni contenute nel sito web, il titolare vi consiglia di verificare e confrontare le informazioni ricevute con altre fonti.<\/div>\n<h2>Diritto di esclusione<\/h2>\n<div style=\"text-align: justify; padding: 1em 0 2.5em; color: #000;\">Il titolare si riserva il diritto di negare o ritirare l&#8217;accesso al sito web e ai servizi offerti senza preavviso, su iniziativa propria o di terzi, a quegli utenti che violino una qualsiasi delle condizioni di questo avviso legale.<\/div>\n<h2>Giurisdizione<\/h2>\n<div style=\"text-align: justify; padding: 1em 0 2.5em; color: #000;\">Questo avviso legale \u00e8 regolato interamente dalla legislazione spagnola.<\/div>\n<h2>Contatti<\/h2>\n<div style=\"text-align: justify; padding: 1em 0 0; color: #000;\">Nel caso in cui abbiate domande su questo documento o vogliate fare un commento sul sito web, potete inviare un&#8217;email a: <a href=\"mailto:direccion@hoteltaburiente.com\">direccion@hoteltaburiente.com<\/a>.<\/div>\n<p>[\/vc_column_text][\/vc_column][\/vc_row]<\/p>\n<\/div>","protected":false},"excerpt":{"rendered":"<p>[vc_row][vc_column][vc_column_text css=&#8221;&#8221;] Identificazione e titolarit\u00e0 In ottemperanza all&#8217;articolo 10 della Legge 34\/2002, dell&#8217;11 luglio, sui Servizi della Societ\u00e0 dell&#8217;Informazione e Commercio Elettronico, Hotel Taburiente S.L. porta alla vostra conoscenza i seguenti dati identificativi: Titolare:\u00a0 Hotel Taburiente, S.L. NIF: B38460358. Iscritta nel Registro delle Imprese di Santa Cruz de Tenerife, Volume 1519, Foglio 71, Scheda TF-15460, [&hellip;]<\/p>\n","protected":false},"author":12,"featured_media":0,"parent":0,"menu_order":0,"comment_status":"closed","ping_status":"closed","template":"","meta":{"_joinchat":[],"footnotes":""},"class_list":["post-13136","page","type-page","status-publish","hentry"],"yoast_head":"<!-- This site is optimized with the Yoast SEO Premium plugin v22.7 (Yoast SEO v27.6) - https:\/\/yoast.com\/product\/yoast-seo-premium-wordpress\/ -->\n<title>Avviso legale - Hotel Taburiente<\/title>\n<meta name=\"robots\" content=\"noindex, follow\" \/>\n<meta property=\"og:locale\" content=\"it_IT\" \/>\n<meta property=\"og:type\" content=\"article\" \/>\n<meta property=\"og:title\" content=\"Avviso legale\" \/>\n<meta property=\"og:description\" content=\"[vc_row][vc_column][vc_column_text css=&#8221;&#8221;] Identificazione e titolarit\u00e0 In ottemperanza all&#8217;articolo 10 della Legge 34\/2002, dell&#8217;11 luglio, sui Servizi della Societ\u00e0 dell&#8217;Informazione e Commercio Elettronico, Hotel Taburiente S.L. porta alla vostra conoscenza i seguenti dati identificativi: Titolare:\u00a0 Hotel Taburiente, S.L. NIF: B38460358. Iscritta nel Registro delle Imprese di Santa Cruz de Tenerife, Volume 1519, Foglio 71, Scheda TF-15460, [&hellip;]\" \/>\n<meta property=\"og:url\" content=\"https:\/\/www.hoteltaburiente.com\/it\/avviso-legale\/\" \/>\n<meta property=\"og:site_name\" content=\"Hotel Taburiente\" \/>\n<meta property=\"article:publisher\" content=\"https:\/\/www.facebook.com\/hotel.Taburiente.Tenerife\" \/>\n<meta property=\"article:modified_time\" content=\"2025-09-17T11:32:35+00:00\" \/>\n<meta name=\"twitter:card\" content=\"summary_large_image\" \/>\n<meta name=\"twitter:site\" content=\"@hoteltaburiente\" \/>\n<meta name=\"twitter:label1\" content=\"Tempo di lettura stimato\" \/>\n\t<meta name=\"twitter:data1\" content=\"5 minuti\" \/>\n<script type=\"application\/ld+json\" class=\"yoast-schema-graph\">{\"@context\":\"https:\\\/\\\/schema.org\",\"@graph\":[{\"@type\":\"WebPage\",\"@id\":\"https:\\\/\\\/www.hoteltaburiente.com\\\/it\\\/avviso-legale\\\/\",\"url\":\"https:\\\/\\\/www.hoteltaburiente.com\\\/it\\\/avviso-legale\\\/\",\"name\":\"Avviso legale - Hotel Taburiente\",\"isPartOf\":{\"@id\":\"https:\\\/\\\/www.hoteltaburiente.com\\\/it\\\/#website\"},\"datePublished\":\"2025-09-17T11:11:10+00:00\",\"dateModified\":\"2025-09-17T11:32:35+00:00\",\"inLanguage\":\"it-IT\",\"potentialAction\":[{\"@type\":\"ReadAction\",\"target\":[\"https:\\\/\\\/www.hoteltaburiente.com\\\/it\\\/avviso-legale\\\/\"]}]},{\"@type\":\"WebSite\",\"@id\":\"https:\\\/\\\/www.hoteltaburiente.com\\\/it\\\/#website\",\"url\":\"https:\\\/\\\/www.hoteltaburiente.com\\\/it\\\/\",\"name\":\"Hotel Taburiente\",\"description\":\"Hotel Taburiente en Santa Cruz de Tenerife\",\"publisher\":{\"@id\":\"https:\\\/\\\/www.hoteltaburiente.com\\\/it\\\/#organization\"},\"potentialAction\":[{\"@type\":\"SearchAction\",\"target\":{\"@type\":\"EntryPoint\",\"urlTemplate\":\"https:\\\/\\\/www.hoteltaburiente.com\\\/it\\\/?s={search_term_string}\"},\"query-input\":{\"@type\":\"PropertyValueSpecification\",\"valueRequired\":true,\"valueName\":\"search_term_string\"}}],\"inLanguage\":\"it-IT\"},{\"@type\":\"Organization\",\"@id\":\"https:\\\/\\\/www.hoteltaburiente.com\\\/it\\\/#organization\",\"name\":\"Hotel Taburiente\",\"url\":\"https:\\\/\\\/www.hoteltaburiente.com\\\/it\\\/\",\"logo\":{\"@type\":\"ImageObject\",\"inLanguage\":\"it-IT\",\"@id\":\"https:\\\/\\\/www.hoteltaburiente.com\\\/it\\\/#\\\/schema\\\/logo\\\/image\\\/\",\"url\":\"https:\\\/\\\/www.hoteltaburiente.com\\\/wp-content\\\/uploads\\\/2019\\\/03\\\/logo-hotel-taburiente.png\",\"contentUrl\":\"https:\\\/\\\/www.hoteltaburiente.com\\\/wp-content\\\/uploads\\\/2019\\\/03\\\/logo-hotel-taburiente.png\",\"width\":1500,\"height\":300,\"caption\":\"Hotel Taburiente\"},\"image\":{\"@id\":\"https:\\\/\\\/www.hoteltaburiente.com\\\/it\\\/#\\\/schema\\\/logo\\\/image\\\/\"},\"sameAs\":[\"https:\\\/\\\/www.facebook.com\\\/hotel.Taburiente.Tenerife\",\"https:\\\/\\\/x.com\\\/hoteltaburiente\",\"https:\\\/\\\/www.instagram.com\\\/hoteltaburiente\\\/\",\"https:\\\/\\\/www.linkedin.com\\\/company\\\/1683911\\\/admin\\\/\",\"https:\\\/\\\/www.pinterest.es\\\/hoteltaburiente\\\/\",\"https:\\\/\\\/www.youtube.com\\\/user\\\/HotelTaburiente\"]}]}<\/script>\n<!-- \/ Yoast SEO Premium plugin. -->","yoast_head_json":{"title":"Avviso legale - Hotel Taburiente","robots":{"index":"noindex","follow":"follow"},"og_locale":"it_IT","og_type":"article","og_title":"Avviso legale","og_description":"[vc_row][vc_column][vc_column_text css=&#8221;&#8221;] Identificazione e titolarit\u00e0 In ottemperanza all&#8217;articolo 10 della Legge 34\/2002, dell&#8217;11 luglio, sui Servizi della Societ\u00e0 dell&#8217;Informazione e Commercio Elettronico, Hotel Taburiente S.L. porta alla vostra conoscenza i seguenti dati identificativi: Titolare:\u00a0 Hotel Taburiente, S.L. NIF: B38460358. Iscritta nel Registro delle Imprese di Santa Cruz de Tenerife, Volume 1519, Foglio 71, Scheda TF-15460, [&hellip;]","og_url":"https:\/\/www.hoteltaburiente.com\/it\/avviso-legale\/","og_site_name":"Hotel Taburiente","article_publisher":"https:\/\/www.facebook.com\/hotel.Taburiente.Tenerife","article_modified_time":"2025-09-17T11:32:35+00:00","twitter_card":"summary_large_image","twitter_site":"@hoteltaburiente","twitter_misc":{"Tempo di lettura stimato":"5 minuti"},"schema":{"@context":"https:\/\/schema.org","@graph":[{"@type":"WebPage","@id":"https:\/\/www.hoteltaburiente.com\/it\/avviso-legale\/","url":"https:\/\/www.hoteltaburiente.com\/it\/avviso-legale\/","name":"Avviso legale - Hotel Taburiente","isPartOf":{"@id":"https:\/\/www.hoteltaburiente.com\/it\/#website"},"datePublished":"2025-09-17T11:11:10+00:00","dateModified":"2025-09-17T11:32:35+00:00","inLanguage":"it-IT","potentialAction":[{"@type":"ReadAction","target":["https:\/\/www.hoteltaburiente.com\/it\/avviso-legale\/"]}]},{"@type":"WebSite","@id":"https:\/\/www.hoteltaburiente.com\/it\/#website","url":"https:\/\/www.hoteltaburiente.com\/it\/","name":"Hotel Taburiente","description":"Hotel Taburiente en Santa Cruz de Tenerife","publisher":{"@id":"https:\/\/www.hoteltaburiente.com\/it\/#organization"},"potentialAction":[{"@type":"SearchAction","target":{"@type":"EntryPoint","urlTemplate":"https:\/\/www.hoteltaburiente.com\/it\/?s={search_term_string}"},"query-input":{"@type":"PropertyValueSpecification","valueRequired":true,"valueName":"search_term_string"}}],"inLanguage":"it-IT"},{"@type":"Organization","@id":"https:\/\/www.hoteltaburiente.com\/it\/#organization","name":"Hotel Taburiente","url":"https:\/\/www.hoteltaburiente.com\/it\/","logo":{"@type":"ImageObject","inLanguage":"it-IT","@id":"https:\/\/www.hoteltaburiente.com\/it\/#\/schema\/logo\/image\/","url":"https:\/\/www.hoteltaburiente.com\/wp-content\/uploads\/2019\/03\/logo-hotel-taburiente.png","contentUrl":"https:\/\/www.hoteltaburiente.com\/wp-content\/uploads\/2019\/03\/logo-hotel-taburiente.png","width":1500,"height":300,"caption":"Hotel Taburiente"},"image":{"@id":"https:\/\/www.hoteltaburiente.com\/it\/#\/schema\/logo\/image\/"},"sameAs":["https:\/\/www.facebook.com\/hotel.Taburiente.Tenerife","https:\/\/x.com\/hoteltaburiente","https:\/\/www.instagram.com\/hoteltaburiente\/","https:\/\/www.linkedin.com\/company\/1683911\/admin\/","https:\/\/www.pinterest.es\/hoteltaburiente\/","https:\/\/www.youtube.com\/user\/HotelTaburiente"]}]}},"_links":{"self":[{"href":"https:\/\/www.hoteltaburiente.com\/it\/wp-json\/wp\/v2\/pages\/13136","targetHints":{"allow":["GET"]}}],"collection":[{"href":"https:\/\/www.hoteltaburiente.com\/it\/wp-json\/wp\/v2\/pages"}],"about":[{"href":"https:\/\/www.hoteltaburiente.com\/it\/wp-json\/wp\/v2\/types\/page"}],"author":[{"embeddable":true,"href":"https:\/\/www.hoteltaburiente.com\/it\/wp-json\/wp\/v2\/users\/12"}],"replies":[{"embeddable":true,"href":"https:\/\/www.hoteltaburiente.com\/it\/wp-json\/wp\/v2\/comments?post=13136"}],"version-history":[{"count":0,"href":"https:\/\/www.hoteltaburiente.com\/it\/wp-json\/wp\/v2\/pages\/13136\/revisions"}],"wp:attachment":[{"href":"https:\/\/www.hoteltaburiente.com\/it\/wp-json\/wp\/v2\/media?parent=13136"}],"curies":[{"name":"wp","href":"https:\/\/api.w.org\/{rel}","templated":true}]}}