{"id":5420,"date":"2020-04-07T13:19:06","date_gmt":"2020-04-07T13:19:06","guid":{"rendered":"https:\/\/develop2.hoteltaburiente.com\/?page_id=5420"},"modified":"2025-09-23T09:57:49","modified_gmt":"2025-09-23T09:57:49","slug":"hotel","status":"publish","type":"page","link":"https:\/\/www.hoteltaburiente.com\/it\/inizio\/hotel\/","title":{"rendered":"Hotel"},"content":{"rendered":"<div class=\"wpb-content-wrapper\"><p>[vc_row][vc_column width=&#8221;1\/2&#8243;][vc_column_text]L&#8217;Hotel Taburiente \u00e8 stato fondato nel 1966 con 45 camere e la categoria di un residence hotel a due stelle. Nel 1976 \u00e8 stato ampliato a 90 camere e presto \u00e8 diventato un hotel perch\u00e9 la categoria residence hotel \u00e8 scomparsa.<\/p>\n<p>&nbsp;<\/p>\n<p>Nel 1989 \u00e8 stata nuovamente estesa a 116 camere e ha intrapreso una riforma generale delle strutture, delle decorazioni e dei servizi. In questi anni ha fatto domanda per le tre stelle che gli sono state assegnate. Nel 2007 ha completato l&#8217;ultimo ampliamento e la ristrutturazione generale. Da allora ha avuto 165 camere.<\/p>\n<p>Santa Cruz de Tenerife si trova a nord-est dell&#8217;isola di Tenerife, essendo allo stesso tempo il capoluogo della provincia delle isole pi\u00f9 occidentali La Palma, La Gomera e El Hierro.<\/p>\n<p>&nbsp;<\/p>\n<p>La citt\u00e0 portuale confina con l&#8217;Atlantico e dista solo 7 km da una delle spiagge pi\u00f9 famose dell&#8217;isola, Las Teresitas, da dove si pu\u00f2 accedere facilmente anche al Parque Rural del Anaga, che \u00e8 una delle zone pi\u00f9 antiche di Tenerife con la sua foresta Laurisilva, che pu\u00f2 essere attraversata con una vasta rete di sentieri.<\/p>\n<p>&nbsp;<\/p>\n<p>Santa Cruz de Tenerife \u00e8 il centro economico e commerciale dell&#8217;isola, quindi accoglie soprattutto viaggiatori d&#8217;affari, ma offre anche una vasta gamma di offerte culturali, gastronomiche e storiche, che sono di interesse per i visitatori indipendenti, che cercano di mescolarsi con gli abitanti della citt\u00e0, per conoscere gli usi, le tradizioni e la vita quotidiana di questa citt\u00e0 contemporanea.[\/vc_column_text][\/vc_column][vc_column width=&#8221;1\/2&#8243;][vc_gallery type=&#8221;image_grid&#8221; images=&#8221;11909,11904,11899,11894,11889,11884&#8243; css=&#8221;&#8221;][\/vc_column][\/vc_row]<\/p>\n<\/div>","protected":false},"excerpt":{"rendered":"<p>[vc_row][vc_column width=&#8221;1\/2&#8243;][vc_column_text]L&#8217;Hotel Taburiente \u00e8 stato fondato nel 1966 con 45 camere e la categoria di un residence hotel a due stelle. Nel 1976 \u00e8 stato ampliato a 90 camere e presto \u00e8 diventato un hotel perch\u00e9 la categoria residence hotel \u00e8 scomparsa. &nbsp; Nel 1989 \u00e8 stata nuovamente estesa a 116 camere e ha intrapreso [&hellip;]<\/p>\n","protected":false},"author":1,"featured_media":2565,"parent":5410,"menu_order":1,"comment_status":"closed","ping_status":"closed","template":"","meta":{"_joinchat":[],"footnotes":""},"class_list":["post-5420","page","type-page","status-publish","has-post-thumbnail","hentry"],"yoast_head":"<!-- This site is optimized with the Yoast SEO Premium plugin v22.7 (Yoast SEO v27.5) - https:\/\/yoast.com\/product\/yoast-seo-premium-wordpress\/ -->\n<title>Storia dell&#039;Hotel Taburiente<\/title>\n<meta name=\"description\" content=\"Storia dell&#039;Hotel Taburiente a Santa Cruz de Tenerife. Fondato nel 1966. Attualmente dispone di 165 camere e quattro stelle.\" \/>\n<meta name=\"robots\" content=\"index, follow, max-snippet:-1, max-image-preview:large, max-video-preview:-1\" \/>\n<link rel=\"canonical\" href=\"https:\/\/www.hoteltaburiente.com\/it\/inizio\/hotel\/\" \/>\n<meta property=\"og:locale\" content=\"it_IT\" \/>\n<meta property=\"og:type\" content=\"article\" \/>\n<meta property=\"og:title\" content=\"Hotel\" \/>\n<meta property=\"og:description\" content=\"Storia dell&#039;Hotel Taburiente a Santa Cruz de Tenerife. Fondato nel 1966. Attualmente dispone di 165 camere e quattro stelle.\" \/>\n<meta property=\"og:url\" content=\"https:\/\/www.hoteltaburiente.com\/it\/inizio\/hotel\/\" \/>\n<meta property=\"og:site_name\" content=\"Hotel Taburiente\" \/>\n<meta property=\"article:publisher\" content=\"https:\/\/www.facebook.com\/hotel.Taburiente.Tenerife\" \/>\n<meta property=\"article:modified_time\" content=\"2025-09-23T09:57:49+00:00\" \/>\n<meta property=\"og:image\" content=\"https:\/\/www.hoteltaburiente.com\/wp-content\/uploads\/2019\/04\/hotel-taburiente-santa-cruz-de-tenerife-11.jpg\" \/>\n\t<meta property=\"og:image:width\" content=\"855\" \/>\n\t<meta property=\"og:image:height\" content=\"452\" \/>\n\t<meta property=\"og:image:type\" content=\"image\/jpeg\" \/>\n<meta name=\"twitter:card\" content=\"summary_large_image\" \/>\n<meta name=\"twitter:site\" content=\"@hoteltaburiente\" \/>\n<meta name=\"twitter:label1\" content=\"Tempo di lettura stimato\" \/>\n\t<meta name=\"twitter:data1\" content=\"3 minuti\" \/>\n<script type=\"application\/ld+json\" class=\"yoast-schema-graph\">{\"@context\":\"https:\\\/\\\/schema.org\",\"@graph\":[{\"@type\":\"WebPage\",\"@id\":\"https:\\\/\\\/www.hoteltaburiente.com\\\/it\\\/inizio\\\/hotel\\\/\",\"url\":\"https:\\\/\\\/www.hoteltaburiente.com\\\/it\\\/inizio\\\/hotel\\\/\",\"name\":\"Storia dell'Hotel Taburiente\",\"isPartOf\":{\"@id\":\"https:\\\/\\\/www.hoteltaburiente.com\\\/it\\\/#website\"},\"primaryImageOfPage\":{\"@id\":\"https:\\\/\\\/www.hoteltaburiente.com\\\/it\\\/inizio\\\/hotel\\\/#primaryimage\"},\"image\":{\"@id\":\"https:\\\/\\\/www.hoteltaburiente.com\\\/it\\\/inizio\\\/hotel\\\/#primaryimage\"},\"thumbnailUrl\":\"https:\\\/\\\/www.hoteltaburiente.com\\\/wp-content\\\/uploads\\\/2019\\\/04\\\/hotel-taburiente-santa-cruz-de-tenerife-11.jpg\",\"datePublished\":\"2020-04-07T13:19:06+00:00\",\"dateModified\":\"2025-09-23T09:57:49+00:00\",\"description\":\"Storia dell'Hotel Taburiente a Santa Cruz de Tenerife. Fondato nel 1966. Attualmente dispone di 165 camere e quattro stelle.\",\"breadcrumb\":{\"@id\":\"https:\\\/\\\/www.hoteltaburiente.com\\\/it\\\/inizio\\\/hotel\\\/#breadcrumb\"},\"inLanguage\":\"it-IT\",\"potentialAction\":[{\"@type\":\"ReadAction\",\"target\":[\"https:\\\/\\\/www.hoteltaburiente.com\\\/it\\\/inizio\\\/hotel\\\/\"]}]},{\"@type\":\"ImageObject\",\"inLanguage\":\"it-IT\",\"@id\":\"https:\\\/\\\/www.hoteltaburiente.com\\\/it\\\/inizio\\\/hotel\\\/#primaryimage\",\"url\":\"https:\\\/\\\/www.hoteltaburiente.com\\\/wp-content\\\/uploads\\\/2019\\\/04\\\/hotel-taburiente-santa-cruz-de-tenerife-11.jpg\",\"contentUrl\":\"https:\\\/\\\/www.hoteltaburiente.com\\\/wp-content\\\/uploads\\\/2019\\\/04\\\/hotel-taburiente-santa-cruz-de-tenerife-11.jpg\",\"width\":855,\"height\":452,\"caption\":\"Historia del Hotel Taburiente en Santa Cruz de Tenerife\"},{\"@type\":\"BreadcrumbList\",\"@id\":\"https:\\\/\\\/www.hoteltaburiente.com\\\/it\\\/inizio\\\/hotel\\\/#breadcrumb\",\"itemListElement\":[{\"@type\":\"ListItem\",\"position\":1,\"name\":\"Home\",\"item\":\"https:\\\/\\\/www.hoteltaburiente.com\\\/it\\\/\"},{\"@type\":\"ListItem\",\"position\":2,\"name\":\"Hotel\"}]},{\"@type\":\"WebSite\",\"@id\":\"https:\\\/\\\/www.hoteltaburiente.com\\\/it\\\/#website\",\"url\":\"https:\\\/\\\/www.hoteltaburiente.com\\\/it\\\/\",\"name\":\"Hotel Taburiente\",\"description\":\"Hotel Taburiente en Santa Cruz de Tenerife\",\"publisher\":{\"@id\":\"https:\\\/\\\/www.hoteltaburiente.com\\\/it\\\/#organization\"},\"potentialAction\":[{\"@type\":\"SearchAction\",\"target\":{\"@type\":\"EntryPoint\",\"urlTemplate\":\"https:\\\/\\\/www.hoteltaburiente.com\\\/it\\\/?s={search_term_string}\"},\"query-input\":{\"@type\":\"PropertyValueSpecification\",\"valueRequired\":true,\"valueName\":\"search_term_string\"}}],\"inLanguage\":\"it-IT\"},{\"@type\":\"Organization\",\"@id\":\"https:\\\/\\\/www.hoteltaburiente.com\\\/it\\\/#organization\",\"name\":\"Hotel Taburiente\",\"url\":\"https:\\\/\\\/www.hoteltaburiente.com\\\/it\\\/\",\"logo\":{\"@type\":\"ImageObject\",\"inLanguage\":\"it-IT\",\"@id\":\"https:\\\/\\\/www.hoteltaburiente.com\\\/it\\\/#\\\/schema\\\/logo\\\/image\\\/\",\"url\":\"https:\\\/\\\/www.hoteltaburiente.com\\\/wp-content\\\/uploads\\\/2019\\\/03\\\/logo-hotel-taburiente.png\",\"contentUrl\":\"https:\\\/\\\/www.hoteltaburiente.com\\\/wp-content\\\/uploads\\\/2019\\\/03\\\/logo-hotel-taburiente.png\",\"width\":1500,\"height\":300,\"caption\":\"Hotel Taburiente\"},\"image\":{\"@id\":\"https:\\\/\\\/www.hoteltaburiente.com\\\/it\\\/#\\\/schema\\\/logo\\\/image\\\/\"},\"sameAs\":[\"https:\\\/\\\/www.facebook.com\\\/hotel.Taburiente.Tenerife\",\"https:\\\/\\\/x.com\\\/hoteltaburiente\",\"https:\\\/\\\/www.instagram.com\\\/hoteltaburiente\\\/\",\"https:\\\/\\\/www.linkedin.com\\\/company\\\/1683911\\\/admin\\\/\",\"https:\\\/\\\/www.pinterest.es\\\/hoteltaburiente\\\/\",\"https:\\\/\\\/www.youtube.com\\\/user\\\/HotelTaburiente\"]}]}<\/script>\n<!-- \/ Yoast SEO Premium plugin. -->","yoast_head_json":{"title":"Storia dell'Hotel Taburiente","description":"Storia dell'Hotel Taburiente a Santa Cruz de Tenerife. Fondato nel 1966. Attualmente dispone di 165 camere e quattro stelle.","robots":{"index":"index","follow":"follow","max-snippet":"max-snippet:-1","max-image-preview":"max-image-preview:large","max-video-preview":"max-video-preview:-1"},"canonical":"https:\/\/www.hoteltaburiente.com\/it\/inizio\/hotel\/","og_locale":"it_IT","og_type":"article","og_title":"Hotel","og_description":"Storia dell'Hotel Taburiente a Santa Cruz de Tenerife. Fondato nel 1966. Attualmente dispone di 165 camere e quattro stelle.","og_url":"https:\/\/www.hoteltaburiente.com\/it\/inizio\/hotel\/","og_site_name":"Hotel Taburiente","article_publisher":"https:\/\/www.facebook.com\/hotel.Taburiente.Tenerife","article_modified_time":"2025-09-23T09:57:49+00:00","og_image":[{"width":855,"height":452,"url":"https:\/\/www.hoteltaburiente.com\/wp-content\/uploads\/2019\/04\/hotel-taburiente-santa-cruz-de-tenerife-11.jpg","type":"image\/jpeg"}],"twitter_card":"summary_large_image","twitter_site":"@hoteltaburiente","twitter_misc":{"Tempo di lettura stimato":"3 minuti"},"schema":{"@context":"https:\/\/schema.org","@graph":[{"@type":"WebPage","@id":"https:\/\/www.hoteltaburiente.com\/it\/inizio\/hotel\/","url":"https:\/\/www.hoteltaburiente.com\/it\/inizio\/hotel\/","name":"Storia dell'Hotel Taburiente","isPartOf":{"@id":"https:\/\/www.hoteltaburiente.com\/it\/#website"},"primaryImageOfPage":{"@id":"https:\/\/www.hoteltaburiente.com\/it\/inizio\/hotel\/#primaryimage"},"image":{"@id":"https:\/\/www.hoteltaburiente.com\/it\/inizio\/hotel\/#primaryimage"},"thumbnailUrl":"https:\/\/www.hoteltaburiente.com\/wp-content\/uploads\/2019\/04\/hotel-taburiente-santa-cruz-de-tenerife-11.jpg","datePublished":"2020-04-07T13:19:06+00:00","dateModified":"2025-09-23T09:57:49+00:00","description":"Storia dell'Hotel Taburiente a Santa Cruz de Tenerife. Fondato nel 1966. Attualmente dispone di 165 camere e quattro stelle.","breadcrumb":{"@id":"https:\/\/www.hoteltaburiente.com\/it\/inizio\/hotel\/#breadcrumb"},"inLanguage":"it-IT","potentialAction":[{"@type":"ReadAction","target":["https:\/\/www.hoteltaburiente.com\/it\/inizio\/hotel\/"]}]},{"@type":"ImageObject","inLanguage":"it-IT","@id":"https:\/\/www.hoteltaburiente.com\/it\/inizio\/hotel\/#primaryimage","url":"https:\/\/www.hoteltaburiente.com\/wp-content\/uploads\/2019\/04\/hotel-taburiente-santa-cruz-de-tenerife-11.jpg","contentUrl":"https:\/\/www.hoteltaburiente.com\/wp-content\/uploads\/2019\/04\/hotel-taburiente-santa-cruz-de-tenerife-11.jpg","width":855,"height":452,"caption":"Historia del Hotel Taburiente en Santa Cruz de Tenerife"},{"@type":"BreadcrumbList","@id":"https:\/\/www.hoteltaburiente.com\/it\/inizio\/hotel\/#breadcrumb","itemListElement":[{"@type":"ListItem","position":1,"name":"Home","item":"https:\/\/www.hoteltaburiente.com\/it\/"},{"@type":"ListItem","position":2,"name":"Hotel"}]},{"@type":"WebSite","@id":"https:\/\/www.hoteltaburiente.com\/it\/#website","url":"https:\/\/www.hoteltaburiente.com\/it\/","name":"Hotel Taburiente","description":"Hotel Taburiente en Santa Cruz de Tenerife","publisher":{"@id":"https:\/\/www.hoteltaburiente.com\/it\/#organization"},"potentialAction":[{"@type":"SearchAction","target":{"@type":"EntryPoint","urlTemplate":"https:\/\/www.hoteltaburiente.com\/it\/?s={search_term_string}"},"query-input":{"@type":"PropertyValueSpecification","valueRequired":true,"valueName":"search_term_string"}}],"inLanguage":"it-IT"},{"@type":"Organization","@id":"https:\/\/www.hoteltaburiente.com\/it\/#organization","name":"Hotel Taburiente","url":"https:\/\/www.hoteltaburiente.com\/it\/","logo":{"@type":"ImageObject","inLanguage":"it-IT","@id":"https:\/\/www.hoteltaburiente.com\/it\/#\/schema\/logo\/image\/","url":"https:\/\/www.hoteltaburiente.com\/wp-content\/uploads\/2019\/03\/logo-hotel-taburiente.png","contentUrl":"https:\/\/www.hoteltaburiente.com\/wp-content\/uploads\/2019\/03\/logo-hotel-taburiente.png","width":1500,"height":300,"caption":"Hotel Taburiente"},"image":{"@id":"https:\/\/www.hoteltaburiente.com\/it\/#\/schema\/logo\/image\/"},"sameAs":["https:\/\/www.facebook.com\/hotel.Taburiente.Tenerife","https:\/\/x.com\/hoteltaburiente","https:\/\/www.instagram.com\/hoteltaburiente\/","https:\/\/www.linkedin.com\/company\/1683911\/admin\/","https:\/\/www.pinterest.es\/hoteltaburiente\/","https:\/\/www.youtube.com\/user\/HotelTaburiente"]}]}},"_links":{"self":[{"href":"https:\/\/www.hoteltaburiente.com\/it\/wp-json\/wp\/v2\/pages\/5420","targetHints":{"allow":["GET"]}}],"collection":[{"href":"https:\/\/www.hoteltaburiente.com\/it\/wp-json\/wp\/v2\/pages"}],"about":[{"href":"https:\/\/www.hoteltaburiente.com\/it\/wp-json\/wp\/v2\/types\/page"}],"author":[{"embeddable":true,"href":"https:\/\/www.hoteltaburiente.com\/it\/wp-json\/wp\/v2\/users\/1"}],"replies":[{"embeddable":true,"href":"https:\/\/www.hoteltaburiente.com\/it\/wp-json\/wp\/v2\/comments?post=5420"}],"version-history":[{"count":0,"href":"https:\/\/www.hoteltaburiente.com\/it\/wp-json\/wp\/v2\/pages\/5420\/revisions"}],"up":[{"embeddable":true,"href":"https:\/\/www.hoteltaburiente.com\/it\/wp-json\/wp\/v2\/pages\/5410"}],"wp:featuredmedia":[{"embeddable":true,"href":"https:\/\/www.hoteltaburiente.com\/it\/wp-json\/wp\/v2\/media\/2565"}],"wp:attachment":[{"href":"https:\/\/www.hoteltaburiente.com\/it\/wp-json\/wp\/v2\/media?parent=5420"}],"curies":[{"name":"wp","href":"https:\/\/api.w.org\/{rel}","templated":true}]}}